{"id":8229,"date":"2024-05-13T16:27:50","date_gmt":"2024-05-13T15:27:50","guid":{"rendered":"https:\/\/extrugasa.disomnia.com\/industrie\/selbstfahrend"},"modified":"2026-02-23T17:20:57","modified_gmt":"2026-02-23T16:20:57","slug":"selbstfahrend","status":"publish","type":"page","link":"https:\/\/www.extrugasa.com\/de\/industrie\/selbstfahrend","title":{"rendered":"Selbstfahrend"},"content":{"rendered":"\t\t<div data-elementor-type=\"wp-page\" data-elementor-id=\"8229\" class=\"elementor elementor-8229 elementor-2331\" data-elementor-post-type=\"page\">\n\t\t\t\t<div class=\"elementor-element elementor-element-981d944 elementor-hidden-mobile e-flex e-con-boxed e-con e-parent\" data-id=\"981d944\" data-element_type=\"container\" data-settings=\"{&quot;jet_parallax_layout_list&quot;:[]}\">\n\t\t\t\t\t<div class=\"e-con-inner\">\n\t\t\t\t<div class=\"elementor-element elementor-element-9cd81c1 elementor-widget elementor-widget-breadcrumbs\" data-id=\"9cd81c1\" data-element_type=\"widget\" data-widget_type=\"breadcrumbs.default\">\n\t\t\t\t<div class=\"elementor-widget-container\">\n\t\t\t\t\t<p id=\"breadcrumbs\"><span><span><a href=\"https:\/\/www.extrugasa.com\/de\">Startseite<\/a><\/span><\/span><\/p>\t\t\t\t<\/div>\n\t\t\t\t<\/div>\n\t\t\t\t\t<\/div>\n\t\t\t\t<\/div>\n\t\t<div class=\"elementor-element elementor-element-7840f80 e-flex e-con-boxed e-con e-parent\" data-id=\"7840f80\" data-element_type=\"container\" data-settings=\"{&quot;background_background&quot;:&quot;classic&quot;,&quot;jet_parallax_layout_list&quot;:[]}\">\n\t\t\t\t\t<div class=\"e-con-inner\">\n\t\t\t\t<div class=\"elementor-element elementor-element-693f620 elementor-widget elementor-widget-heading\" data-id=\"693f620\" data-element_type=\"widget\" data-widget_type=\"heading.default\">\n\t\t\t\t<div class=\"elementor-widget-container\">\n\t\t\t\t\t<h1 class=\"elementor-heading-title elementor-size-default\">Aluminium f\u00fcr die Automobil<\/h1>\t\t\t\t<\/div>\n\t\t\t\t<\/div>\n\t\t\t\t\t<\/div>\n\t\t\t\t<\/div>\n\t\t<div class=\"elementor-element elementor-element-6d088ec e-flex e-con-boxed e-con e-parent\" data-id=\"6d088ec\" data-element_type=\"container\" data-settings=\"{&quot;background_background&quot;:&quot;classic&quot;,&quot;jet_parallax_layout_list&quot;:[]}\">\n\t\t\t\t\t<div class=\"e-con-inner\">\n\t\t<div class=\"elementor-element elementor-element-cbbad25 e-con-full e-flex e-con e-child\" data-id=\"cbbad25\" data-element_type=\"container\" data-settings=\"{&quot;background_background&quot;:&quot;classic&quot;,&quot;jet_parallax_layout_list&quot;:[]}\">\n\t\t\t\t<div class=\"elementor-element elementor-element-a3dbde7 elementor-widget elementor-widget-heading\" data-id=\"a3dbde7\" data-element_type=\"widget\" data-widget_type=\"heading.default\">\n\t\t\t\t<div class=\"elementor-widget-container\">\n\t\t\t\t\t<h2 class=\"elementor-heading-title elementor-size-default\">Aluminium-Extrusion f\u00fcr die Automobil<\/h2>\t\t\t\t<\/div>\n\t\t\t\t<\/div>\n\t\t\t\t<div class=\"elementor-element elementor-element-07b52cf elementor-widget elementor-widget-text-editor\" data-id=\"07b52cf\" data-element_type=\"widget\" data-widget_type=\"text-editor.default\">\n\t\t\t\t<div class=\"elementor-widget-container\">\n\t\t\t\t\t\t\t\t\t<p><strong>Aluminium ist in der automobilen Wertsch\u00f6pfungskette zunehmend pr\u00e4sent<\/strong> und einer der Gr\u00fcnde daf\u00fcr ist die Notwendigkeit, nachhaltiger zu sein, damit es zur Energieerneuerung und zur F\u00f6rderung einer effizienten Wirtschaft beitr\u00e4gt.<\/p>\n<p>Dar\u00fcber hinaus erm\u00f6glicht seine Leichtigkeit<strong> eine Optimierung des Designs und eine erhebliche Reduzierung des Gesamtgewichts, wodurch<\/strong> der Kraftstoffverbrauch gesenkt wird, und seine Widerstandsf\u00e4higkeit und Absorptionsf\u00e4higkeit machen ihn zu einem sichereren Transportmittel mit Schutzgarantien.<\/p>\n<p><strong>Vom Spoiler \u00fcber die elektrische Verkabelung bis hin zu den Batterien<\/strong>. Dies ist ein komplexer Bereich, in dem Pr\u00e4zision ein grundlegendes Merkmal ist, da die Komponenten die vom Kunden festgelegten Anforderungen erf\u00fcllen m\u00fcssen und die Summe der Toleranzen jedes Prozesses die des endg\u00fcltigen Teils nicht \u00fcberschreiten darf, damit alles passt.<\/p>\n\t\t\t\t\t\t\t\t<\/div>\n\t\t\t\t<\/div>\n\t\t\t\t<\/div>\n\t\t<div class=\"elementor-element elementor-element-e67abd5 e-con-full e-flex e-con e-child\" data-id=\"e67abd5\" data-element_type=\"container\" data-settings=\"{&quot;jet_parallax_layout_list&quot;:[],&quot;background_background&quot;:&quot;classic&quot;}\">\n\t\t\t\t<\/div>\n\t\t<div class=\"elementor-element elementor-element-83873a7 e-con-full elementor-hidden-tablet elementor-hidden-mobile e-flex e-con e-child\" data-id=\"83873a7\" data-element_type=\"container\" data-settings=\"{&quot;jet_parallax_layout_list&quot;:[]}\">\n\t\t\t\t<\/div>\n\t\t<div class=\"elementor-element elementor-element-7ff6db6 e-con-full e-flex e-con e-child\" data-id=\"7ff6db6\" data-element_type=\"container\" data-settings=\"{&quot;background_background&quot;:&quot;classic&quot;,&quot;jet_parallax_layout_list&quot;:[]}\">\n\t\t\t\t<div class=\"elementor-element elementor-element-40bcfce elementor-widget elementor-widget-heading\" data-id=\"40bcfce\" data-element_type=\"widget\" data-widget_type=\"heading.default\">\n\t\t\t\t<div class=\"elementor-widget-container\">\n\t\t\t\t\t<h2 class=\"elementor-heading-title elementor-size-default\">Wir kennen Ihre Priorit\u00e4ten<\/h2>\t\t\t\t<\/div>\n\t\t\t\t<\/div>\n\t\t\t\t<div class=\"elementor-element elementor-element-99a4090 elementor-icon-list--layout-traditional elementor-list-item-link-full_width elementor-widget elementor-widget-icon-list\" data-id=\"99a4090\" data-element_type=\"widget\" data-widget_type=\"icon-list.default\">\n\t\t\t\t<div class=\"elementor-widget-container\">\n\t\t\t\t\t\t\t<ul class=\"elementor-icon-list-items\">\n\t\t\t\t\t\t\t<li class=\"elementor-icon-list-item\">\n\t\t\t\t\t\t\t\t\t\t\t<span class=\"elementor-icon-list-icon\">\n\t\t\t\t\t\t\t<svg xmlns=\"http:\/\/www.w3.org\/2000\/svg\" width=\"10\" height=\"10\" viewBox=\"0 0 10 10\"><rect id=\"Rect&#xE1;ngulo_2692\" data-name=\"Rect&#xE1;ngulo 2692\" width=\"10\" height=\"10\" fill=\"#73cc35\"><\/rect><\/svg>\t\t\t\t\t\t<\/span>\n\t\t\t\t\t\t\t\t\t\t<span class=\"elementor-icon-list-text\">Vielseitigkeit und Formbarkeit des Materials, das verschiedene Designoptionen zur Entwicklung optimierter Fahrzeugformen erm\u00f6glicht.<\/span>\n\t\t\t\t\t\t\t\t\t<\/li>\n\t\t\t\t\t\t<\/ul>\n\t\t\t\t\t\t<\/div>\n\t\t\t\t<\/div>\n\t\t\t\t<div class=\"elementor-element elementor-element-280bbfb elementor-icon-list--layout-traditional elementor-list-item-link-full_width elementor-widget elementor-widget-icon-list\" data-id=\"280bbfb\" data-element_type=\"widget\" data-widget_type=\"icon-list.default\">\n\t\t\t\t<div class=\"elementor-widget-container\">\n\t\t\t\t\t\t\t<ul class=\"elementor-icon-list-items\">\n\t\t\t\t\t\t\t<li class=\"elementor-icon-list-item\">\n\t\t\t\t\t\t\t\t\t\t\t<span class=\"elementor-icon-list-icon\">\n\t\t\t\t\t\t\t<svg xmlns=\"http:\/\/www.w3.org\/2000\/svg\" width=\"10\" height=\"10\" viewBox=\"0 0 10 10\"><rect id=\"Rect&#xE1;ngulo_2692\" data-name=\"Rect&#xE1;ngulo 2692\" width=\"10\" height=\"10\" fill=\"#73cc35\"><\/rect><\/svg>\t\t\t\t\t\t<\/span>\n\t\t\t\t\t\t\t\t\t\t<span class=\"elementor-icon-list-text\">Gutes Verh\u00e4ltnis von Festigkeit zu Gewicht, so dass weniger Material Effizienz erreicht, insbesondere bei der Herstellung von Batterien, da diese aus mehr Elementen bestehen.<\/span>\n\t\t\t\t\t\t\t\t\t<\/li>\n\t\t\t\t\t\t<\/ul>\n\t\t\t\t\t\t<\/div>\n\t\t\t\t<\/div>\n\t\t\t\t<div class=\"elementor-element elementor-element-0fc8382 elementor-icon-list--layout-traditional elementor-list-item-link-full_width elementor-widget elementor-widget-icon-list\" data-id=\"0fc8382\" data-element_type=\"widget\" data-widget_type=\"icon-list.default\">\n\t\t\t\t<div class=\"elementor-widget-container\">\n\t\t\t\t\t\t\t<ul class=\"elementor-icon-list-items\">\n\t\t\t\t\t\t\t<li class=\"elementor-icon-list-item\">\n\t\t\t\t\t\t\t\t\t\t\t<span class=\"elementor-icon-list-icon\">\n\t\t\t\t\t\t\t<svg xmlns=\"http:\/\/www.w3.org\/2000\/svg\" width=\"10\" height=\"10\" viewBox=\"0 0 10 10\"><rect id=\"Rect&#xE1;ngulo_2692\" data-name=\"Rect&#xE1;ngulo 2692\" width=\"10\" height=\"10\" fill=\"#73cc35\"><\/rect><\/svg>\t\t\t\t\t\t<\/span>\n\t\t\t\t\t\t\t\t\t\t<span class=\"elementor-icon-list-text\">Mechanische Festigkeit, um die Lebensdauer des Fahrzeugs zu verl\u00e4ngern.<\/span>\n\t\t\t\t\t\t\t\t\t<\/li>\n\t\t\t\t\t\t<\/ul>\n\t\t\t\t\t\t<\/div>\n\t\t\t\t<\/div>\n\t\t\t\t<div class=\"elementor-element elementor-element-e1c76a1 elementor-icon-list--layout-traditional elementor-list-item-link-full_width elementor-widget elementor-widget-icon-list\" data-id=\"e1c76a1\" data-element_type=\"widget\" data-widget_type=\"icon-list.default\">\n\t\t\t\t<div class=\"elementor-widget-container\">\n\t\t\t\t\t\t\t<ul class=\"elementor-icon-list-items\">\n\t\t\t\t\t\t\t<li class=\"elementor-icon-list-item\">\n\t\t\t\t\t\t\t\t\t\t\t<span class=\"elementor-icon-list-icon\">\n\t\t\t\t\t\t\t<svg xmlns=\"http:\/\/www.w3.org\/2000\/svg\" width=\"10\" height=\"10\" viewBox=\"0 0 10 10\"><rect id=\"Rect&#xE1;ngulo_2692\" data-name=\"Rect&#xE1;ngulo 2692\" width=\"10\" height=\"10\" fill=\"#73cc35\"><\/rect><\/svg>\t\t\t\t\t\t<\/span>\n\t\t\t\t\t\t\t\t\t\t<span class=\"elementor-icon-list-text\">Bearbeitungsm\u00f6glichkeiten.<\/span>\n\t\t\t\t\t\t\t\t\t<\/li>\n\t\t\t\t\t\t<\/ul>\n\t\t\t\t\t\t<\/div>\n\t\t\t\t<\/div>\n\t\t\t\t<div class=\"elementor-element elementor-element-4052a5e elementor-icon-list--layout-traditional elementor-list-item-link-full_width elementor-widget elementor-widget-icon-list\" data-id=\"4052a5e\" data-element_type=\"widget\" data-widget_type=\"icon-list.default\">\n\t\t\t\t<div class=\"elementor-widget-container\">\n\t\t\t\t\t\t\t<ul class=\"elementor-icon-list-items\">\n\t\t\t\t\t\t\t<li class=\"elementor-icon-list-item\">\n\t\t\t\t\t\t\t\t\t\t\t<span class=\"elementor-icon-list-icon\">\n\t\t\t\t\t\t\t<svg xmlns=\"http:\/\/www.w3.org\/2000\/svg\" width=\"10\" height=\"10\" viewBox=\"0 0 10 10\"><rect id=\"Rect&#xE1;ngulo_2692\" data-name=\"Rect&#xE1;ngulo 2692\" width=\"10\" height=\"10\" fill=\"#73cc35\"><\/rect><\/svg>\t\t\t\t\t\t<\/span>\n\t\t\t\t\t\t\t\t\t\t<span class=\"elementor-icon-list-text\">Sicherheitsoptimierung.<\/span>\n\t\t\t\t\t\t\t\t\t<\/li>\n\t\t\t\t\t\t<\/ul>\n\t\t\t\t\t\t<\/div>\n\t\t\t\t<\/div>\n\t\t\t\t<div class=\"elementor-element elementor-element-d5f8a15 elementor-icon-list--layout-traditional elementor-list-item-link-full_width elementor-widget elementor-widget-icon-list\" data-id=\"d5f8a15\" data-element_type=\"widget\" data-widget_type=\"icon-list.default\">\n\t\t\t\t<div class=\"elementor-widget-container\">\n\t\t\t\t\t\t\t<ul class=\"elementor-icon-list-items\">\n\t\t\t\t\t\t\t<li class=\"elementor-icon-list-item\">\n\t\t\t\t\t\t\t\t\t\t\t<span class=\"elementor-icon-list-icon\">\n\t\t\t\t\t\t\t<svg xmlns=\"http:\/\/www.w3.org\/2000\/svg\" width=\"10\" height=\"10\" viewBox=\"0 0 10 10\"><rect id=\"Rect&#xE1;ngulo_2692\" data-name=\"Rect&#xE1;ngulo 2692\" width=\"10\" height=\"10\" fill=\"#73cc35\"><\/rect><\/svg>\t\t\t\t\t\t<\/span>\n\t\t\t\t\t\t\t\t\t\t<span class=\"elementor-icon-list-text\">Gutes Reflexionsverm\u00f6gen von Licht und W\u00e4rme.<\/span>\n\t\t\t\t\t\t\t\t\t<\/li>\n\t\t\t\t\t\t<\/ul>\n\t\t\t\t\t\t<\/div>\n\t\t\t\t<\/div>\n\t\t\t\t<\/div>\n\t\t\t\t\t<\/div>\n\t\t\t\t<\/div>\n\t\t<div class=\"elementor-element elementor-element-2bdaf50 e-flex e-con-boxed e-con e-parent\" data-id=\"2bdaf50\" data-element_type=\"container\" data-settings=\"{&quot;jet_parallax_layout_list&quot;:[]}\">\n\t\t\t\t\t<div class=\"e-con-inner\">\n\t\t\t\t<div class=\"elementor-element elementor-element-e7244d4 elementor-widget elementor-widget-heading\" data-id=\"e7244d4\" data-element_type=\"widget\" data-widget_type=\"heading.default\">\n\t\t\t\t<div class=\"elementor-widget-container\">\n\t\t\t\t\t<h2 class=\"elementor-heading-title elementor-size-default\">Wir bieten Ihnen L\u00f6sungen f\u00fcr die Herstellung Ihres Aluminiumteils<\/h2>\t\t\t\t<\/div>\n\t\t\t\t<\/div>\n\t\t\t\t\t<\/div>\n\t\t\t\t<\/div>\n\t\t<div class=\"elementor-element elementor-element-10b8ee2 e-flex e-con-boxed e-con e-parent\" data-id=\"10b8ee2\" data-element_type=\"container\" data-settings=\"{&quot;background_background&quot;:&quot;classic&quot;,&quot;jet_parallax_layout_list&quot;:[]}\">\n\t\t\t\t\t<div class=\"e-con-inner\">\n\t\t<div class=\"elementor-element elementor-element-8c58a71 e-con-full e-flex e-con e-child\" data-id=\"8c58a71\" data-element_type=\"container\" data-settings=\"{&quot;background_background&quot;:&quot;classic&quot;,&quot;jet_parallax_layout_list&quot;:[]}\">\n\t\t\t\t<div class=\"elementor-element elementor-element-8dfedd6 elementor-widget elementor-widget-heading\" data-id=\"8dfedd6\" data-element_type=\"widget\" data-widget_type=\"heading.default\">\n\t\t\t\t<div class=\"elementor-widget-container\">\n\t\t\t\t\t<h2 class=\"elementor-heading-title elementor-size-default\">Als erfahrener Zulieferer im Automobil bieten wir Ihnen:\n\n<\/h2>\t\t\t\t<\/div>\n\t\t\t\t<\/div>\n\t\t\t\t<div class=\"elementor-element elementor-element-1274976 elementor-icon-list--layout-traditional elementor-list-item-link-full_width elementor-widget elementor-widget-icon-list\" data-id=\"1274976\" data-element_type=\"widget\" data-widget_type=\"icon-list.default\">\n\t\t\t\t<div class=\"elementor-widget-container\">\n\t\t\t\t\t\t\t<ul class=\"elementor-icon-list-items\">\n\t\t\t\t\t\t\t<li class=\"elementor-icon-list-item\">\n\t\t\t\t\t\t\t\t\t\t\t<span class=\"elementor-icon-list-icon\">\n\t\t\t\t\t\t\t<svg xmlns=\"http:\/\/www.w3.org\/2000\/svg\" width=\"10\" height=\"10\" viewBox=\"0 0 10 10\"><rect id=\"Rect&#xE1;ngulo_2692\" data-name=\"Rect&#xE1;ngulo 2692\" width=\"10\" height=\"10\" fill=\"#73cc35\"><\/rect><\/svg>\t\t\t\t\t\t<\/span>\n\t\t\t\t\t\t\t\t\t\t<span class=\"elementor-icon-list-text\">Faktor Mensch:<\/span>\n\t\t\t\t\t\t\t\t\t<\/li>\n\t\t\t\t\t\t<\/ul>\n\t\t\t\t\t\t<\/div>\n\t\t\t\t<\/div>\n\t\t\t\t<div class=\"elementor-element elementor-element-df121f1 elementor-widget elementor-widget-text-editor\" data-id=\"df121f1\" data-element_type=\"widget\" data-widget_type=\"text-editor.default\">\n\t\t\t\t<div class=\"elementor-widget-container\">\n\t\t\t\t\t\t\t\t\t<ul>\n<li>Unser technisches Team <strong>untersucht die Machbarkeit Ihres Projekts und begleitet Sie w\u00e4hrend seiner Entwicklung<\/strong> durch t\u00e4gliche \u00dcberwachung und direkten Zugriff auf seine Entwicklung.<\/li>\n<li><strong>Die Qualit\u00e4tsabteilung ist f\u00fcr die Einhaltung von Vorschriften und strengen Toleranzen<\/strong> durch interne und externe Tests verantwortlich und befolgt branchenspezifische Verfahren und Kontrollen.<\/li>\n<\/ul>\n\t\t\t\t\t\t\t\t<\/div>\n\t\t\t\t<\/div>\n\t\t\t\t<div class=\"elementor-element elementor-element-0655203 elementor-icon-list--layout-traditional elementor-list-item-link-full_width elementor-widget elementor-widget-icon-list\" data-id=\"0655203\" data-element_type=\"widget\" data-widget_type=\"icon-list.default\">\n\t\t\t\t<div class=\"elementor-widget-container\">\n\t\t\t\t\t\t\t<ul class=\"elementor-icon-list-items\">\n\t\t\t\t\t\t\t<li class=\"elementor-icon-list-item\">\n\t\t\t\t\t\t\t\t\t\t\t<span class=\"elementor-icon-list-icon\">\n\t\t\t\t\t\t\t<svg xmlns=\"http:\/\/www.w3.org\/2000\/svg\" width=\"10\" height=\"10\" viewBox=\"0 0 10 10\"><rect id=\"Rect&#xE1;ngulo_2692\" data-name=\"Rect&#xE1;ngulo 2692\" width=\"10\" height=\"10\" fill=\"#73cc35\"><\/rect><\/svg>\t\t\t\t\t\t<\/span>\n\t\t\t\t\t\t\t\t\t\t<span class=\"elementor-icon-list-text\">Produktionskapazit\u00e4t:<\/span>\n\t\t\t\t\t\t\t\t\t<\/li>\n\t\t\t\t\t\t<\/ul>\n\t\t\t\t\t\t<\/div>\n\t\t\t\t<\/div>\n\t\t\t\t<div class=\"elementor-element elementor-element-6907c5a elementor-widget elementor-widget-text-editor\" data-id=\"6907c5a\" data-element_type=\"widget\" data-widget_type=\"text-editor.default\">\n\t\t\t\t<div class=\"elementor-widget-container\">\n\t\t\t\t\t\t\t\t\t<ul>\n<li><strong>Extrusion von Strukturprofilen<\/strong> in Kleinteile.<\/li>\n<li><strong>Pr\u00e4zision in Schneid- und Bearbeitungsprozessen<\/strong> mit branchenspezifischen Maschinen f\u00fcr eine ad\u00e4quate Anpassung bei der sp\u00e4teren Montage des Fahrzeugs.<\/li>\n<li>Verschiedene <strong>Veredelungsoptionen.<\/strong><\/li>\n<li><strong>Individuelle Referenzierung von Teilen<\/strong> mit R\u00fcckverfolgbarkeit.<\/li>\n<li>Lieferung von zus\u00e4tzlichem <strong>Zubeh\u00f6r<\/strong> .<\/li>\n<li><strong>Logistikdienstleistungen mit<\/strong> Mehrwegverpackung und Lieferung und Versand von Bestellungen gem\u00e4\u00df der festgelegten Vorlaufzeit.<\/li>\n<\/ul>\n\t\t\t\t\t\t\t\t<\/div>\n\t\t\t\t<\/div>\n\t\t\t\t<\/div>\n\t\t<div class=\"elementor-element elementor-element-70f8e09 e-con-full e-flex e-con e-child\" data-id=\"70f8e09\" data-element_type=\"container\" data-settings=\"{&quot;jet_parallax_layout_list&quot;:[],&quot;background_background&quot;:&quot;classic&quot;}\">\n\t\t\t\t<\/div>\n\t\t<div class=\"elementor-element elementor-element-571a091 e-con-full elementor-hidden-tablet elementor-hidden-mobile e-flex e-con e-child\" data-id=\"571a091\" data-element_type=\"container\" data-settings=\"{&quot;jet_parallax_layout_list&quot;:[]}\">\n\t\t\t\t<\/div>\n\t\t<div class=\"elementor-element elementor-element-32e7509 e-con-full e-flex e-con e-child\" data-id=\"32e7509\" data-element_type=\"container\" data-settings=\"{&quot;background_background&quot;:&quot;classic&quot;,&quot;jet_parallax_layout_list&quot;:[]}\">\n\t\t\t\t<div class=\"elementor-element elementor-element-674e029 elementor-widget elementor-widget-heading\" data-id=\"674e029\" data-element_type=\"widget\" data-widget_type=\"heading.default\">\n\t\t\t\t<div class=\"elementor-widget-container\">\n\t\t\t\t\t<h2 class=\"elementor-heading-title elementor-size-default\">Nachhaltiges Aluminium<\/h2>\t\t\t\t<\/div>\n\t\t\t\t<\/div>\n\t\t\t\t<div class=\"elementor-element elementor-element-f9d8dba elementor-widget elementor-widget-text-editor\" data-id=\"f9d8dba\" data-element_type=\"widget\" data-widget_type=\"text-editor.default\">\n\t\t\t\t<div class=\"elementor-widget-container\">\n\t\t\t\t\t\t\t\t\t<p>Eine der wichtigsten Herausforderungen der Automobilindustrie ist die<b> Einhaltung der <\/b>immer strengeren Vorschriften f\u00fcr umweltsch\u00e4dliche Gasemissionen.<\/p>\n<p>Die Kombination von Legierungen und verbesserten Fertigungstechniken hat die Verwendung<b>von Aluminium in Automobilen<\/b> sowie die Sorge der Gesellschaft um Nachhaltigkeit und Umweltauswirkungen gef\u00f6rdert.  <\/p>\n<p><b>So macht der zirkul\u00e4re Aluminiumproduktionsprozess, den wir bei Extrugasa entwickeln, das Material zu einer der beliebtesten L\u00f6sungen f\u00fcr die Mobilit\u00e4t der Zukunft.<\/b><\/p>\n<p>Dar\u00fcber hinaus gewinnen Elektroautos an Relevanz und Interesse und konkurrieren in ihrer Leistung mit Benzinfahrzeugen, die die gleichen Sicherheitsstandards erf\u00fcllen oder \u00fcbertreffen, so dass die <b>Verwendung eines nachhaltigen Materials bei ihrer Herstellung einen Differenzwert ergibt.<\/b><\/p>\n\t\t\t\t\t\t\t\t<\/div>\n\t\t\t\t<\/div>\n\t\t\t\t<\/div>\n\t\t\t\t\t<\/div>\n\t\t\t\t<\/div>\n\t\t\t\t<\/div>\n\t\t","protected":false},"excerpt":{"rendered":"<p>Aluminium f\u00fcr die Automobil Aluminium-Extrusion f\u00fcr die Automobil Aluminium ist in der automobilen Wertsch\u00f6pfungskette zunehmend pr\u00e4sent und einer der Gr\u00fcnde daf\u00fcr ist die Notwendigkeit, nachhaltiger zu sein, damit es zur Energieerneuerung und zur F\u00f6rderung einer effizienten Wirtschaft beitr\u00e4gt. Dar\u00fcber hinaus erm\u00f6glicht seine Leichtigkeit eine Optimierung des Designs und eine erhebliche Reduzierung des Gesamtgewichts, wodurch der [&hellip;]<\/p>\n","protected":false},"author":3,"featured_media":0,"parent":8183,"menu_order":0,"comment_status":"closed","ping_status":"closed","template":"","meta":{"_monsterinsights_skip_tracking":false,"_monsterinsights_sitenote_active":false,"_monsterinsights_sitenote_note":"","_monsterinsights_sitenote_category":0,"footnotes":""},"class_list":["post-8229","page","type-page","status-publish","hentry"],"yoast_head":"<!-- This site is optimized with the Yoast SEO plugin v27.5 - https:\/\/yoast.com\/product\/yoast-seo-wordpress\/ -->\n<title>Selbstfahrend - Extrugasa<\/title>\n<meta name=\"robots\" content=\"index, follow, max-snippet:-1, max-image-preview:large, max-video-preview:-1\" \/>\n<link rel=\"canonical\" href=\"https:\/\/www.extrugasa.com\/de\/industrie\/selbstfahrend\" \/>\n<meta property=\"og:locale\" content=\"de_DE\" \/>\n<meta property=\"og:type\" content=\"article\" \/>\n<meta property=\"og:title\" content=\"Selbstfahrend - Extrugasa\" \/>\n<meta property=\"og:description\" content=\"Aluminium f\u00fcr die Automobil Aluminium-Extrusion f\u00fcr die Automobil Aluminium ist in der automobilen Wertsch\u00f6pfungskette zunehmend pr\u00e4sent und einer der Gr\u00fcnde daf\u00fcr ist die Notwendigkeit, nachhaltiger zu sein, damit es zur Energieerneuerung und zur F\u00f6rderung einer effizienten Wirtschaft beitr\u00e4gt. Dar\u00fcber hinaus erm\u00f6glicht seine Leichtigkeit eine Optimierung des Designs und eine erhebliche Reduzierung des Gesamtgewichts, wodurch der [&hellip;]\" \/>\n<meta property=\"og:url\" content=\"https:\/\/www.extrugasa.com\/de\/industrie\/selbstfahrend\" \/>\n<meta property=\"og:site_name\" content=\"Extrugasa\" \/>\n<meta property=\"article:modified_time\" content=\"2026-02-23T16:20:57+00:00\" \/>\n<meta name=\"twitter:card\" content=\"summary_large_image\" \/>\n<meta name=\"twitter:label1\" content=\"Gesch\u00e4tzte Lesezeit\" \/>\n\t<meta name=\"twitter:data1\" content=\"2\u00a0Minuten\" \/>\n<script type=\"application\/ld+json\" class=\"yoast-schema-graph\">{\"@context\":\"https:\\\/\\\/schema.org\",\"@graph\":[{\"@type\":\"WebPage\",\"@id\":\"https:\\\/\\\/www.extrugasa.com\\\/de\\\/industrie\\\/selbstfahrend\",\"url\":\"https:\\\/\\\/www.extrugasa.com\\\/de\\\/industrie\\\/selbstfahrend\",\"name\":\"Selbstfahrend - Extrugasa\",\"isPartOf\":{\"@id\":\"https:\\\/\\\/www.extrugasa.com\\\/de#website\"},\"datePublished\":\"2024-05-13T15:27:50+00:00\",\"dateModified\":\"2026-02-23T16:20:57+00:00\",\"breadcrumb\":{\"@id\":\"https:\\\/\\\/www.extrugasa.com\\\/de\\\/industrie\\\/selbstfahrend#breadcrumb\"},\"inLanguage\":\"de\",\"potentialAction\":[{\"@type\":\"ReadAction\",\"target\":[\"https:\\\/\\\/www.extrugasa.com\\\/de\\\/industrie\\\/selbstfahrend\"]}]},{\"@type\":\"BreadcrumbList\",\"@id\":\"https:\\\/\\\/www.extrugasa.com\\\/de\\\/industrie\\\/selbstfahrend#breadcrumb\",\"itemListElement\":[{\"@type\":\"ListItem\",\"position\":1,\"name\":\"Startseite\",\"item\":\"https:\\\/\\\/www.extrugasa.com\\\/de\"},{\"@type\":\"ListItem\",\"position\":2,\"name\":\"Industrie\",\"item\":\"https:\\\/\\\/www.extrugasa.com\\\/de\\\/industrie\"},{\"@type\":\"ListItem\",\"position\":3,\"name\":\"Selbstfahrend\"}]},{\"@type\":\"WebSite\",\"@id\":\"https:\\\/\\\/www.extrugasa.com\\\/de#website\",\"url\":\"https:\\\/\\\/www.extrugasa.com\\\/de\",\"name\":\"Extrugasa\",\"description\":\"Proveedor de aluminio\",\"potentialAction\":[{\"@type\":\"SearchAction\",\"target\":{\"@type\":\"EntryPoint\",\"urlTemplate\":\"https:\\\/\\\/www.extrugasa.com\\\/de?s={search_term_string}\"},\"query-input\":{\"@type\":\"PropertyValueSpecification\",\"valueRequired\":true,\"valueName\":\"search_term_string\"}}],\"inLanguage\":\"de\"}]}<\/script>\n<!-- \/ Yoast SEO plugin. -->","yoast_head_json":{"title":"Selbstfahrend - Extrugasa","robots":{"index":"index","follow":"follow","max-snippet":"max-snippet:-1","max-image-preview":"max-image-preview:large","max-video-preview":"max-video-preview:-1"},"canonical":"https:\/\/www.extrugasa.com\/de\/industrie\/selbstfahrend","og_locale":"de_DE","og_type":"article","og_title":"Selbstfahrend - Extrugasa","og_description":"Aluminium f\u00fcr die Automobil Aluminium-Extrusion f\u00fcr die Automobil Aluminium ist in der automobilen Wertsch\u00f6pfungskette zunehmend pr\u00e4sent und einer der Gr\u00fcnde daf\u00fcr ist die Notwendigkeit, nachhaltiger zu sein, damit es zur Energieerneuerung und zur F\u00f6rderung einer effizienten Wirtschaft beitr\u00e4gt. Dar\u00fcber hinaus erm\u00f6glicht seine Leichtigkeit eine Optimierung des Designs und eine erhebliche Reduzierung des Gesamtgewichts, wodurch der [&hellip;]","og_url":"https:\/\/www.extrugasa.com\/de\/industrie\/selbstfahrend","og_site_name":"Extrugasa","article_modified_time":"2026-02-23T16:20:57+00:00","twitter_card":"summary_large_image","twitter_misc":{"Gesch\u00e4tzte Lesezeit":"2\u00a0Minuten"},"schema":{"@context":"https:\/\/schema.org","@graph":[{"@type":"WebPage","@id":"https:\/\/www.extrugasa.com\/de\/industrie\/selbstfahrend","url":"https:\/\/www.extrugasa.com\/de\/industrie\/selbstfahrend","name":"Selbstfahrend - Extrugasa","isPartOf":{"@id":"https:\/\/www.extrugasa.com\/de#website"},"datePublished":"2024-05-13T15:27:50+00:00","dateModified":"2026-02-23T16:20:57+00:00","breadcrumb":{"@id":"https:\/\/www.extrugasa.com\/de\/industrie\/selbstfahrend#breadcrumb"},"inLanguage":"de","potentialAction":[{"@type":"ReadAction","target":["https:\/\/www.extrugasa.com\/de\/industrie\/selbstfahrend"]}]},{"@type":"BreadcrumbList","@id":"https:\/\/www.extrugasa.com\/de\/industrie\/selbstfahrend#breadcrumb","itemListElement":[{"@type":"ListItem","position":1,"name":"Startseite","item":"https:\/\/www.extrugasa.com\/de"},{"@type":"ListItem","position":2,"name":"Industrie","item":"https:\/\/www.extrugasa.com\/de\/industrie"},{"@type":"ListItem","position":3,"name":"Selbstfahrend"}]},{"@type":"WebSite","@id":"https:\/\/www.extrugasa.com\/de#website","url":"https:\/\/www.extrugasa.com\/de","name":"Extrugasa","description":"Proveedor de aluminio","potentialAction":[{"@type":"SearchAction","target":{"@type":"EntryPoint","urlTemplate":"https:\/\/www.extrugasa.com\/de?s={search_term_string}"},"query-input":{"@type":"PropertyValueSpecification","valueRequired":true,"valueName":"search_term_string"}}],"inLanguage":"de"}]}},"_links":{"self":[{"href":"https:\/\/www.extrugasa.com\/de\/wp-json\/wp\/v2\/pages\/8229","targetHints":{"allow":["GET"]}}],"collection":[{"href":"https:\/\/www.extrugasa.com\/de\/wp-json\/wp\/v2\/pages"}],"about":[{"href":"https:\/\/www.extrugasa.com\/de\/wp-json\/wp\/v2\/types\/page"}],"author":[{"embeddable":true,"href":"https:\/\/www.extrugasa.com\/de\/wp-json\/wp\/v2\/users\/3"}],"replies":[{"embeddable":true,"href":"https:\/\/www.extrugasa.com\/de\/wp-json\/wp\/v2\/comments?post=8229"}],"version-history":[{"count":5,"href":"https:\/\/www.extrugasa.com\/de\/wp-json\/wp\/v2\/pages\/8229\/revisions"}],"predecessor-version":[{"id":9209,"href":"https:\/\/www.extrugasa.com\/de\/wp-json\/wp\/v2\/pages\/8229\/revisions\/9209"}],"up":[{"embeddable":true,"href":"https:\/\/www.extrugasa.com\/de\/wp-json\/wp\/v2\/pages\/8183"}],"wp:attachment":[{"href":"https:\/\/www.extrugasa.com\/de\/wp-json\/wp\/v2\/media?parent=8229"}],"curies":[{"name":"wp","href":"https:\/\/api.w.org\/{rel}","templated":true}]}}