{"id":8079,"date":"2024-05-13T14:44:47","date_gmt":"2024-05-13T13:44:47","guid":{"rendered":"https:\/\/extrugasa.disomnia.com\/professioneller-rundumschlag"},"modified":"2026-02-23T17:20:59","modified_gmt":"2026-02-23T16:20:59","slug":"professioneller-rundumschlag","status":"publish","type":"page","link":"https:\/\/www.extrugasa.com\/de\/professioneller-rundumschlag","title":{"rendered":"Professioneller Rundumschlag"},"content":{"rendered":"\t\t<div data-elementor-type=\"wp-page\" data-elementor-id=\"8079\" class=\"elementor elementor-8079 elementor-2200\" data-elementor-post-type=\"page\">\n\t\t\t\t<div class=\"elementor-element elementor-element-703d552 elementor-hidden-mobile e-flex e-con-boxed e-con e-parent\" data-id=\"703d552\" data-element_type=\"container\" data-settings=\"{&quot;jet_parallax_layout_list&quot;:[]}\">\n\t\t\t\t\t<div class=\"e-con-inner\">\n\t\t\t\t<div class=\"elementor-element elementor-element-0f67ffd elementor-widget elementor-widget-breadcrumbs\" data-id=\"0f67ffd\" data-element_type=\"widget\" data-widget_type=\"breadcrumbs.default\">\n\t\t\t\t<div class=\"elementor-widget-container\">\n\t\t\t\t\t<p id=\"breadcrumbs\"><span><span><a href=\"https:\/\/www.extrugasa.com\/de\">Startseite<\/a><\/span><\/span><\/p>\t\t\t\t<\/div>\n\t\t\t\t<\/div>\n\t\t\t\t\t<\/div>\n\t\t\t\t<\/div>\n\t\t<div class=\"elementor-element elementor-element-7840f80 e-flex e-con-boxed e-con e-parent\" data-id=\"7840f80\" data-element_type=\"container\" data-settings=\"{&quot;background_background&quot;:&quot;classic&quot;,&quot;jet_parallax_layout_list&quot;:[]}\">\n\t\t\t\t\t<div class=\"e-con-inner\">\n\t\t\t\t<div class=\"elementor-element elementor-element-693f620 elementor-widget elementor-widget-heading\" data-id=\"693f620\" data-element_type=\"widget\" data-widget_type=\"heading.default\">\n\t\t\t\t<div class=\"elementor-widget-container\">\n\t\t\t\t\t<h1 class=\"elementor-heading-title elementor-size-default\">Professioneller Rundumschlag<\/h1>\t\t\t\t<\/div>\n\t\t\t\t<\/div>\n\t\t\t\t\t<\/div>\n\t\t\t\t<\/div>\n\t\t<div class=\"elementor-element elementor-element-d883164 e-flex e-con-boxed e-con e-parent\" data-id=\"d883164\" data-element_type=\"container\" data-settings=\"{&quot;jet_parallax_layout_list&quot;:[]}\">\n\t\t\t\t\t<div class=\"e-con-inner\">\n\t\t<div class=\"elementor-element elementor-element-5d23b81 e-con-full e-flex e-con e-child\" data-id=\"5d23b81\" data-element_type=\"container\" data-settings=\"{&quot;background_background&quot;:&quot;classic&quot;,&quot;jet_parallax_layout_list&quot;:[]}\">\n\t\t\t\t<div class=\"elementor-element elementor-element-291e106 elementor-widget elementor-widget-heading\" data-id=\"291e106\" data-element_type=\"widget\" data-widget_type=\"heading.default\">\n\t\t\t\t<div class=\"elementor-widget-container\">\n\t\t\t\t\t<h2 class=\"elementor-heading-title elementor-size-default\">Architektonische H\u00fcllen\naus Aluminium<\/h2>\t\t\t\t<\/div>\n\t\t\t\t<\/div>\n\t\t\t\t<div class=\"elementor-element elementor-element-0085646 elementor-widget elementor-widget-text-editor\" data-id=\"0085646\" data-element_type=\"widget\" data-widget_type=\"text-editor.default\">\n\t\t\t\t<div class=\"elementor-widget-container\">\n\t\t\t\t\t\t\t\t\t<p>Bei Extrugasa bieten wir Ihnen eine breite Palette unserer eigenen Fassadentischlereisysteme an, die von unserem technischen Team entworfen oder nach Ma\u00df angefertigt werden und die Energieeffizienz Ihrer H\u00fclle garantieren.<\/p>\n\t\t\t\t\t\t\t\t<\/div>\n\t\t\t\t<\/div>\n\t\t\t\t<div class=\"elementor-element elementor-element-ccb15b5 elementor-widget elementor-widget-heading\" data-id=\"ccb15b5\" data-element_type=\"widget\" data-widget_type=\"heading.default\">\n\t\t\t\t<div class=\"elementor-widget-container\">\n\t\t\t\t\t<h4 class=\"elementor-heading-title elementor-size-default\">Wir bieten Ihnen:<\/h4>\t\t\t\t<\/div>\n\t\t\t\t<\/div>\n\t\t\t\t<div class=\"elementor-element elementor-element-d89cd62 elementor-position-left elementor-mobile-position-left elementor-view-default elementor-widget elementor-widget-icon-box\" data-id=\"d89cd62\" data-element_type=\"widget\" data-widget_type=\"icon-box.default\">\n\t\t\t\t<div class=\"elementor-widget-container\">\n\t\t\t\t\t\t\t<div class=\"elementor-icon-box-wrapper\">\n\n\t\t\t\t\t\t<div class=\"elementor-icon-box-icon\">\n\t\t\t\t<span  class=\"elementor-icon\">\n\t\t\t\t<svg xmlns=\"http:\/\/www.w3.org\/2000\/svg\" width=\"10\" height=\"10\" viewBox=\"0 0 10 10\"><rect id=\"Rect&#xE1;ngulo_2655\" data-name=\"Rect&#xE1;ngulo 2655\" width=\"10\" height=\"10\" fill=\"#fc651d\"><\/rect><\/svg>\t\t\t\t<\/span>\n\t\t\t<\/div>\n\t\t\t\n\t\t\t\t\t\t<div class=\"elementor-icon-box-content\">\n\n\t\t\t\t\t\t\t\t\t<h5 class=\"elementor-icon-box-title\">\n\t\t\t\t\t\t<span  >\n\t\t\t\t\t\t\tF+E+I-Abteilung:  \t\t\t\t\t\t<\/span>\n\t\t\t\t\t<\/h5>\n\t\t\t\t\n\t\t\t\t\t\t\t\t\t<p class=\"elementor-icon-box-description\">\n\t\t\t\t\t\tF\u00fcr die Entwicklung einzigartiger und ma\u00dfgeschneiderter Fassaden.\t\t\t\t\t<\/p>\n\t\t\t\t\n\t\t\t<\/div>\n\t\t\t\n\t\t<\/div>\n\t\t\t\t\t\t<\/div>\n\t\t\t\t<\/div>\n\t\t\t\t<div class=\"elementor-element elementor-element-be481fd elementor-position-left elementor-mobile-position-left elementor-view-default elementor-widget elementor-widget-icon-box\" data-id=\"be481fd\" data-element_type=\"widget\" data-widget_type=\"icon-box.default\">\n\t\t\t\t<div class=\"elementor-widget-container\">\n\t\t\t\t\t\t\t<div class=\"elementor-icon-box-wrapper\">\n\n\t\t\t\t\t\t<div class=\"elementor-icon-box-icon\">\n\t\t\t\t<span  class=\"elementor-icon\">\n\t\t\t\t<svg xmlns=\"http:\/\/www.w3.org\/2000\/svg\" width=\"10\" height=\"10\" viewBox=\"0 0 10 10\"><rect id=\"Rect&#xE1;ngulo_2655\" data-name=\"Rect&#xE1;ngulo 2655\" width=\"10\" height=\"10\" fill=\"#fc651d\"><\/rect><\/svg>\t\t\t\t<\/span>\n\t\t\t<\/div>\n\t\t\t\n\t\t\t\t\t\t<div class=\"elementor-icon-box-content\">\n\n\t\t\t\t\t\t\t\t\t<h5 class=\"elementor-icon-box-title\">\n\t\t\t\t\t\t<span  >\n\t\t\t\t\t\t\tGro\u00dfe Produktvielfalt\t\t\t\t\t\t<\/span>\n\t\t\t\t\t<\/h5>\n\t\t\t\t\n\t\t\t\t\t\t\t\t\t<p class=\"elementor-icon-box-description\">\n\t\t\t\t\t\tVon Sonnenschutzsystemen, Vorhangfassaden und Aufh\u00e4ngesystemen f\u00fcr hinterl\u00fcftete Fassaden.\t\t\t\t\t<\/p>\n\t\t\t\t\n\t\t\t<\/div>\n\t\t\t\n\t\t<\/div>\n\t\t\t\t\t\t<\/div>\n\t\t\t\t<\/div>\n\t\t\t\t<div class=\"elementor-element elementor-element-d373313 elementor-position-left elementor-mobile-position-left elementor-view-default elementor-widget elementor-widget-icon-box\" data-id=\"d373313\" data-element_type=\"widget\" data-widget_type=\"icon-box.default\">\n\t\t\t\t<div class=\"elementor-widget-container\">\n\t\t\t\t\t\t\t<div class=\"elementor-icon-box-wrapper\">\n\n\t\t\t\t\t\t<div class=\"elementor-icon-box-icon\">\n\t\t\t\t<span  class=\"elementor-icon\">\n\t\t\t\t<svg xmlns=\"http:\/\/www.w3.org\/2000\/svg\" width=\"10\" height=\"10\" viewBox=\"0 0 10 10\"><rect id=\"Rect&#xE1;ngulo_2655\" data-name=\"Rect&#xE1;ngulo 2655\" width=\"10\" height=\"10\" fill=\"#fc651d\"><\/rect><\/svg>\t\t\t\t<\/span>\n\t\t\t<\/div>\n\t\t\t\n\t\t\t\t\t\t<div class=\"elementor-icon-box-content\">\n\n\t\t\t\t\t\t\t\t\t<h5 class=\"elementor-icon-box-title\">\n\t\t\t\t\t\t<span  >\n\t\t\t\t\t\t\tEin kompletter Produktionszyklus\t\t\t\t\t\t<\/span>\n\t\t\t\t\t<\/h5>\n\t\t\t\t\n\t\t\t\t\t\t\t\t\t<p class=\"elementor-icon-box-description\">\n\t\t\t\t\t\tWir verf\u00fcgen \u00fcber eine gro\u00dfe Produktions- und Organisationskapazit\u00e4t f\u00fcr die Herstellung gro\u00dfer Profile und L\u00e4ngen.\n\t\t\t\t\t<\/p>\n\t\t\t\t\n\t\t\t<\/div>\n\t\t\t\n\t\t<\/div>\n\t\t\t\t\t\t<\/div>\n\t\t\t\t<\/div>\n\t\t\t\t<div class=\"elementor-element elementor-element-c60e8e2 elementor-position-left elementor-mobile-position-left elementor-view-default elementor-widget elementor-widget-icon-box\" data-id=\"c60e8e2\" data-element_type=\"widget\" data-widget_type=\"icon-box.default\">\n\t\t\t\t<div class=\"elementor-widget-container\">\n\t\t\t\t\t\t\t<div class=\"elementor-icon-box-wrapper\">\n\n\t\t\t\t\t\t<div class=\"elementor-icon-box-icon\">\n\t\t\t\t<span  class=\"elementor-icon\">\n\t\t\t\t<svg xmlns=\"http:\/\/www.w3.org\/2000\/svg\" width=\"10\" height=\"10\" viewBox=\"0 0 10 10\"><rect id=\"Rect&#xE1;ngulo_2655\" data-name=\"Rect&#xE1;ngulo 2655\" width=\"10\" height=\"10\" fill=\"#fc651d\"><\/rect><\/svg>\t\t\t\t<\/span>\n\t\t\t<\/div>\n\t\t\t\n\t\t\t\t\t\t<div class=\"elementor-icon-box-content\">\n\n\t\t\t\t\t\t\t\t\t<h5 class=\"elementor-icon-box-title\">\n\t\t\t\t\t\t<span  >\n\t\t\t\t\t\t\tNachhaltig\t\t\t\t\t\t<\/span>\n\t\t\t\t\t<\/h5>\n\t\t\t\t\n\t\t\t\t\t\t\t\t\t<p class=\"elementor-icon-box-description\">\n\t\t\t\t\t\tProjekte erfordern zunehmend Materialien, die mit einem geringen Kohlenstoff-Fu\u00dfabdruck, einer verbesserten Energieeffizienz ihrer H\u00fclle oder Zertifizierungen hergestellt werden. Deshalb schaffen wir bei Extrugasa nachhaltige Ma\u00dfnahmen, mit denen wir die Umweltbelastung reduzieren und uns f\u00fcr die Kreislaufwirtschaft einsetzen, mit nachhaltigen Prozessen wie dem Recycling von Aluminium mit unserer Gie\u00dferei.\n\t\t\t\t\t<\/p>\n\t\t\t\t\n\t\t\t<\/div>\n\t\t\t\n\t\t<\/div>\n\t\t\t\t\t\t<\/div>\n\t\t\t\t<\/div>\n\t\t\t\t<\/div>\n\t\t<div class=\"elementor-element elementor-element-66f3aa2 e-con-full e-flex e-con e-child\" data-id=\"66f3aa2\" data-element_type=\"container\" data-settings=\"{&quot;background_background&quot;:&quot;classic&quot;,&quot;jet_parallax_layout_list&quot;:[]}\">\n\t\t\t\t<\/div>\n\t\t\t\t\t<\/div>\n\t\t\t\t<\/div>\n\t\t<div class=\"elementor-element elementor-element-2bdaf50 e-flex e-con-boxed e-con e-parent\" data-id=\"2bdaf50\" data-element_type=\"container\" data-settings=\"{&quot;jet_parallax_layout_list&quot;:[]}\">\n\t\t\t\t\t<div class=\"e-con-inner\">\n\t\t\t\t<div class=\"elementor-element elementor-element-e7244d4 elementor-widget elementor-widget-heading\" data-id=\"e7244d4\" data-element_type=\"widget\" data-widget_type=\"heading.default\">\n\t\t\t\t<div class=\"elementor-widget-container\">\n\t\t\t\t\t<h2 class=\"elementor-heading-title elementor-size-default\">Extrugasa in den Projekten unserer Kunden<\/h2>\t\t\t\t<\/div>\n\t\t\t\t<\/div>\n\t\t\t\t\t<\/div>\n\t\t\t\t<\/div>\n\t\t<div class=\"elementor-element elementor-element-1c50572 e-flex e-con-boxed e-con e-parent\" data-id=\"1c50572\" data-element_type=\"container\" data-settings=\"{&quot;jet_parallax_layout_list&quot;:[]}\">\n\t\t\t\t\t<div class=\"e-con-inner\">\n\t\t<div class=\"elementor-element elementor-element-031e5b8 e-con-full e-flex e-con e-child\" data-id=\"031e5b8\" data-element_type=\"container\" data-settings=\"{&quot;background_background&quot;:&quot;classic&quot;,&quot;jet_parallax_layout_list&quot;:[]}\">\n\t\t\t\t<\/div>\n\t\t<div class=\"elementor-element elementor-element-17ea7f0 e-con-full e-flex e-con e-child\" data-id=\"17ea7f0\" data-element_type=\"container\" data-settings=\"{&quot;background_background&quot;:&quot;classic&quot;,&quot;jet_parallax_layout_list&quot;:[]}\">\n\t\t\t\t<div class=\"elementor-element elementor-element-8ec4bf5 elementor-widget elementor-widget-heading\" data-id=\"8ec4bf5\" data-element_type=\"widget\" data-widget_type=\"heading.default\">\n\t\t\t\t<div class=\"elementor-widget-container\">\n\t\t\t\t\t<h3 class=\"elementor-heading-title elementor-size-default\">Trespa<\/h3>\t\t\t\t<\/div>\n\t\t\t\t<\/div>\n\t\t\t\t<div class=\"elementor-element elementor-element-6e2ebd0 elementor-widget elementor-widget-heading\" data-id=\"6e2ebd0\" data-element_type=\"widget\" data-widget_type=\"heading.default\">\n\t\t\t\t<div class=\"elementor-widget-container\">\n\t\t\t\t\t<h4 class=\"elementor-heading-title elementor-size-default\">Gemeinsame Systementwicklung<\/h4>\t\t\t\t<\/div>\n\t\t\t\t<\/div>\n\t\t\t\t<div class=\"elementor-element elementor-element-f986de6 elementor-widget elementor-widget-text-editor\" data-id=\"f986de6\" data-element_type=\"widget\" data-widget_type=\"text-editor.default\">\n\t\t\t\t<div class=\"elementor-widget-container\">\n\t\t\t\t\t\t\t\t\t<p>Trespa ist ein internationales Unternehmen, das hochwertige Platten f\u00fcr Au\u00dfenverkleidungen und dekorative Fassaden entwickelt. Extrugasa beteiligt sich an der gemeinsamen Herstellung seiner Au\u00dfenpaneele durch die Entwicklung von Aluminium-Unterkonstruktionen in Zusammenarbeit mit dem technischen Team Extrugasa.<\/p>\n\t\t\t\t\t\t\t\t<\/div>\n\t\t\t\t<\/div>\n\t\t\t\t<div class=\"elementor-element elementor-element-5ac5426 elementor-widget elementor-widget-button\" data-id=\"5ac5426\" data-element_type=\"widget\" data-widget_type=\"button.default\">\n\t\t\t\t<div class=\"elementor-widget-container\">\n\t\t\t\t\t\t\t\t\t<div class=\"elementor-button-wrapper\">\n\t\t\t\t\t<a class=\"elementor-button elementor-button-link elementor-size-sm\" href=\"https:\/\/www.extrugasa.com\/de\/trespa\" target=\"_blank\">\n\t\t\t\t\t\t<span class=\"elementor-button-content-wrapper\">\n\t\t\t\t\t\t\t\t\t<span class=\"elementor-button-text\">+ Infos<\/span>\n\t\t\t\t\t<\/span>\n\t\t\t\t\t<\/a>\n\t\t\t\t<\/div>\n\t\t\t\t\t\t\t\t<\/div>\n\t\t\t\t<\/div>\n\t\t\t\t<\/div>\n\t\t\t\t\t<\/div>\n\t\t\t\t<\/div>\n\t\t<div class=\"elementor-element elementor-element-b317c72 e-flex e-con-boxed e-con e-parent\" data-id=\"b317c72\" data-element_type=\"container\" data-settings=\"{&quot;jet_parallax_layout_list&quot;:[]}\">\n\t\t\t\t\t<div class=\"e-con-inner\">\n\t\t<div class=\"elementor-element elementor-element-3bb7f73 e-con-full e-flex e-con e-child\" data-id=\"3bb7f73\" data-element_type=\"container\" data-settings=\"{&quot;background_background&quot;:&quot;classic&quot;,&quot;jet_parallax_layout_list&quot;:[]}\">\n\t\t\t\t<div class=\"elementor-element elementor-element-b38151e elementor-widget elementor-widget-heading\" data-id=\"b38151e\" data-element_type=\"widget\" data-widget_type=\"heading.default\">\n\t\t\t\t<div class=\"elementor-widget-container\">\n\t\t\t\t\t<h3 class=\"elementor-heading-title elementor-size-default\">Aluman<\/h3>\t\t\t\t<\/div>\n\t\t\t\t<\/div>\n\t\t\t\t<div class=\"elementor-element elementor-element-03470eb elementor-widget elementor-widget-heading\" data-id=\"03470eb\" data-element_type=\"widget\" data-widget_type=\"heading.default\">\n\t\t\t\t<div class=\"elementor-widget-container\">\n\t\t\t\t\t<h4 class=\"elementor-heading-title elementor-size-default\">Inditex-Hauptsitz<\/h4>\t\t\t\t<\/div>\n\t\t\t\t<\/div>\n\t\t\t\t<div class=\"elementor-element elementor-element-64b1685 elementor-widget elementor-widget-text-editor\" data-id=\"64b1685\" data-element_type=\"widget\" data-widget_type=\"text-editor.default\">\n\t\t\t\t<div class=\"elementor-widget-container\">\n\t\t\t\t\t\t\t\t\t<p>20.000 Quadratmeter Fassade mit den gr\u00f6\u00dften bisher gebauten Glasmodulen und einem leistungsstarken Extrugasa . An diesen Herausforderungen arbeitet Aluman im neuen Firmengeb\u00e4ude von Zara am Hauptsitz von Inditex, einem Ma\u00dfstab f\u00fcr nachhaltiges Design und Energieeffizienz.<\/p>\n\t\t\t\t\t\t\t\t<\/div>\n\t\t\t\t<\/div>\n\t\t\t\t<div class=\"elementor-element elementor-element-4b4f069 elementor-widget elementor-widget-button\" data-id=\"4b4f069\" data-element_type=\"widget\" data-widget_type=\"button.default\">\n\t\t\t\t<div class=\"elementor-widget-container\">\n\t\t\t\t\t\t\t\t\t<div class=\"elementor-button-wrapper\">\n\t\t\t\t\t<a class=\"elementor-button elementor-button-link elementor-size-sm\" href=\"https:\/\/www.extrugasa.com\/de\/aluman\" target=\"_blank\">\n\t\t\t\t\t\t<span class=\"elementor-button-content-wrapper\">\n\t\t\t\t\t\t\t\t\t<span class=\"elementor-button-text\">+ Infos<\/span>\n\t\t\t\t\t<\/span>\n\t\t\t\t\t<\/a>\n\t\t\t\t<\/div>\n\t\t\t\t\t\t\t\t<\/div>\n\t\t\t\t<\/div>\n\t\t\t\t<\/div>\n\t\t<div class=\"elementor-element elementor-element-7f25c82 e-con-full e-flex e-con e-child\" data-id=\"7f25c82\" data-element_type=\"container\" data-settings=\"{&quot;background_background&quot;:&quot;classic&quot;,&quot;jet_parallax_layout_list&quot;:[]}\">\n\t\t\t\t<\/div>\n\t\t\t\t\t<\/div>\n\t\t\t\t<\/div>\n\t\t\t\t<\/div>\n\t\t","protected":false},"excerpt":{"rendered":"<p>Professioneller Rundumschlag Architektonische H\u00fcllen aus Aluminium Bei Extrugasa bieten wir Ihnen eine breite Palette unserer eigenen Fassadentischlereisysteme an, die von unserem technischen Team entworfen oder nach Ma\u00df angefertigt werden und die Energieeffizienz Ihrer H\u00fclle garantieren. Wir bieten Ihnen: F+E+I-Abteilung: F\u00fcr die Entwicklung einzigartiger und ma\u00dfgeschneiderter Fassaden. Gro\u00dfe Produktvielfalt Von Sonnenschutzsystemen, Vorhangfassaden und Aufh\u00e4ngesystemen f\u00fcr hinterl\u00fcftete [&hellip;]<\/p>\n","protected":false},"author":3,"featured_media":0,"parent":0,"menu_order":0,"comment_status":"closed","ping_status":"closed","template":"","meta":{"_monsterinsights_skip_tracking":false,"_monsterinsights_sitenote_active":false,"_monsterinsights_sitenote_note":"","_monsterinsights_sitenote_category":0,"footnotes":""},"class_list":["post-8079","page","type-page","status-publish","hentry"],"yoast_head":"<!-- This site is optimized with the Yoast SEO plugin v27.4 - https:\/\/yoast.com\/product\/yoast-seo-wordpress\/ -->\n<title>Professioneller Rundumschlag - Extrugasa<\/title>\n<meta name=\"robots\" content=\"index, follow, max-snippet:-1, max-image-preview:large, max-video-preview:-1\" \/>\n<link rel=\"canonical\" href=\"https:\/\/www.extrugasa.com\/de\/professioneller-rundumschlag\" \/>\n<meta property=\"og:locale\" content=\"de_DE\" \/>\n<meta property=\"og:type\" content=\"article\" \/>\n<meta property=\"og:title\" content=\"Professioneller Rundumschlag - Extrugasa\" \/>\n<meta property=\"og:description\" content=\"Professioneller Rundumschlag Architektonische H\u00fcllen aus Aluminium Bei Extrugasa bieten wir Ihnen eine breite Palette unserer eigenen Fassadentischlereisysteme an, die von unserem technischen Team entworfen oder nach Ma\u00df angefertigt werden und die Energieeffizienz Ihrer H\u00fclle garantieren. Wir bieten Ihnen: F+E+I-Abteilung: F\u00fcr die Entwicklung einzigartiger und ma\u00dfgeschneiderter Fassaden. Gro\u00dfe Produktvielfalt Von Sonnenschutzsystemen, Vorhangfassaden und Aufh\u00e4ngesystemen f\u00fcr hinterl\u00fcftete [&hellip;]\" \/>\n<meta property=\"og:url\" content=\"https:\/\/www.extrugasa.com\/de\/professioneller-rundumschlag\" \/>\n<meta property=\"og:site_name\" content=\"Extrugasa\" \/>\n<meta property=\"article:modified_time\" content=\"2026-02-23T16:20:59+00:00\" \/>\n<meta name=\"twitter:card\" content=\"summary_large_image\" \/>\n<meta name=\"twitter:label1\" content=\"Gesch\u00e4tzte Lesezeit\" \/>\n\t<meta name=\"twitter:data1\" content=\"1\u00a0Minute\" \/>\n<script type=\"application\/ld+json\" class=\"yoast-schema-graph\">{\"@context\":\"https:\\\/\\\/schema.org\",\"@graph\":[{\"@type\":\"WebPage\",\"@id\":\"https:\\\/\\\/www.extrugasa.com\\\/de\\\/professioneller-rundumschlag\",\"url\":\"https:\\\/\\\/www.extrugasa.com\\\/de\\\/professioneller-rundumschlag\",\"name\":\"Professioneller Rundumschlag - Extrugasa\",\"isPartOf\":{\"@id\":\"https:\\\/\\\/www.extrugasa.com\\\/de#website\"},\"datePublished\":\"2024-05-13T13:44:47+00:00\",\"dateModified\":\"2026-02-23T16:20:59+00:00\",\"breadcrumb\":{\"@id\":\"https:\\\/\\\/www.extrugasa.com\\\/de\\\/professioneller-rundumschlag#breadcrumb\"},\"inLanguage\":\"de\",\"potentialAction\":[{\"@type\":\"ReadAction\",\"target\":[\"https:\\\/\\\/www.extrugasa.com\\\/de\\\/professioneller-rundumschlag\"]}]},{\"@type\":\"BreadcrumbList\",\"@id\":\"https:\\\/\\\/www.extrugasa.com\\\/de\\\/professioneller-rundumschlag#breadcrumb\",\"itemListElement\":[{\"@type\":\"ListItem\",\"position\":1,\"name\":\"Startseite\",\"item\":\"https:\\\/\\\/www.extrugasa.com\\\/de\"},{\"@type\":\"ListItem\",\"position\":2,\"name\":\"Professioneller Rundumschlag\"}]},{\"@type\":\"WebSite\",\"@id\":\"https:\\\/\\\/www.extrugasa.com\\\/de#website\",\"url\":\"https:\\\/\\\/www.extrugasa.com\\\/de\",\"name\":\"Extrugasa\",\"description\":\"Proveedor de aluminio\",\"potentialAction\":[{\"@type\":\"SearchAction\",\"target\":{\"@type\":\"EntryPoint\",\"urlTemplate\":\"https:\\\/\\\/www.extrugasa.com\\\/de?s={search_term_string}\"},\"query-input\":{\"@type\":\"PropertyValueSpecification\",\"valueRequired\":true,\"valueName\":\"search_term_string\"}}],\"inLanguage\":\"de\"}]}<\/script>\n<!-- \/ Yoast SEO plugin. -->","yoast_head_json":{"title":"Professioneller Rundumschlag - Extrugasa","robots":{"index":"index","follow":"follow","max-snippet":"max-snippet:-1","max-image-preview":"max-image-preview:large","max-video-preview":"max-video-preview:-1"},"canonical":"https:\/\/www.extrugasa.com\/de\/professioneller-rundumschlag","og_locale":"de_DE","og_type":"article","og_title":"Professioneller Rundumschlag - Extrugasa","og_description":"Professioneller Rundumschlag Architektonische H\u00fcllen aus Aluminium Bei Extrugasa bieten wir Ihnen eine breite Palette unserer eigenen Fassadentischlereisysteme an, die von unserem technischen Team entworfen oder nach Ma\u00df angefertigt werden und die Energieeffizienz Ihrer H\u00fclle garantieren. Wir bieten Ihnen: F+E+I-Abteilung: F\u00fcr die Entwicklung einzigartiger und ma\u00dfgeschneiderter Fassaden. Gro\u00dfe Produktvielfalt Von Sonnenschutzsystemen, Vorhangfassaden und Aufh\u00e4ngesystemen f\u00fcr hinterl\u00fcftete [&hellip;]","og_url":"https:\/\/www.extrugasa.com\/de\/professioneller-rundumschlag","og_site_name":"Extrugasa","article_modified_time":"2026-02-23T16:20:59+00:00","twitter_card":"summary_large_image","twitter_misc":{"Gesch\u00e4tzte Lesezeit":"1\u00a0Minute"},"schema":{"@context":"https:\/\/schema.org","@graph":[{"@type":"WebPage","@id":"https:\/\/www.extrugasa.com\/de\/professioneller-rundumschlag","url":"https:\/\/www.extrugasa.com\/de\/professioneller-rundumschlag","name":"Professioneller Rundumschlag - Extrugasa","isPartOf":{"@id":"https:\/\/www.extrugasa.com\/de#website"},"datePublished":"2024-05-13T13:44:47+00:00","dateModified":"2026-02-23T16:20:59+00:00","breadcrumb":{"@id":"https:\/\/www.extrugasa.com\/de\/professioneller-rundumschlag#breadcrumb"},"inLanguage":"de","potentialAction":[{"@type":"ReadAction","target":["https:\/\/www.extrugasa.com\/de\/professioneller-rundumschlag"]}]},{"@type":"BreadcrumbList","@id":"https:\/\/www.extrugasa.com\/de\/professioneller-rundumschlag#breadcrumb","itemListElement":[{"@type":"ListItem","position":1,"name":"Startseite","item":"https:\/\/www.extrugasa.com\/de"},{"@type":"ListItem","position":2,"name":"Professioneller Rundumschlag"}]},{"@type":"WebSite","@id":"https:\/\/www.extrugasa.com\/de#website","url":"https:\/\/www.extrugasa.com\/de","name":"Extrugasa","description":"Proveedor de aluminio","potentialAction":[{"@type":"SearchAction","target":{"@type":"EntryPoint","urlTemplate":"https:\/\/www.extrugasa.com\/de?s={search_term_string}"},"query-input":{"@type":"PropertyValueSpecification","valueRequired":true,"valueName":"search_term_string"}}],"inLanguage":"de"}]}},"_links":{"self":[{"href":"https:\/\/www.extrugasa.com\/de\/wp-json\/wp\/v2\/pages\/8079","targetHints":{"allow":["GET"]}}],"collection":[{"href":"https:\/\/www.extrugasa.com\/de\/wp-json\/wp\/v2\/pages"}],"about":[{"href":"https:\/\/www.extrugasa.com\/de\/wp-json\/wp\/v2\/types\/page"}],"author":[{"embeddable":true,"href":"https:\/\/www.extrugasa.com\/de\/wp-json\/wp\/v2\/users\/3"}],"replies":[{"embeddable":true,"href":"https:\/\/www.extrugasa.com\/de\/wp-json\/wp\/v2\/comments?post=8079"}],"version-history":[{"count":1,"href":"https:\/\/www.extrugasa.com\/de\/wp-json\/wp\/v2\/pages\/8079\/revisions"}],"predecessor-version":[{"id":8082,"href":"https:\/\/www.extrugasa.com\/de\/wp-json\/wp\/v2\/pages\/8079\/revisions\/8082"}],"wp:attachment":[{"href":"https:\/\/www.extrugasa.com\/de\/wp-json\/wp\/v2\/media?parent=8079"}],"curies":[{"name":"wp","href":"https:\/\/api.w.org\/{rel}","templated":true}]}}