{"id":8059,"date":"2024-05-20T11:27:24","date_gmt":"2024-05-20T10:27:24","guid":{"rendered":"https:\/\/extrugasa.disomnia.com\/architektur-oder-bauwesen"},"modified":"2026-02-23T17:19:37","modified_gmt":"2026-02-23T16:19:37","slug":"architektur-oder-bauwesen","status":"publish","type":"page","link":"https:\/\/www.extrugasa.com\/de\/architektur-oder-bauwesen","title":{"rendered":"Architektur oder Bauwesen"},"content":{"rendered":"\t\t<div data-elementor-type=\"wp-page\" data-elementor-id=\"8059\" class=\"elementor elementor-8059 elementor-3283\" data-elementor-post-type=\"page\">\n\t\t\t\t<div class=\"elementor-element elementor-element-8c30306 elementor-hidden-mobile e-flex e-con-boxed e-con e-parent\" data-id=\"8c30306\" data-element_type=\"container\" data-settings=\"{&quot;jet_parallax_layout_list&quot;:[]}\">\n\t\t\t\t\t<div class=\"e-con-inner\">\n\t\t\t\t<div class=\"elementor-element elementor-element-725fa89 elementor-widget elementor-widget-breadcrumbs\" data-id=\"725fa89\" data-element_type=\"widget\" data-widget_type=\"breadcrumbs.default\">\n\t\t\t\t<div class=\"elementor-widget-container\">\n\t\t\t\t\t<p id=\"breadcrumbs\"><span><span><a href=\"https:\/\/www.extrugasa.com\/de\">Startseite<\/a><\/span><\/span><\/p>\t\t\t\t<\/div>\n\t\t\t\t<\/div>\n\t\t\t\t\t<\/div>\n\t\t\t\t<\/div>\n\t\t<div class=\"elementor-element elementor-element-bd08dce e-flex e-con-boxed e-con e-parent\" data-id=\"bd08dce\" data-element_type=\"container\" data-settings=\"{&quot;background_background&quot;:&quot;classic&quot;,&quot;jet_parallax_layout_list&quot;:[]}\">\n\t\t\t\t\t<div class=\"e-con-inner\">\n\t\t\t\t<div class=\"elementor-element elementor-element-035120a elementor-widget elementor-widget-heading\" data-id=\"035120a\" data-element_type=\"widget\" data-widget_type=\"heading.default\">\n\t\t\t\t<div class=\"elementor-widget-container\">\n\t\t\t\t\t<h1 class=\"elementor-heading-title elementor-size-default\">Aluminiumsysteme f\u00fcr die Architektur<\/h1>\t\t\t\t<\/div>\n\t\t\t\t<\/div>\n\t\t\t\t\t<\/div>\n\t\t\t\t<\/div>\n\t\t<div class=\"elementor-element elementor-element-627fbcf e-flex e-con-boxed e-con e-parent\" data-id=\"627fbcf\" data-element_type=\"container\" data-settings=\"{&quot;jet_parallax_layout_list&quot;:[]}\">\n\t\t\t\t\t<div class=\"e-con-inner\">\n\t\t<div class=\"elementor-element elementor-element-95fea1f e-con-full e-flex e-con e-child\" data-id=\"95fea1f\" data-element_type=\"container\" data-settings=\"{&quot;background_background&quot;:&quot;classic&quot;,&quot;jet_parallax_layout_list&quot;:[]}\">\n\t\t\t\t<div class=\"elementor-element elementor-element-1132b87 elementor-widget elementor-widget-heading\" data-id=\"1132b87\" data-element_type=\"widget\" data-widget_type=\"heading.default\">\n\t\t\t\t<div class=\"elementor-widget-container\">\n\t\t\t\t\t<h2 class=\"elementor-heading-title elementor-size-default\">Holzbearbeitungssysteme in\nAluminium f\u00fcr Ihr Projekt\nGeb\u00e4ude\n\n<\/h2>\t\t\t\t<\/div>\n\t\t\t\t<\/div>\n\t\t\t\t<div class=\"elementor-element elementor-element-e55a4e0 elementor-widget elementor-widget-text-editor\" data-id=\"e55a4e0\" data-element_type=\"widget\" data-widget_type=\"text-editor.default\">\n\t\t\t\t<div class=\"elementor-widget-container\">\n\t\t\t\t\t\t\t\t\t<p>Bei Extrugasa entwerfen wir unsere eigenen Aluminium-Tischlereisysteme oder passen sie an Ihr Bauprojekt an, egal ob es sich um Neubau oder Umbau handelt.<\/p>\n\t\t\t\t\t\t\t\t<\/div>\n\t\t\t\t<\/div>\n\t\t\t\t<div class=\"elementor-element elementor-element-0fc1f69 elementor-widget elementor-widget-heading\" data-id=\"0fc1f69\" data-element_type=\"widget\" data-widget_type=\"heading.default\">\n\t\t\t\t<div class=\"elementor-widget-container\">\n\t\t\t\t\t<h4 class=\"elementor-heading-title elementor-size-default\">Wir bieten Ihnen:<\/h4>\t\t\t\t<\/div>\n\t\t\t\t<\/div>\n\t\t\t\t<div class=\"elementor-element elementor-element-28f27d5 elementor-position-left elementor-mobile-position-left elementor-view-default elementor-widget elementor-widget-icon-box\" data-id=\"28f27d5\" data-element_type=\"widget\" data-widget_type=\"icon-box.default\">\n\t\t\t\t<div class=\"elementor-widget-container\">\n\t\t\t\t\t\t\t<div class=\"elementor-icon-box-wrapper\">\n\n\t\t\t\t\t\t<div class=\"elementor-icon-box-icon\">\n\t\t\t\t<span  class=\"elementor-icon\">\n\t\t\t\t<svg xmlns=\"http:\/\/www.w3.org\/2000\/svg\" width=\"10\" height=\"10\" viewBox=\"0 0 10 10\"><rect id=\"Rect&#xE1;ngulo_2655\" data-name=\"Rect&#xE1;ngulo 2655\" width=\"10\" height=\"10\" fill=\"#fc651d\"><\/rect><\/svg>\t\t\t\t<\/span>\n\t\t\t<\/div>\n\t\t\t\n\t\t\t\t\t\t<div class=\"elementor-icon-box-content\">\n\n\t\t\t\t\t\t\t\t\t<h3 class=\"elementor-icon-box-title\">\n\t\t\t\t\t\t<span  >\n\t\t\t\t\t\t\tTechnischer und kaufm\u00e4nnischer Support\t\t\t\t\t\t<\/span>\n\t\t\t\t\t<\/h3>\n\t\t\t\t\n\t\t\t\t\t\t\t\t\t<p class=\"elementor-icon-box-description\">\n\t\t\t\t\t\t- Vorbereitung der Dokumentation f\u00fcr Ihr Projekt: technische Daten, Baudokumentation, technische Datenbl\u00e4tter, BIM-Dateien, Zimmereibericht und Installationsdetails f\u00fcr die grafische Dokumentation.\n<br>- Pers\u00f6nliche Beratung.\n<br>- Verschreibungspflichtiger Service\n\t\t\t\t\t<\/p>\n\t\t\t\t\n\t\t\t<\/div>\n\t\t\t\n\t\t<\/div>\n\t\t\t\t\t\t<\/div>\n\t\t\t\t<\/div>\n\t\t\t\t<div class=\"elementor-element elementor-element-4e210c6 elementor-position-left elementor-mobile-position-left elementor-view-default elementor-widget elementor-widget-icon-box\" data-id=\"4e210c6\" data-element_type=\"widget\" data-widget_type=\"icon-box.default\">\n\t\t\t\t<div class=\"elementor-widget-container\">\n\t\t\t\t\t\t\t<div class=\"elementor-icon-box-wrapper\">\n\n\t\t\t\t\t\t<div class=\"elementor-icon-box-icon\">\n\t\t\t\t<span  class=\"elementor-icon\">\n\t\t\t\t<svg xmlns=\"http:\/\/www.w3.org\/2000\/svg\" width=\"10\" height=\"10\" viewBox=\"0 0 10 10\"><rect id=\"Rect&#xE1;ngulo_2655\" data-name=\"Rect&#xE1;ngulo 2655\" width=\"10\" height=\"10\" fill=\"#fc651d\"><\/rect><\/svg>\t\t\t\t<\/span>\n\t\t\t<\/div>\n\t\t\t\n\t\t\t\t\t\t<div class=\"elementor-icon-box-content\">\n\n\t\t\t\t\t\t\t\t\t<h3 class=\"elementor-icon-box-title\">\n\t\t\t\t\t\t<span  >\n\t\t\t\t\t\t\tGro\u00dfe Produktvielfalt\t\t\t\t\t\t<\/span>\n\t\t\t\t\t<\/h3>\n\t\t\t\t\n\t\t\t\t\t\t\t\t\t<p class=\"elementor-icon-box-description\">\n\t\t\t\t\t\tVon unserem technischen B\u00fcro aus bieten wir Ihnen bereits entwickelte Systeme f\u00fcr Fenster, Fassaden, Sonnenschutz, Innenarchitektur an oder wir entwerfen eine auf Ihr Projekt zugeschnittene L\u00f6sung.  \n\t\t\t\t\t<\/p>\n\t\t\t\t\n\t\t\t<\/div>\n\t\t\t\n\t\t<\/div>\n\t\t\t\t\t\t<\/div>\n\t\t\t\t<\/div>\n\t\t\t\t<div class=\"elementor-element elementor-element-3ce8bd3 elementor-position-left elementor-mobile-position-left elementor-view-default elementor-widget elementor-widget-icon-box\" data-id=\"3ce8bd3\" data-element_type=\"widget\" data-widget_type=\"icon-box.default\">\n\t\t\t\t<div class=\"elementor-widget-container\">\n\t\t\t\t\t\t\t<div class=\"elementor-icon-box-wrapper\">\n\n\t\t\t\t\t\t<div class=\"elementor-icon-box-icon\">\n\t\t\t\t<span  class=\"elementor-icon\">\n\t\t\t\t<svg xmlns=\"http:\/\/www.w3.org\/2000\/svg\" width=\"10\" height=\"10\" viewBox=\"0 0 10 10\"><rect id=\"Rect&#xE1;ngulo_2655\" data-name=\"Rect&#xE1;ngulo 2655\" width=\"10\" height=\"10\" fill=\"#fc651d\"><\/rect><\/svg>\t\t\t\t<\/span>\n\t\t\t<\/div>\n\t\t\t\n\t\t\t\t\t\t<div class=\"elementor-icon-box-content\">\n\n\t\t\t\t\t\t\t\t\t<h3 class=\"elementor-icon-box-title\">\n\t\t\t\t\t\t<span  >\n\t\t\t\t\t\t\tUnterschiedliche \u00c4sthetik\t\t\t\t\t\t<\/span>\n\t\t\t\t\t<\/h3>\n\t\t\t\t\n\t\t\t\t\t\t\t\t\t<p class=\"elementor-icon-box-description\">\n\t\t\t\t\t\tWir haben Systeme mit robusten Querschnittsdesigns oder anderen minimalistischeren, alle mit einer unendlichen Anzahl von Oberfl\u00e4chen und Texturen.\t\t\t\t\t<\/p>\n\t\t\t\t\n\t\t\t<\/div>\n\t\t\t\n\t\t<\/div>\n\t\t\t\t\t\t<\/div>\n\t\t\t\t<\/div>\n\t\t\t\t<div class=\"elementor-element elementor-element-b781259 elementor-position-left elementor-mobile-position-left elementor-view-default elementor-widget elementor-widget-icon-box\" data-id=\"b781259\" data-element_type=\"widget\" data-widget_type=\"icon-box.default\">\n\t\t\t\t<div class=\"elementor-widget-container\">\n\t\t\t\t\t\t\t<div class=\"elementor-icon-box-wrapper\">\n\n\t\t\t\t\t\t<div class=\"elementor-icon-box-icon\">\n\t\t\t\t<span  class=\"elementor-icon\">\n\t\t\t\t<svg xmlns=\"http:\/\/www.w3.org\/2000\/svg\" width=\"10\" height=\"10\" viewBox=\"0 0 10 10\"><rect id=\"Rect&#xE1;ngulo_2655\" data-name=\"Rect&#xE1;ngulo 2655\" width=\"10\" height=\"10\" fill=\"#fc651d\"><\/rect><\/svg>\t\t\t\t<\/span>\n\t\t\t<\/div>\n\t\t\t\n\t\t\t\t\t\t<div class=\"elementor-icon-box-content\">\n\n\t\t\t\t\t\t\t\t\t<h3 class=\"elementor-icon-box-title\">\n\t\t\t\t\t\t<span  >\n\t\t\t\t\t\t\tEin kompletter Produktionszyklus\t\t\t\t\t\t<\/span>\n\t\t\t\t\t<\/h3>\n\t\t\t\t\n\t\t\t\t\t\t\t\t\t<p class=\"elementor-icon-box-description\">\n\t\t\t\t\t\tMit all unseren Dienstleistungen an Ihren Fingerspitzen, um Ihre fertige Aluminiuml\u00f6sung zu erhalten.\t\t\t\t\t<\/p>\n\t\t\t\t\n\t\t\t<\/div>\n\t\t\t\n\t\t<\/div>\n\t\t\t\t\t\t<\/div>\n\t\t\t\t<\/div>\n\t\t\t\t<div class=\"elementor-element elementor-element-dad9c7a elementor-position-left elementor-mobile-position-left elementor-view-default elementor-widget elementor-widget-icon-box\" data-id=\"dad9c7a\" data-element_type=\"widget\" data-widget_type=\"icon-box.default\">\n\t\t\t\t<div class=\"elementor-widget-container\">\n\t\t\t\t\t\t\t<div class=\"elementor-icon-box-wrapper\">\n\n\t\t\t\t\t\t<div class=\"elementor-icon-box-icon\">\n\t\t\t\t<span  class=\"elementor-icon\">\n\t\t\t\t<svg xmlns=\"http:\/\/www.w3.org\/2000\/svg\" width=\"10\" height=\"10\" viewBox=\"0 0 10 10\"><rect id=\"Rect&#xE1;ngulo_2655\" data-name=\"Rect&#xE1;ngulo 2655\" width=\"10\" height=\"10\" fill=\"#fc651d\"><\/rect><\/svg>\t\t\t\t<\/span>\n\t\t\t<\/div>\n\t\t\t\n\t\t\t\t\t\t<div class=\"elementor-icon-box-content\">\n\n\t\t\t\t\t\t\t\t\t<h3 class=\"elementor-icon-box-title\">\n\t\t\t\t\t\t<span  >\n\t\t\t\t\t\t\tNachhaltig\t\t\t\t\t\t<\/span>\n\t\t\t\t\t<\/h3>\n\t\t\t\t\n\t\t\t\t\t\t\t\t\t<p class=\"elementor-icon-box-description\">\n\t\t\t\t\t\tJeden Tag machen sich mehr und mehr Kunden Gedanken \u00fcber die Materialien, mit denen sie ihre Arbeiten entwickeln, die Energieeffizienz oder die Zertifizierungen, die die Anpassung des Projekts an die Umwelt bescheinigen. Deshalb setzen wir Extrugasa f\u00fcr die Kreislaufwirtschaft ein, mit nachhaltigen Ma\u00dfnahmen wie dem Recycling von Aluminium mit unserer Schmelzanlage.\t\t\t\t\t<\/p>\n\t\t\t\t\n\t\t\t<\/div>\n\t\t\t\n\t\t<\/div>\n\t\t\t\t\t\t<\/div>\n\t\t\t\t<\/div>\n\t\t\t\t<\/div>\n\t\t<div class=\"elementor-element elementor-element-959ad1b e-con-full e-flex e-con e-child\" data-id=\"959ad1b\" data-element_type=\"container\" data-settings=\"{&quot;background_background&quot;:&quot;classic&quot;,&quot;jet_parallax_layout_list&quot;:[]}\">\n\t\t\t\t<\/div>\n\t\t\t\t\t<\/div>\n\t\t\t\t<\/div>\n\t\t<div class=\"elementor-element elementor-element-cd5b2c9 e-flex e-con-boxed e-con e-parent\" data-id=\"cd5b2c9\" data-element_type=\"container\" data-settings=\"{&quot;jet_parallax_layout_list&quot;:[]}\">\n\t\t\t\t\t<div class=\"e-con-inner\">\n\t\t\t\t<div class=\"elementor-element elementor-element-a58a26b elementor-widget elementor-widget-heading\" data-id=\"a58a26b\" data-element_type=\"widget\" data-widget_type=\"heading.default\">\n\t\t\t\t<div class=\"elementor-widget-container\">\n\t\t\t\t\t<h2 class=\"elementor-heading-title elementor-size-default\">Extrugasa in den Projekten unserer Kunden<\/h2>\t\t\t\t<\/div>\n\t\t\t\t<\/div>\n\t\t\t\t\t<\/div>\n\t\t\t\t<\/div>\n\t\t<div class=\"elementor-element elementor-element-184b3ff e-flex e-con-boxed e-con e-parent\" data-id=\"184b3ff\" data-element_type=\"container\" data-settings=\"{&quot;jet_parallax_layout_list&quot;:[]}\">\n\t\t\t\t\t<div class=\"e-con-inner\">\n\t\t<div class=\"elementor-element elementor-element-709b1c0 e-con-full e-flex e-con e-child\" data-id=\"709b1c0\" data-element_type=\"container\" data-settings=\"{&quot;background_background&quot;:&quot;classic&quot;,&quot;jet_parallax_layout_list&quot;:[]}\">\n\t\t\t\t<\/div>\n\t\t<div class=\"elementor-element elementor-element-5d33680 e-con-full e-flex e-con e-child\" data-id=\"5d33680\" data-element_type=\"container\" data-settings=\"{&quot;background_background&quot;:&quot;classic&quot;,&quot;jet_parallax_layout_list&quot;:[]}\">\n\t\t\t\t<div class=\"elementor-element elementor-element-f00727f elementor-widget elementor-widget-heading\" data-id=\"f00727f\" data-element_type=\"widget\" data-widget_type=\"heading.default\">\n\t\t\t\t<div class=\"elementor-widget-container\">\n\t\t\t\t\t<h3 class=\"elementor-heading-title elementor-size-default\">Dobuti Aluminium<\/h3>\t\t\t\t<\/div>\n\t\t\t\t<\/div>\n\t\t\t\t<div class=\"elementor-element elementor-element-88871fc elementor-widget elementor-widget-heading\" data-id=\"88871fc\" data-element_type=\"widget\" data-widget_type=\"heading.default\">\n\t\t\t\t<div class=\"elementor-widget-container\">\n\t\t\t\t\t<h4 class=\"elementor-heading-title elementor-size-default\">Passivhaus-Aluminium-Tischlereisysteme<\/h4>\t\t\t\t<\/div>\n\t\t\t\t<\/div>\n\t\t\t\t<div class=\"elementor-element elementor-element-9b16c2c elementor-widget elementor-widget-text-editor\" data-id=\"9b16c2c\" data-element_type=\"widget\" data-widget_type=\"text-editor.default\">\n\t\t\t\t<div class=\"elementor-widget-container\">\n\t\t\t\t\t\t\t\t\t<p>Aluminio Dobuti ist ein argentinisches Familienunternehmen, das sich der Entwicklung von Tischlersystemen f\u00fcr LATAM verschrieben hat. Seit mehr als 25 Jahren verlassen sie sich bei der Lieferung von Aluminium-Tischlereisystemen auf Extrugasa und sind derzeit<strong> Pioniere im Passivbau in Lateinamerika<\/strong>, was sie dazu veranlasst hat,<strong> auf unsere Quinarq-Produktreihe zu setzen<\/strong>, insbesondere auf die XP-80 HI-Serie mit Dreifachverglasung.<\/p>\n\t\t\t\t\t\t\t\t<\/div>\n\t\t\t\t<\/div>\n\t\t\t\t<div class=\"elementor-element elementor-element-f143634 elementor-widget elementor-widget-button\" data-id=\"f143634\" data-element_type=\"widget\" data-widget_type=\"button.default\">\n\t\t\t\t<div class=\"elementor-widget-container\">\n\t\t\t\t\t\t\t\t\t<div class=\"elementor-button-wrapper\">\n\t\t\t\t\t<a class=\"elementor-button elementor-button-link elementor-size-sm\" href=\"https:\/\/www.extrugasa.com\/de\/dobuti-aluminium\" target=\"_blank\">\n\t\t\t\t\t\t<span class=\"elementor-button-content-wrapper\">\n\t\t\t\t\t\t\t\t\t<span class=\"elementor-button-text\">+ Infos<\/span>\n\t\t\t\t\t<\/span>\n\t\t\t\t\t<\/a>\n\t\t\t\t<\/div>\n\t\t\t\t\t\t\t\t<\/div>\n\t\t\t\t<\/div>\n\t\t\t\t<\/div>\n\t\t\t\t\t<\/div>\n\t\t\t\t<\/div>\n\t\t<div class=\"elementor-element elementor-element-556b769 e-flex e-con-boxed e-con e-parent\" data-id=\"556b769\" data-element_type=\"container\" data-settings=\"{&quot;jet_parallax_layout_list&quot;:[]}\">\n\t\t\t\t\t<div class=\"e-con-inner\">\n\t\t<div class=\"elementor-element elementor-element-d4f3e68 e-con-full e-flex e-con e-child\" data-id=\"d4f3e68\" data-element_type=\"container\" data-settings=\"{&quot;background_background&quot;:&quot;classic&quot;,&quot;jet_parallax_layout_list&quot;:[]}\">\n\t\t\t\t<div class=\"elementor-element elementor-element-b0a014d elementor-widget elementor-widget-heading\" data-id=\"b0a014d\" data-element_type=\"widget\" data-widget_type=\"heading.default\">\n\t\t\t\t<div class=\"elementor-widget-container\">\n\t\t\t\t\t<h3 class=\"elementor-heading-title elementor-size-default\">Proyectop\u00eda<\/h3>\t\t\t\t<\/div>\n\t\t\t\t<\/div>\n\t\t\t\t<div class=\"elementor-element elementor-element-0ea8197 elementor-widget elementor-widget-heading\" data-id=\"0ea8197\" data-element_type=\"widget\" data-widget_type=\"heading.default\">\n\t\t\t\t<div class=\"elementor-widget-container\">\n\t\t\t\t\t<h4 class=\"elementor-heading-title elementor-size-default\">Walluminium, das Bausystem f\u00fcr Architekten<\/h4>\t\t\t\t<\/div>\n\t\t\t\t<\/div>\n\t\t\t\t<div class=\"elementor-element elementor-element-d209c50 elementor-widget elementor-widget-text-editor\" data-id=\"d209c50\" data-element_type=\"widget\" data-widget_type=\"text-editor.default\">\n\t\t\t\t<div class=\"elementor-widget-container\">\n\t\t\t\t\t\t\t\t\t<p>\u00d6koeffizienter und nachhaltiger modularer Wohnungsbau ist ein Trend, der den Bausektor revolutioniert. Ein klares Beispiel in Galicien ist Proyectop\u00eda, ein multidisziplin\u00e4res Architekturb\u00fcro, das ma\u00dfgeschneiderte Industrieh\u00e4user mit Passivhaus-Zertifizierung entwirft und baut. Um diese nachhaltigen Konstruktionen herzustellen, hat sich dieses Unternehmen f\u00fcr<strong> das Aluminium Extrugasa entschieden, um seine Aluminiumgeh\u00e4use zu entwickeln.<\/strong><\/p>\n\t\t\t\t\t\t\t\t<\/div>\n\t\t\t\t<\/div>\n\t\t\t\t<div class=\"elementor-element elementor-element-0a1bfa6 elementor-widget elementor-widget-button\" data-id=\"0a1bfa6\" data-element_type=\"widget\" data-widget_type=\"button.default\">\n\t\t\t\t<div class=\"elementor-widget-container\">\n\t\t\t\t\t\t\t\t\t<div class=\"elementor-button-wrapper\">\n\t\t\t\t\t<a class=\"elementor-button elementor-button-link elementor-size-sm\" href=\"https:\/\/www.extrugasa.com\/de\/projektpia\" target=\"_blank\">\n\t\t\t\t\t\t<span class=\"elementor-button-content-wrapper\">\n\t\t\t\t\t\t\t\t\t<span class=\"elementor-button-text\">+ Infos<\/span>\n\t\t\t\t\t<\/span>\n\t\t\t\t\t<\/a>\n\t\t\t\t<\/div>\n\t\t\t\t\t\t\t\t<\/div>\n\t\t\t\t<\/div>\n\t\t\t\t<\/div>\n\t\t<div class=\"elementor-element elementor-element-b307853 e-con-full e-flex e-con e-child\" data-id=\"b307853\" data-element_type=\"container\" data-settings=\"{&quot;background_background&quot;:&quot;classic&quot;,&quot;jet_parallax_layout_list&quot;:[]}\">\n\t\t\t\t<\/div>\n\t\t\t\t\t<\/div>\n\t\t\t\t<\/div>\n\t\t\t\t<\/div>\n\t\t","protected":false},"excerpt":{"rendered":"<p>Aluminiumsysteme f\u00fcr die Architektur Holzbearbeitungssysteme in Aluminium f\u00fcr Ihr Projekt Geb\u00e4ude Bei Extrugasa entwerfen wir unsere eigenen Aluminium-Tischlereisysteme oder passen sie an Ihr Bauprojekt an, egal ob es sich um Neubau oder Umbau handelt. Wir bieten Ihnen: Technischer und kaufm\u00e4nnischer Support &#8211; Vorbereitung der Dokumentation f\u00fcr Ihr Projekt: technische Daten, Baudokumentation, technische Datenbl\u00e4tter, BIM-Dateien, Zimmereibericht [&hellip;]<\/p>\n","protected":false},"author":3,"featured_media":0,"parent":0,"menu_order":0,"comment_status":"closed","ping_status":"closed","template":"","meta":{"_monsterinsights_skip_tracking":false,"_monsterinsights_sitenote_active":false,"_monsterinsights_sitenote_note":"","_monsterinsights_sitenote_category":0,"footnotes":""},"class_list":["post-8059","page","type-page","status-publish","hentry"],"yoast_head":"<!-- This site is optimized with the Yoast SEO plugin v27.5 - https:\/\/yoast.com\/product\/yoast-seo-wordpress\/ -->\n<title>Aluminium f\u00fcr Architektur und Bauwesen - Extrugasa<\/title>\n<meta name=\"description\" content=\"Aluminium-Tischlereisysteme f\u00fcr Architektur und Bauwesen, die vom technischen B\u00fcro entworfen wurden, um L\u00f6sungen f\u00fcr Projekte zu bieten.\" \/>\n<meta name=\"robots\" content=\"index, follow, max-snippet:-1, max-image-preview:large, max-video-preview:-1\" \/>\n<link rel=\"canonical\" href=\"https:\/\/www.extrugasa.com\/de\/architektur-oder-bauwesen\" \/>\n<meta property=\"og:locale\" content=\"de_DE\" \/>\n<meta property=\"og:type\" content=\"article\" \/>\n<meta property=\"og:title\" content=\"Aluminium f\u00fcr Architektur und Bauwesen - Extrugasa\" \/>\n<meta property=\"og:description\" content=\"Aluminium-Tischlereisysteme f\u00fcr Architektur und Bauwesen, die vom technischen B\u00fcro entworfen wurden, um L\u00f6sungen f\u00fcr Projekte zu bieten.\" \/>\n<meta property=\"og:url\" content=\"https:\/\/www.extrugasa.com\/de\/architektur-oder-bauwesen\" \/>\n<meta property=\"og:site_name\" content=\"Extrugasa\" \/>\n<meta property=\"article:modified_time\" content=\"2026-02-23T16:19:37+00:00\" \/>\n<meta name=\"twitter:card\" content=\"summary_large_image\" \/>\n<meta name=\"twitter:label1\" content=\"Gesch\u00e4tzte Lesezeit\" \/>\n\t<meta name=\"twitter:data1\" content=\"2\u00a0Minuten\" \/>\n<script type=\"application\/ld+json\" class=\"yoast-schema-graph\">{\"@context\":\"https:\\\/\\\/schema.org\",\"@graph\":[{\"@type\":\"WebPage\",\"@id\":\"https:\\\/\\\/www.extrugasa.com\\\/de\\\/architektur-oder-bauwesen\",\"url\":\"https:\\\/\\\/www.extrugasa.com\\\/de\\\/architektur-oder-bauwesen\",\"name\":\"Aluminium f\u00fcr Architektur und Bauwesen - Extrugasa\",\"isPartOf\":{\"@id\":\"https:\\\/\\\/www.extrugasa.com\\\/de#website\"},\"datePublished\":\"2024-05-20T10:27:24+00:00\",\"dateModified\":\"2026-02-23T16:19:37+00:00\",\"description\":\"Aluminium-Tischlereisysteme f\u00fcr Architektur und Bauwesen, die vom technischen B\u00fcro entworfen wurden, um L\u00f6sungen f\u00fcr Projekte zu bieten.\",\"breadcrumb\":{\"@id\":\"https:\\\/\\\/www.extrugasa.com\\\/de\\\/architektur-oder-bauwesen#breadcrumb\"},\"inLanguage\":\"de\",\"potentialAction\":[{\"@type\":\"ReadAction\",\"target\":[\"https:\\\/\\\/www.extrugasa.com\\\/de\\\/architektur-oder-bauwesen\"]}]},{\"@type\":\"BreadcrumbList\",\"@id\":\"https:\\\/\\\/www.extrugasa.com\\\/de\\\/architektur-oder-bauwesen#breadcrumb\",\"itemListElement\":[{\"@type\":\"ListItem\",\"position\":1,\"name\":\"Startseite\",\"item\":\"https:\\\/\\\/www.extrugasa.com\\\/de\"},{\"@type\":\"ListItem\",\"position\":2,\"name\":\"Architektur oder Bauwesen\"}]},{\"@type\":\"WebSite\",\"@id\":\"https:\\\/\\\/www.extrugasa.com\\\/de#website\",\"url\":\"https:\\\/\\\/www.extrugasa.com\\\/de\",\"name\":\"Extrugasa\",\"description\":\"Proveedor de aluminio\",\"potentialAction\":[{\"@type\":\"SearchAction\",\"target\":{\"@type\":\"EntryPoint\",\"urlTemplate\":\"https:\\\/\\\/www.extrugasa.com\\\/de?s={search_term_string}\"},\"query-input\":{\"@type\":\"PropertyValueSpecification\",\"valueRequired\":true,\"valueName\":\"search_term_string\"}}],\"inLanguage\":\"de\"}]}<\/script>\n<!-- \/ Yoast SEO plugin. -->","yoast_head_json":{"title":"Aluminium f\u00fcr Architektur und Bauwesen - Extrugasa","description":"Aluminium-Tischlereisysteme f\u00fcr Architektur und Bauwesen, die vom technischen B\u00fcro entworfen wurden, um L\u00f6sungen f\u00fcr Projekte zu bieten.","robots":{"index":"index","follow":"follow","max-snippet":"max-snippet:-1","max-image-preview":"max-image-preview:large","max-video-preview":"max-video-preview:-1"},"canonical":"https:\/\/www.extrugasa.com\/de\/architektur-oder-bauwesen","og_locale":"de_DE","og_type":"article","og_title":"Aluminium f\u00fcr Architektur und Bauwesen - Extrugasa","og_description":"Aluminium-Tischlereisysteme f\u00fcr Architektur und Bauwesen, die vom technischen B\u00fcro entworfen wurden, um L\u00f6sungen f\u00fcr Projekte zu bieten.","og_url":"https:\/\/www.extrugasa.com\/de\/architektur-oder-bauwesen","og_site_name":"Extrugasa","article_modified_time":"2026-02-23T16:19:37+00:00","twitter_card":"summary_large_image","twitter_misc":{"Gesch\u00e4tzte Lesezeit":"2\u00a0Minuten"},"schema":{"@context":"https:\/\/schema.org","@graph":[{"@type":"WebPage","@id":"https:\/\/www.extrugasa.com\/de\/architektur-oder-bauwesen","url":"https:\/\/www.extrugasa.com\/de\/architektur-oder-bauwesen","name":"Aluminium f\u00fcr Architektur und Bauwesen - Extrugasa","isPartOf":{"@id":"https:\/\/www.extrugasa.com\/de#website"},"datePublished":"2024-05-20T10:27:24+00:00","dateModified":"2026-02-23T16:19:37+00:00","description":"Aluminium-Tischlereisysteme f\u00fcr Architektur und Bauwesen, die vom technischen B\u00fcro entworfen wurden, um L\u00f6sungen f\u00fcr Projekte zu bieten.","breadcrumb":{"@id":"https:\/\/www.extrugasa.com\/de\/architektur-oder-bauwesen#breadcrumb"},"inLanguage":"de","potentialAction":[{"@type":"ReadAction","target":["https:\/\/www.extrugasa.com\/de\/architektur-oder-bauwesen"]}]},{"@type":"BreadcrumbList","@id":"https:\/\/www.extrugasa.com\/de\/architektur-oder-bauwesen#breadcrumb","itemListElement":[{"@type":"ListItem","position":1,"name":"Startseite","item":"https:\/\/www.extrugasa.com\/de"},{"@type":"ListItem","position":2,"name":"Architektur oder Bauwesen"}]},{"@type":"WebSite","@id":"https:\/\/www.extrugasa.com\/de#website","url":"https:\/\/www.extrugasa.com\/de","name":"Extrugasa","description":"Proveedor de aluminio","potentialAction":[{"@type":"SearchAction","target":{"@type":"EntryPoint","urlTemplate":"https:\/\/www.extrugasa.com\/de?s={search_term_string}"},"query-input":{"@type":"PropertyValueSpecification","valueRequired":true,"valueName":"search_term_string"}}],"inLanguage":"de"}]}},"_links":{"self":[{"href":"https:\/\/www.extrugasa.com\/de\/wp-json\/wp\/v2\/pages\/8059","targetHints":{"allow":["GET"]}}],"collection":[{"href":"https:\/\/www.extrugasa.com\/de\/wp-json\/wp\/v2\/pages"}],"about":[{"href":"https:\/\/www.extrugasa.com\/de\/wp-json\/wp\/v2\/types\/page"}],"author":[{"embeddable":true,"href":"https:\/\/www.extrugasa.com\/de\/wp-json\/wp\/v2\/users\/3"}],"replies":[{"embeddable":true,"href":"https:\/\/www.extrugasa.com\/de\/wp-json\/wp\/v2\/comments?post=8059"}],"version-history":[{"count":2,"href":"https:\/\/www.extrugasa.com\/de\/wp-json\/wp\/v2\/pages\/8059\/revisions"}],"predecessor-version":[{"id":8071,"href":"https:\/\/www.extrugasa.com\/de\/wp-json\/wp\/v2\/pages\/8059\/revisions\/8071"}],"wp:attachment":[{"href":"https:\/\/www.extrugasa.com\/de\/wp-json\/wp\/v2\/media?parent=8059"}],"curies":[{"name":"wp","href":"https:\/\/api.w.org\/{rel}","templated":true}]}}