{"id":8052,"date":"2024-05-20T11:13:13","date_gmt":"2024-05-20T10:13:13","guid":{"rendered":"https:\/\/extrugasa.disomnia.com\/innenarchitektur"},"modified":"2026-02-23T17:20:58","modified_gmt":"2026-02-23T16:20:58","slug":"innenarchitektur","status":"publish","type":"page","link":"https:\/\/www.extrugasa.com\/de\/innenarchitektur","title":{"rendered":"Innenarchitektur"},"content":{"rendered":"\t\t<div data-elementor-type=\"wp-page\" data-elementor-id=\"8052\" class=\"elementor elementor-8052 elementor-3275\" data-elementor-post-type=\"page\">\n\t\t\t\t<div class=\"elementor-element elementor-element-4cca7b8 elementor-hidden-mobile e-flex e-con-boxed e-con e-parent\" data-id=\"4cca7b8\" data-element_type=\"container\" data-settings=\"{&quot;jet_parallax_layout_list&quot;:[]}\">\n\t\t\t\t\t<div class=\"e-con-inner\">\n\t\t\t\t<div class=\"elementor-element elementor-element-8a2dc19 elementor-widget elementor-widget-breadcrumbs\" data-id=\"8a2dc19\" data-element_type=\"widget\" data-widget_type=\"breadcrumbs.default\">\n\t\t\t\t<div class=\"elementor-widget-container\">\n\t\t\t\t\t<p id=\"breadcrumbs\"><span><span><a href=\"https:\/\/www.extrugasa.com\/de\">Startseite<\/a><\/span><\/span><\/p>\t\t\t\t<\/div>\n\t\t\t\t<\/div>\n\t\t\t\t\t<\/div>\n\t\t\t\t<\/div>\n\t\t<div class=\"elementor-element elementor-element-7840f80 e-flex e-con-boxed e-con e-parent\" data-id=\"7840f80\" data-element_type=\"container\" data-settings=\"{&quot;background_background&quot;:&quot;classic&quot;,&quot;jet_parallax_layout_list&quot;:[]}\">\n\t\t\t\t\t<div class=\"e-con-inner\">\n\t\t\t\t<div class=\"elementor-element elementor-element-693f620 elementor-widget elementor-widget-heading\" data-id=\"693f620\" data-element_type=\"widget\" data-widget_type=\"heading.default\">\n\t\t\t\t<div class=\"elementor-widget-container\">\n\t\t\t\t\t<h1 class=\"elementor-heading-title elementor-size-default\">Aluminiumsysteme f\u00fcr den Innenbereich<\/h1>\t\t\t\t<\/div>\n\t\t\t\t<\/div>\n\t\t\t\t\t<\/div>\n\t\t\t\t<\/div>\n\t\t<div class=\"elementor-element elementor-element-c6e5565 e-flex e-con-boxed e-con e-parent\" data-id=\"c6e5565\" data-element_type=\"container\" data-settings=\"{&quot;background_background&quot;:&quot;classic&quot;,&quot;jet_parallax_layout_list&quot;:[]}\">\n\t\t\t\t\t<div class=\"e-con-inner\">\n\t\t<div class=\"elementor-element elementor-element-2bbdacf e-con-full e-flex e-con e-child\" data-id=\"2bbdacf\" data-element_type=\"container\" data-settings=\"{&quot;background_background&quot;:&quot;classic&quot;,&quot;jet_parallax_layout_list&quot;:[]}\">\n\t\t\t\t<div class=\"elementor-element elementor-element-7373fe9 elementor-widget elementor-widget-heading\" data-id=\"7373fe9\" data-element_type=\"widget\" data-widget_type=\"heading.default\">\n\t\t\t\t<div class=\"elementor-widget-container\">\n\t\t\t\t\t<h2 class=\"elementor-heading-title elementor-size-default\">Aluminiumprofile f\u00fcr den Innenbereich<\/h2>\t\t\t\t<\/div>\n\t\t\t\t<\/div>\n\t\t\t\t<div class=\"elementor-element elementor-element-cb4b3ca elementor-widget elementor-widget-text-editor\" data-id=\"cb4b3ca\" data-element_type=\"widget\" data-widget_type=\"text-editor.default\">\n\t\t\t\t<div class=\"elementor-widget-container\">\n\t\t\t\t\t\t\t\t\t<p>Um R\u00e4ume zu entwerfen oder umzugestalten, ben\u00f6tigt ein Innenarchitekt eine Reihe von Elementen, die es seinem Arbeitsteam erm\u00f6glichen, ma\u00dfgeschneiderte L\u00f6sungen zu entwickeln, die richtig in einen Raum oder eine Umgebung integriert sind.  <\/p>\n<p><strong>Bei Extrugasa bieten wir Ihnen Aluminiumsysteme f\u00fcr Innenr\u00e4ume an, die bereits von unserem technischen Team entwickelt wurden, oder wir entwerfen eine auf Ihr Projekt zugeschnittene L\u00f6sung.<\/strong><\/p>\n<p>Wir bieten Ihnen eine pers\u00f6nliche Beratung und Unterst\u00fctzung sowie einen kompletten Produktionszyklus, um Ihre fertige Aluminiuml\u00f6sung zu erhalten. Dazu kommen die hohen Qualit\u00e4tsstandards, eine gro\u00dfe Vielfalt an Oberfl\u00e4chenveredelungen und Zertifikaten.<\/p>\n\t\t\t\t\t\t\t\t<\/div>\n\t\t\t\t<\/div>\n\t\t\t\t<\/div>\n\t\t<div class=\"elementor-element elementor-element-07329a7 e-con-full e-flex e-con e-child\" data-id=\"07329a7\" data-element_type=\"container\" data-settings=\"{&quot;jet_parallax_layout_list&quot;:[],&quot;background_background&quot;:&quot;classic&quot;}\">\n\t\t\t\t<\/div>\n\t\t<div class=\"elementor-element elementor-element-ebbae2a e-con-full elementor-hidden-tablet elementor-hidden-mobile e-flex e-con e-child\" data-id=\"ebbae2a\" data-element_type=\"container\" data-settings=\"{&quot;jet_parallax_layout_list&quot;:[]}\">\n\t\t\t\t<\/div>\n\t\t<div class=\"elementor-element elementor-element-a0f6bd1 e-con-full e-flex e-con e-child\" data-id=\"a0f6bd1\" data-element_type=\"container\" data-settings=\"{&quot;background_background&quot;:&quot;classic&quot;,&quot;jet_parallax_layout_list&quot;:[]}\">\n\t\t\t\t<div class=\"elementor-element elementor-element-1e7eba5 elementor-widget elementor-widget-heading\" data-id=\"1e7eba5\" data-element_type=\"widget\" data-widget_type=\"heading.default\">\n\t\t\t\t<div class=\"elementor-widget-container\">\n\t\t\t\t\t<h2 class=\"elementor-heading-title elementor-size-default\">Nachhaltiges Aluminium<\/h2>\t\t\t\t<\/div>\n\t\t\t\t<\/div>\n\t\t\t\t<div class=\"elementor-element elementor-element-aa62fff elementor-widget elementor-widget-text-editor\" data-id=\"aa62fff\" data-element_type=\"widget\" data-widget_type=\"text-editor.default\">\n\t\t\t\t<div class=\"elementor-widget-container\">\n\t\t\t\t\t\t\t\t\t<p>Bei Extrugasa schaffen wir<strong> Ma\u00dfnahmen, mit denen wir die Umweltbelastung reduzieren<\/strong> und uns f\u00fcr die Kreislaufwirtschaft einsetzen, mit nachhaltigen Prozessen wie dem Recycling von Aluminium mit unserer Gie\u00dfereianlage, die es uns erm\u00f6glicht, ein Produkt mit einem geringen Kohlenstoff-Fu\u00dfabdruck zu haben, mit dem wir Ihre Aluminiuml\u00f6sung herstellen k\u00f6nnen.<\/p>\n\t\t\t\t\t\t\t\t<\/div>\n\t\t\t\t<\/div>\n\t\t\t\t<\/div>\n\t\t\t\t\t<\/div>\n\t\t\t\t<\/div>\n\t\t\t\t<\/div>\n\t\t","protected":false},"excerpt":{"rendered":"<p>Aluminiumsysteme f\u00fcr den Innenbereich Aluminiumprofile f\u00fcr den Innenbereich Um R\u00e4ume zu entwerfen oder umzugestalten, ben\u00f6tigt ein Innenarchitekt eine Reihe von Elementen, die es seinem Arbeitsteam erm\u00f6glichen, ma\u00dfgeschneiderte L\u00f6sungen zu entwickeln, die richtig in einen Raum oder eine Umgebung integriert sind. Bei Extrugasa bieten wir Ihnen Aluminiumsysteme f\u00fcr Innenr\u00e4ume an, die bereits von unserem technischen Team [&hellip;]<\/p>\n","protected":false},"author":3,"featured_media":0,"parent":0,"menu_order":0,"comment_status":"closed","ping_status":"closed","template":"","meta":{"_monsterinsights_skip_tracking":false,"_monsterinsights_sitenote_active":false,"_monsterinsights_sitenote_note":"","_monsterinsights_sitenote_category":0,"footnotes":""},"class_list":["post-8052","page","type-page","status-publish","hentry"],"yoast_head":"<!-- This site is optimized with the Yoast SEO plugin v27.5 - https:\/\/yoast.com\/product\/yoast-seo-wordpress\/ -->\n<title>Aluminiumsysteme f\u00fcr den Innenbereich | Extrugasa<\/title>\n<meta name=\"description\" content=\"Die Aluminiumsysteme Extrugasa f\u00fcr die Innenarchitektur bieten eine hervorragende Schalld\u00e4mmung und eine bessere Funktionalit\u00e4t der R\u00e4ume.\" \/>\n<meta name=\"robots\" content=\"index, follow, max-snippet:-1, max-image-preview:large, max-video-preview:-1\" \/>\n<link rel=\"canonical\" href=\"https:\/\/www.extrugasa.com\/de\/innenarchitektur\" \/>\n<meta property=\"og:locale\" content=\"de_DE\" \/>\n<meta property=\"og:type\" content=\"article\" \/>\n<meta property=\"og:title\" content=\"Aluminiumsysteme f\u00fcr den Innenbereich | Extrugasa\" \/>\n<meta property=\"og:description\" content=\"Die Aluminiumsysteme Extrugasa f\u00fcr die Innenarchitektur bieten eine hervorragende Schalld\u00e4mmung und eine bessere Funktionalit\u00e4t der R\u00e4ume.\" \/>\n<meta property=\"og:url\" content=\"https:\/\/www.extrugasa.com\/de\/innenarchitektur\" \/>\n<meta property=\"og:site_name\" content=\"Extrugasa\" \/>\n<meta property=\"article:modified_time\" content=\"2026-02-23T16:20:58+00:00\" \/>\n<meta name=\"twitter:card\" content=\"summary_large_image\" \/>\n<meta name=\"twitter:label1\" content=\"Gesch\u00e4tzte Lesezeit\" \/>\n\t<meta name=\"twitter:data1\" content=\"1\u00a0Minute\" \/>\n<script type=\"application\/ld+json\" class=\"yoast-schema-graph\">{\"@context\":\"https:\\\/\\\/schema.org\",\"@graph\":[{\"@type\":\"WebPage\",\"@id\":\"https:\\\/\\\/www.extrugasa.com\\\/de\\\/innenarchitektur\",\"url\":\"https:\\\/\\\/www.extrugasa.com\\\/de\\\/innenarchitektur\",\"name\":\"Aluminiumsysteme f\u00fcr den Innenbereich | Extrugasa\",\"isPartOf\":{\"@id\":\"https:\\\/\\\/www.extrugasa.com\\\/de#website\"},\"datePublished\":\"2024-05-20T10:13:13+00:00\",\"dateModified\":\"2026-02-23T16:20:58+00:00\",\"description\":\"Die Aluminiumsysteme Extrugasa f\u00fcr die Innenarchitektur bieten eine hervorragende Schalld\u00e4mmung und eine bessere Funktionalit\u00e4t der R\u00e4ume.\",\"breadcrumb\":{\"@id\":\"https:\\\/\\\/www.extrugasa.com\\\/de\\\/innenarchitektur#breadcrumb\"},\"inLanguage\":\"de\",\"potentialAction\":[{\"@type\":\"ReadAction\",\"target\":[\"https:\\\/\\\/www.extrugasa.com\\\/de\\\/innenarchitektur\"]}]},{\"@type\":\"BreadcrumbList\",\"@id\":\"https:\\\/\\\/www.extrugasa.com\\\/de\\\/innenarchitektur#breadcrumb\",\"itemListElement\":[{\"@type\":\"ListItem\",\"position\":1,\"name\":\"Startseite\",\"item\":\"https:\\\/\\\/www.extrugasa.com\\\/de\"},{\"@type\":\"ListItem\",\"position\":2,\"name\":\"Innenarchitektur\"}]},{\"@type\":\"WebSite\",\"@id\":\"https:\\\/\\\/www.extrugasa.com\\\/de#website\",\"url\":\"https:\\\/\\\/www.extrugasa.com\\\/de\",\"name\":\"Extrugasa\",\"description\":\"Proveedor de aluminio\",\"potentialAction\":[{\"@type\":\"SearchAction\",\"target\":{\"@type\":\"EntryPoint\",\"urlTemplate\":\"https:\\\/\\\/www.extrugasa.com\\\/de?s={search_term_string}\"},\"query-input\":{\"@type\":\"PropertyValueSpecification\",\"valueRequired\":true,\"valueName\":\"search_term_string\"}}],\"inLanguage\":\"de\"}]}<\/script>\n<!-- \/ Yoast SEO plugin. -->","yoast_head_json":{"title":"Aluminiumsysteme f\u00fcr den Innenbereich | Extrugasa","description":"Die Aluminiumsysteme Extrugasa f\u00fcr die Innenarchitektur bieten eine hervorragende Schalld\u00e4mmung und eine bessere Funktionalit\u00e4t der R\u00e4ume.","robots":{"index":"index","follow":"follow","max-snippet":"max-snippet:-1","max-image-preview":"max-image-preview:large","max-video-preview":"max-video-preview:-1"},"canonical":"https:\/\/www.extrugasa.com\/de\/innenarchitektur","og_locale":"de_DE","og_type":"article","og_title":"Aluminiumsysteme f\u00fcr den Innenbereich | Extrugasa","og_description":"Die Aluminiumsysteme Extrugasa f\u00fcr die Innenarchitektur bieten eine hervorragende Schalld\u00e4mmung und eine bessere Funktionalit\u00e4t der R\u00e4ume.","og_url":"https:\/\/www.extrugasa.com\/de\/innenarchitektur","og_site_name":"Extrugasa","article_modified_time":"2026-02-23T16:20:58+00:00","twitter_card":"summary_large_image","twitter_misc":{"Gesch\u00e4tzte Lesezeit":"1\u00a0Minute"},"schema":{"@context":"https:\/\/schema.org","@graph":[{"@type":"WebPage","@id":"https:\/\/www.extrugasa.com\/de\/innenarchitektur","url":"https:\/\/www.extrugasa.com\/de\/innenarchitektur","name":"Aluminiumsysteme f\u00fcr den Innenbereich | Extrugasa","isPartOf":{"@id":"https:\/\/www.extrugasa.com\/de#website"},"datePublished":"2024-05-20T10:13:13+00:00","dateModified":"2026-02-23T16:20:58+00:00","description":"Die Aluminiumsysteme Extrugasa f\u00fcr die Innenarchitektur bieten eine hervorragende Schalld\u00e4mmung und eine bessere Funktionalit\u00e4t der R\u00e4ume.","breadcrumb":{"@id":"https:\/\/www.extrugasa.com\/de\/innenarchitektur#breadcrumb"},"inLanguage":"de","potentialAction":[{"@type":"ReadAction","target":["https:\/\/www.extrugasa.com\/de\/innenarchitektur"]}]},{"@type":"BreadcrumbList","@id":"https:\/\/www.extrugasa.com\/de\/innenarchitektur#breadcrumb","itemListElement":[{"@type":"ListItem","position":1,"name":"Startseite","item":"https:\/\/www.extrugasa.com\/de"},{"@type":"ListItem","position":2,"name":"Innenarchitektur"}]},{"@type":"WebSite","@id":"https:\/\/www.extrugasa.com\/de#website","url":"https:\/\/www.extrugasa.com\/de","name":"Extrugasa","description":"Proveedor de aluminio","potentialAction":[{"@type":"SearchAction","target":{"@type":"EntryPoint","urlTemplate":"https:\/\/www.extrugasa.com\/de?s={search_term_string}"},"query-input":{"@type":"PropertyValueSpecification","valueRequired":true,"valueName":"search_term_string"}}],"inLanguage":"de"}]}},"_links":{"self":[{"href":"https:\/\/www.extrugasa.com\/de\/wp-json\/wp\/v2\/pages\/8052","targetHints":{"allow":["GET"]}}],"collection":[{"href":"https:\/\/www.extrugasa.com\/de\/wp-json\/wp\/v2\/pages"}],"about":[{"href":"https:\/\/www.extrugasa.com\/de\/wp-json\/wp\/v2\/types\/page"}],"author":[{"embeddable":true,"href":"https:\/\/www.extrugasa.com\/de\/wp-json\/wp\/v2\/users\/3"}],"replies":[{"embeddable":true,"href":"https:\/\/www.extrugasa.com\/de\/wp-json\/wp\/v2\/comments?post=8052"}],"version-history":[{"count":1,"href":"https:\/\/www.extrugasa.com\/de\/wp-json\/wp\/v2\/pages\/8052\/revisions"}],"predecessor-version":[{"id":8054,"href":"https:\/\/www.extrugasa.com\/de\/wp-json\/wp\/v2\/pages\/8052\/revisions\/8054"}],"wp:attachment":[{"href":"https:\/\/www.extrugasa.com\/de\/wp-json\/wp\/v2\/media?parent=8052"}],"curies":[{"name":"wp","href":"https:\/\/api.w.org\/{rel}","templated":true}]}}