{"id":8006,"date":"2024-05-15T09:26:07","date_gmt":"2024-05-15T08:26:07","guid":{"rendered":"https:\/\/extrugasa.disomnia.com\/phoenix"},"modified":"2026-02-23T17:19:39","modified_gmt":"2026-02-23T16:19:39","slug":"phoenix","status":"publish","type":"page","link":"https:\/\/www.extrugasa.com\/de\/phoenix","title":{"rendered":"Fenix"},"content":{"rendered":"\t\t<div data-elementor-type=\"wp-page\" data-elementor-id=\"8006\" class=\"elementor elementor-8006 elementor-2734\" data-elementor-post-type=\"page\">\n\t\t\t\t<div class=\"elementor-element elementor-element-55c1f66 elementor-hidden-mobile e-flex e-con-boxed e-con e-parent\" data-id=\"55c1f66\" data-element_type=\"container\" data-settings=\"{&quot;jet_parallax_layout_list&quot;:[]}\">\n\t\t\t\t\t<div class=\"e-con-inner\">\n\t\t\t\t<div class=\"elementor-element elementor-element-9ae1f5e elementor-widget elementor-widget-breadcrumbs\" data-id=\"9ae1f5e\" data-element_type=\"widget\" data-widget_type=\"breadcrumbs.default\">\n\t\t\t\t<div class=\"elementor-widget-container\">\n\t\t\t\t\t<p id=\"breadcrumbs\"><span><span><a href=\"https:\/\/www.extrugasa.com\/de\">Startseite<\/a><\/span><\/span><\/p>\t\t\t\t<\/div>\n\t\t\t\t<\/div>\n\t\t\t\t\t<\/div>\n\t\t\t\t<\/div>\n\t\t<div class=\"elementor-element elementor-element-7840f80 e-flex e-con-boxed e-con e-parent\" data-id=\"7840f80\" data-element_type=\"container\" data-settings=\"{&quot;background_background&quot;:&quot;classic&quot;,&quot;jet_parallax_layout_list&quot;:[]}\">\n\t\t\t\t\t<div class=\"e-con-inner\">\n\t\t\t\t<div class=\"elementor-element elementor-element-693f620 elementor-widget elementor-widget-heading\" data-id=\"693f620\" data-element_type=\"widget\" data-widget_type=\"heading.default\">\n\t\t\t\t<div class=\"elementor-widget-container\">\n\t\t\t\t\t<h1 class=\"elementor-heading-title elementor-size-default\">Kn\u00fcppel aus recyceltem Aluminium <\/h1>\t\t\t\t<\/div>\n\t\t\t\t<\/div>\n\t\t\t\t<div class=\"elementor-element elementor-element-dd54277 elementor-widget elementor-widget-image\" data-id=\"dd54277\" data-element_type=\"widget\" data-widget_type=\"image.default\">\n\t\t\t\t<div class=\"elementor-widget-container\">\n\t\t\t\t\t\t\t\t\t\t\t\t\t\t\t<img decoding=\"async\" width=\"305\" height=\"109\" src=\"https:\/\/www.extrugasa.com\/wp-content\/uploads\/2024\/05\/fenix_logo.svg\" class=\"attachment-large size-large wp-image-6724\" alt=\"\" \/>\t\t\t\t\t\t\t\t\t\t\t\t\t\t\t<\/div>\n\t\t\t\t<\/div>\n\t\t\t\t\t<\/div>\n\t\t\t\t<\/div>\n\t\t<div class=\"elementor-element elementor-element-6d088ec e-flex e-con-boxed e-con e-parent\" data-id=\"6d088ec\" data-element_type=\"container\" data-settings=\"{&quot;background_background&quot;:&quot;classic&quot;,&quot;jet_parallax_layout_list&quot;:[]}\">\n\t\t\t\t\t<div class=\"e-con-inner\">\n\t\t<div class=\"elementor-element elementor-element-e67abd5 e-con-full elementor-hidden-tablet elementor-hidden-mobile e-flex e-con e-child\" data-id=\"e67abd5\" data-element_type=\"container\" data-settings=\"{&quot;jet_parallax_layout_list&quot;:[],&quot;background_background&quot;:&quot;classic&quot;}\">\n\t\t\t\t<\/div>\n\t\t<div class=\"elementor-element elementor-element-cbbad25 e-con-full e-flex e-con e-child\" data-id=\"cbbad25\" data-element_type=\"container\" data-settings=\"{&quot;background_background&quot;:&quot;classic&quot;,&quot;jet_parallax_layout_list&quot;:[]}\">\n\t\t\t\t<div class=\"elementor-element elementor-element-a3dbde7 elementor-widget elementor-widget-heading\" data-id=\"a3dbde7\" data-element_type=\"widget\" data-widget_type=\"heading.default\">\n\t\t\t\t<div class=\"elementor-widget-container\">\n\t\t\t\t\t<h2 class=\"elementor-heading-title elementor-size-default\">Ein Material auf Knopfdruck\num eine\nBessere Zukunft\n<\/h2>\t\t\t\t<\/div>\n\t\t\t\t<\/div>\n\t\t\t\t<div class=\"elementor-element elementor-element-07b52cf elementor-widget elementor-widget-text-editor\" data-id=\"07b52cf\" data-element_type=\"widget\" data-widget_type=\"text-editor.default\">\n\t\t\t\t<div class=\"elementor-widget-container\">\n\t\t\t\t\t\t\t\t\t<p>F\u00e9nix ist der <b>Aluminium-Achtzylinder<\/b><strong>mit 99,9 % Aluminiumschrott,<\/strong> der in der Extrugasa hergestellt wird. Es ist das Ergebnis einer Innovationsanstrengung, um unsere Hauptziele zu erreichen<\/p>\n\t\t\t\t\t\t\t\t<\/div>\n\t\t\t\t<\/div>\n\t\t\t\t<div class=\"elementor-element elementor-element-ee44988 elementor-icon-list--layout-traditional elementor-list-item-link-full_width elementor-widget elementor-widget-icon-list\" data-id=\"ee44988\" data-element_type=\"widget\" data-widget_type=\"icon-list.default\">\n\t\t\t\t<div class=\"elementor-widget-container\">\n\t\t\t\t\t\t\t<ul class=\"elementor-icon-list-items\">\n\t\t\t\t\t\t\t<li class=\"elementor-icon-list-item\">\n\t\t\t\t\t\t\t\t\t\t\t<span class=\"elementor-icon-list-icon\">\n\t\t\t\t\t\t\t<svg xmlns=\"http:\/\/www.w3.org\/2000\/svg\" width=\"10\" height=\"10\" viewBox=\"0 0 10 10\"><rect id=\"Rect&#xE1;ngulo_3215\" data-name=\"Rect&#xE1;ngulo 3215\" width=\"10\" height=\"10\" fill=\"#f6ad32\"><\/rect><\/svg>\t\t\t\t\t\t<\/span>\n\t\t\t\t\t\t\t\t\t\t<span class=\"elementor-icon-list-text\">Null Abfall<\/span>\n\t\t\t\t\t\t\t\t\t<\/li>\n\t\t\t\t\t\t<\/ul>\n\t\t\t\t\t\t<\/div>\n\t\t\t\t<\/div>\n\t\t\t\t<div class=\"elementor-element elementor-element-87c477d elementor-icon-list--layout-traditional elementor-list-item-link-full_width elementor-widget elementor-widget-icon-list\" data-id=\"87c477d\" data-element_type=\"widget\" data-widget_type=\"icon-list.default\">\n\t\t\t\t<div class=\"elementor-widget-container\">\n\t\t\t\t\t\t\t<ul class=\"elementor-icon-list-items\">\n\t\t\t\t\t\t\t<li class=\"elementor-icon-list-item\">\n\t\t\t\t\t\t\t\t\t\t\t<span class=\"elementor-icon-list-icon\">\n\t\t\t\t\t\t\t<svg xmlns=\"http:\/\/www.w3.org\/2000\/svg\" width=\"10\" height=\"10\" viewBox=\"0 0 10 10\"><rect id=\"Rect&#xE1;ngulo_3215\" data-name=\"Rect&#xE1;ngulo 3215\" width=\"10\" height=\"10\" fill=\"#f6ad32\"><\/rect><\/svg>\t\t\t\t\t\t<\/span>\n\t\t\t\t\t\t\t\t\t\t<span class=\"elementor-icon-list-text\">Herstellung unseres eigenen Rohstoffs unter Verwendung von recycelten Materialien und nicht von Prim\u00e4rrohstoffen<\/span>\n\t\t\t\t\t\t\t\t\t<\/li>\n\t\t\t\t\t\t<\/ul>\n\t\t\t\t\t\t<\/div>\n\t\t\t\t<\/div>\n\t\t\t\t<div class=\"elementor-element elementor-element-3a7ab44 elementor-icon-list--layout-traditional elementor-list-item-link-full_width elementor-widget elementor-widget-icon-list\" data-id=\"3a7ab44\" data-element_type=\"widget\" data-widget_type=\"icon-list.default\">\n\t\t\t\t<div class=\"elementor-widget-container\">\n\t\t\t\t\t\t\t<ul class=\"elementor-icon-list-items\">\n\t\t\t\t\t\t\t<li class=\"elementor-icon-list-item\">\n\t\t\t\t\t\t\t\t\t\t\t<span class=\"elementor-icon-list-icon\">\n\t\t\t\t\t\t\t<svg xmlns=\"http:\/\/www.w3.org\/2000\/svg\" width=\"10\" height=\"10\" viewBox=\"0 0 10 10\"><rect id=\"Rect&#xE1;ngulo_3215\" data-name=\"Rect&#xE1;ngulo 3215\" width=\"10\" height=\"10\" fill=\"#f6ad32\"><\/rect><\/svg>\t\t\t\t\t\t<\/span>\n\t\t\t\t\t\t\t\t\t\t<span class=\"elementor-icon-list-text\">Eine produktive T\u00e4tigkeit, die es uns erm\u00f6glicht, die Erzeugung von Kohlenstoff zu minimieren.<\/span>\n\t\t\t\t\t\t\t\t\t<\/li>\n\t\t\t\t\t\t<\/ul>\n\t\t\t\t\t\t<\/div>\n\t\t\t\t<\/div>\n\t\t\t\t<div class=\"elementor-element elementor-element-83c2aad elementor-widget elementor-widget-text-editor\" data-id=\"83c2aad\" data-element_type=\"widget\" data-widget_type=\"text-editor.default\">\n\t\t\t\t<div class=\"elementor-widget-container\">\n\t\t\t\t\t\t\t\t\t<p>Abschlie\u00dfend ein Thema, das es uns erm\u00f6glicht, eine Zukunft f\u00fcr alle aufzubauen.<\/p>\n\t\t\t\t\t\t\t\t<\/div>\n\t\t\t\t<\/div>\n\t\t\t\t<\/div>\n\t\t<div class=\"elementor-element elementor-element-4b1cc4f e-con-full elementor-hidden-desktop elementor-hidden-laptop e-flex e-con e-child\" data-id=\"4b1cc4f\" data-element_type=\"container\" data-settings=\"{&quot;background_background&quot;:&quot;classic&quot;,&quot;jet_parallax_layout_list&quot;:[]}\">\n\t\t\t\t<\/div>\n\t\t<div class=\"elementor-element elementor-element-7ff6db6 e-con-full e-flex e-con e-child\" data-id=\"7ff6db6\" data-element_type=\"container\" data-settings=\"{&quot;background_background&quot;:&quot;classic&quot;,&quot;jet_parallax_layout_list&quot;:[]}\">\n\t\t\t\t<div class=\"elementor-element elementor-element-40bcfce elementor-widget elementor-widget-heading\" data-id=\"40bcfce\" data-element_type=\"widget\" data-widget_type=\"heading.default\">\n\t\t\t\t<div class=\"elementor-widget-container\">\n\t\t\t\t\t<h2 class=\"elementor-heading-title elementor-size-default\">Welche M\u00f6glichkeiten \nbieten wir Ihnen mit F\u00e9nix?<\/h2>\t\t\t\t<\/div>\n\t\t\t\t<\/div>\n\t\t\t\t<div class=\"elementor-element elementor-element-1d97f4e elementor-widget elementor-widget-heading\" data-id=\"1d97f4e\" data-element_type=\"widget\" data-widget_type=\"heading.default\">\n\t\t\t\t<div class=\"elementor-widget-container\">\n\t\t\t\t\t<h5 class=\"elementor-heading-title elementor-size-default\">Mechanische Eigenschaften von recyceltem Aluminiumkn\u00fcppel<\/h5>\t\t\t\t<\/div>\n\t\t\t\t<\/div>\n\t\t\t\t<div class=\"elementor-element elementor-element-4416d09 elementor-icon-list--layout-traditional elementor-list-item-link-full_width elementor-widget elementor-widget-icon-list\" data-id=\"4416d09\" data-element_type=\"widget\" data-widget_type=\"icon-list.default\">\n\t\t\t\t<div class=\"elementor-widget-container\">\n\t\t\t\t\t\t\t<ul class=\"elementor-icon-list-items\">\n\t\t\t\t\t\t\t<li class=\"elementor-icon-list-item\">\n\t\t\t\t\t\t\t\t\t\t\t<span class=\"elementor-icon-list-icon\">\n\t\t\t\t\t\t\t<svg xmlns=\"http:\/\/www.w3.org\/2000\/svg\" width=\"10\" height=\"10\" viewBox=\"0 0 10 10\"><rect id=\"Rect&#xE1;ngulo_3215\" data-name=\"Rect&#xE1;ngulo 3215\" width=\"10\" height=\"10\" fill=\"#f6ad32\"><\/rect><\/svg>\t\t\t\t\t\t<\/span>\n\t\t\t\t\t\t\t\t\t\t<span class=\"elementor-icon-list-text\">Legierungen: 6060 - 6063 <\/span>\n\t\t\t\t\t\t\t\t\t<\/li>\n\t\t\t\t\t\t<\/ul>\n\t\t\t\t\t\t<\/div>\n\t\t\t\t<\/div>\n\t\t\t\t<div class=\"elementor-element elementor-element-51b5d93 elementor-icon-list--layout-traditional elementor-list-item-link-full_width elementor-widget elementor-widget-icon-list\" data-id=\"51b5d93\" data-element_type=\"widget\" data-widget_type=\"icon-list.default\">\n\t\t\t\t<div class=\"elementor-widget-container\">\n\t\t\t\t\t\t\t<ul class=\"elementor-icon-list-items\">\n\t\t\t\t\t\t\t<li class=\"elementor-icon-list-item\">\n\t\t\t\t\t\t\t\t\t\t\t<span class=\"elementor-icon-list-icon\">\n\t\t\t\t\t\t\t<svg xmlns=\"http:\/\/www.w3.org\/2000\/svg\" width=\"10\" height=\"10\" viewBox=\"0 0 10 10\"><rect id=\"Rect&#xE1;ngulo_3215\" data-name=\"Rect&#xE1;ngulo 3215\" width=\"10\" height=\"10\" fill=\"#f6ad32\"><\/rect><\/svg>\t\t\t\t\t\t<\/span>\n\t\t\t\t\t\t\t\t\t\t<span class=\"elementor-icon-list-text\">Abmessungen: F\u00fcr alle unsere Extrusionspressen Abmessungen* <\/span>\n\t\t\t\t\t\t\t\t\t<\/li>\n\t\t\t\t\t\t<\/ul>\n\t\t\t\t\t\t<\/div>\n\t\t\t\t<\/div>\n\t\t\t\t<div class=\"elementor-element elementor-element-d7c1ff5 elementor-widget elementor-widget-button\" data-id=\"d7c1ff5\" data-element_type=\"widget\" data-widget_type=\"button.default\">\n\t\t\t\t<div class=\"elementor-widget-container\">\n\t\t\t\t\t\t\t\t\t<div class=\"elementor-button-wrapper\">\n\t\t\t\t\t<a class=\"elementor-button elementor-button-link elementor-size-sm\" href=\"https:\/\/www.extrugasa.com\/servicios\/extrusion\/#medidas\" target=\"_blank\" rel=\"nofollow\">\n\t\t\t\t\t\t<span class=\"elementor-button-content-wrapper\">\n\t\t\t\t\t\t\t\t\t<span class=\"elementor-button-text\">Abmessungen anzeigen<\/span>\n\t\t\t\t\t<\/span>\n\t\t\t\t\t<\/a>\n\t\t\t\t<\/div>\n\t\t\t\t\t\t\t\t<\/div>\n\t\t\t\t<\/div>\n\t\t\t\t<\/div>\n\t\t<div class=\"elementor-element elementor-element-83873a7 e-con-full elementor-hidden-tablet elementor-hidden-mobile e-flex e-con e-child\" data-id=\"83873a7\" data-element_type=\"container\" data-settings=\"{&quot;jet_parallax_layout_list&quot;:[]}\">\n\t\t\t\t<\/div>\n\t\t\t\t\t<\/div>\n\t\t\t\t<\/div>\n\t\t<div class=\"elementor-element elementor-element-0f3046e e-con-full e-flex e-con e-parent\" data-id=\"0f3046e\" data-element_type=\"container\" data-settings=\"{&quot;background_background&quot;:&quot;classic&quot;,&quot;jet_parallax_layout_list&quot;:[]}\">\n\t\t\t\t<div class=\"elementor-element elementor-element-9907a05 elementor-widget elementor-widget-heading\" data-id=\"9907a05\" data-element_type=\"widget\" data-widget_type=\"heading.default\">\n\t\t\t\t<div class=\"elementor-widget-container\">\n\t\t\t\t\t<h2 class=\"elementor-heading-title elementor-size-default\">Aluminium<\/h2>\t\t\t\t<\/div>\n\t\t\t\t<\/div>\n\t\t\t\t<div class=\"elementor-element elementor-element-278879b elementor-widget elementor-widget-heading\" data-id=\"278879b\" data-element_type=\"widget\" data-widget_type=\"heading.default\">\n\t\t\t\t<div class=\"elementor-widget-container\">\n\t\t\t\t\t<h2 class=\"elementor-heading-title elementor-size-default\">Reduces. Reuse. Recycle<\/h2>\t\t\t\t<\/div>\n\t\t\t\t<\/div>\n\t\t\t\t<\/div>\n\t\t<div class=\"elementor-element elementor-element-bf30579 e-flex e-con-boxed e-con e-parent\" data-id=\"bf30579\" data-element_type=\"container\" data-settings=\"{&quot;background_background&quot;:&quot;classic&quot;,&quot;jet_parallax_layout_list&quot;:[]}\">\n\t\t\t\t\t<div class=\"e-con-inner\">\n\t\t\t\t<div class=\"elementor-element elementor-element-059a40c elementor-widget elementor-widget-image\" data-id=\"059a40c\" data-element_type=\"widget\" data-widget_type=\"image.default\">\n\t\t\t\t<div class=\"elementor-widget-container\">\n\t\t\t\t\t\t\t\t\t\t\t\t\t\t\t<img fetchpriority=\"high\" decoding=\"async\" width=\"418\" height=\"210\" src=\"https:\/\/www.extrugasa.com\/wp-content\/uploads\/2024\/05\/lOGO-iNFINITAMENTE-RGB-POS-VERTICAL.svg\" class=\"attachment-large size-large wp-image-6642\" alt=\"\" \/>\t\t\t\t\t\t\t\t\t\t\t\t\t\t\t<\/div>\n\t\t\t\t<\/div>\n\t\t\t\t<div class=\"elementor-element elementor-element-7056400 elementor-widget elementor-widget-heading\" data-id=\"7056400\" data-element_type=\"widget\" data-widget_type=\"heading.default\">\n\t\t\t\t<div class=\"elementor-widget-container\">\n\t\t\t\t\t<h2 class=\"elementor-heading-title elementor-size-default\">Wir sind Teil der AEA<\/h2>\t\t\t\t<\/div>\n\t\t\t\t<\/div>\n\t\t\t\t<div class=\"elementor-element elementor-element-f35d210 elementor-align-center elementor-widget elementor-widget-button\" data-id=\"f35d210\" data-element_type=\"widget\" data-widget_type=\"button.default\">\n\t\t\t\t<div class=\"elementor-widget-container\">\n\t\t\t\t\t\t\t\t\t<div class=\"elementor-button-wrapper\">\n\t\t\t\t\t<a class=\"elementor-button elementor-button-link elementor-size-sm\" href=\"https:\/\/www.asoc-aluminio.es\/el-aluminio#ventajas\" target=\"_blank\" rel=\"nofollow\">\n\t\t\t\t\t\t<span class=\"elementor-button-content-wrapper\">\n\t\t\t\t\t\t\t\t\t<span class=\"elementor-button-text\">Weitere Informationen<\/span>\n\t\t\t\t\t<\/span>\n\t\t\t\t\t<\/a>\n\t\t\t\t<\/div>\n\t\t\t\t\t\t\t\t<\/div>\n\t\t\t\t<\/div>\n\t\t\t\t\t<\/div>\n\t\t\t\t<\/div>\n\t\t\t\t<\/div>\n\t\t","protected":false},"excerpt":{"rendered":"<p>Kn\u00fcppel aus recyceltem Aluminium Ein Material auf Knopfdruck um eine Bessere Zukunft F\u00e9nix ist der Aluminium-Achtzylindermit 99,9 % Aluminiumschrott, der in der Extrugasa hergestellt wird. Es ist das Ergebnis einer Innovationsanstrengung, um unsere Hauptziele zu erreichen Null Abfall Herstellung unseres eigenen Rohstoffs unter Verwendung von recycelten Materialien und nicht von Prim\u00e4rrohstoffen Eine produktive T\u00e4tigkeit, die [&hellip;]<\/p>\n","protected":false},"author":3,"featured_media":0,"parent":0,"menu_order":0,"comment_status":"closed","ping_status":"closed","template":"","meta":{"_monsterinsights_skip_tracking":false,"_monsterinsights_sitenote_active":false,"_monsterinsights_sitenote_note":"","_monsterinsights_sitenote_category":0,"footnotes":""},"class_list":["post-8006","page","type-page","status-publish","hentry"],"yoast_head":"<!-- This site is optimized with the Yoast SEO plugin v27.5 - https:\/\/yoast.com\/product\/yoast-seo-wordpress\/ -->\n<title>Fenix, Kn\u00fcppel aus recyceltem Aluminium | Extrugasa<\/title>\n<meta name=\"description\" content=\"F\u00e9nix, der Kn\u00fcppel aus recyceltem Aluminium von Extrugasa f\u00fcr Bau- und Industrieprojekte. Mit 99,9 % recyceltem Aluminiumschrott.\" \/>\n<meta name=\"robots\" content=\"index, follow, max-snippet:-1, max-image-preview:large, max-video-preview:-1\" \/>\n<link rel=\"canonical\" href=\"https:\/\/www.extrugasa.com\/de\/phoenix\" \/>\n<meta property=\"og:locale\" content=\"de_DE\" \/>\n<meta property=\"og:type\" content=\"article\" \/>\n<meta property=\"og:title\" content=\"Fenix, Kn\u00fcppel aus recyceltem Aluminium | Extrugasa\" \/>\n<meta property=\"og:description\" content=\"F\u00e9nix, der Kn\u00fcppel aus recyceltem Aluminium von Extrugasa f\u00fcr Bau- und Industrieprojekte. Mit 99,9 % recyceltem Aluminiumschrott.\" \/>\n<meta property=\"og:url\" content=\"https:\/\/www.extrugasa.com\/de\/phoenix\" \/>\n<meta property=\"og:site_name\" content=\"Extrugasa\" \/>\n<meta property=\"article:modified_time\" content=\"2026-02-23T16:19:39+00:00\" \/>\n<meta property=\"og:image\" content=\"https:\/\/www.extrugasa.com\/wp-content\/uploads\/2024\/05\/fenix_logo.svg\" \/>\n<meta name=\"twitter:card\" content=\"summary_large_image\" \/>\n<meta name=\"twitter:label1\" content=\"Gesch\u00e4tzte Lesezeit\" \/>\n\t<meta name=\"twitter:data1\" content=\"1\u00a0Minute\" \/>\n<script type=\"application\/ld+json\" class=\"yoast-schema-graph\">{\"@context\":\"https:\\\/\\\/schema.org\",\"@graph\":[{\"@type\":\"WebPage\",\"@id\":\"https:\\\/\\\/www.extrugasa.com\\\/de\\\/phoenix\",\"url\":\"https:\\\/\\\/www.extrugasa.com\\\/de\\\/phoenix\",\"name\":\"Fenix, Kn\u00fcppel aus recyceltem Aluminium | Extrugasa\",\"isPartOf\":{\"@id\":\"https:\\\/\\\/www.extrugasa.com\\\/de#website\"},\"primaryImageOfPage\":{\"@id\":\"https:\\\/\\\/www.extrugasa.com\\\/de\\\/phoenix#primaryimage\"},\"image\":{\"@id\":\"https:\\\/\\\/www.extrugasa.com\\\/de\\\/phoenix#primaryimage\"},\"thumbnailUrl\":\"https:\\\/\\\/www.extrugasa.com\\\/wp-content\\\/uploads\\\/2024\\\/05\\\/fenix_logo.svg\",\"datePublished\":\"2024-05-15T08:26:07+00:00\",\"dateModified\":\"2026-02-23T16:19:39+00:00\",\"description\":\"F\u00e9nix, der Kn\u00fcppel aus recyceltem Aluminium von Extrugasa f\u00fcr Bau- und Industrieprojekte. Mit 99,9 % recyceltem Aluminiumschrott.\",\"breadcrumb\":{\"@id\":\"https:\\\/\\\/www.extrugasa.com\\\/de\\\/phoenix#breadcrumb\"},\"inLanguage\":\"de\",\"potentialAction\":[{\"@type\":\"ReadAction\",\"target\":[\"https:\\\/\\\/www.extrugasa.com\\\/de\\\/phoenix\"]}]},{\"@type\":\"ImageObject\",\"inLanguage\":\"de\",\"@id\":\"https:\\\/\\\/www.extrugasa.com\\\/de\\\/phoenix#primaryimage\",\"url\":\"https:\\\/\\\/www.extrugasa.com\\\/wp-content\\\/uploads\\\/2024\\\/05\\\/fenix_logo.svg\",\"contentUrl\":\"https:\\\/\\\/www.extrugasa.com\\\/wp-content\\\/uploads\\\/2024\\\/05\\\/fenix_logo.svg\"},{\"@type\":\"BreadcrumbList\",\"@id\":\"https:\\\/\\\/www.extrugasa.com\\\/de\\\/phoenix#breadcrumb\",\"itemListElement\":[{\"@type\":\"ListItem\",\"position\":1,\"name\":\"Startseite\",\"item\":\"https:\\\/\\\/www.extrugasa.com\\\/de\"},{\"@type\":\"ListItem\",\"position\":2,\"name\":\"Fenix\"}]},{\"@type\":\"WebSite\",\"@id\":\"https:\\\/\\\/www.extrugasa.com\\\/de#website\",\"url\":\"https:\\\/\\\/www.extrugasa.com\\\/de\",\"name\":\"Extrugasa\",\"description\":\"Proveedor de aluminio\",\"potentialAction\":[{\"@type\":\"SearchAction\",\"target\":{\"@type\":\"EntryPoint\",\"urlTemplate\":\"https:\\\/\\\/www.extrugasa.com\\\/de?s={search_term_string}\"},\"query-input\":{\"@type\":\"PropertyValueSpecification\",\"valueRequired\":true,\"valueName\":\"search_term_string\"}}],\"inLanguage\":\"de\"}]}<\/script>\n<!-- \/ Yoast SEO plugin. -->","yoast_head_json":{"title":"Fenix, Kn\u00fcppel aus recyceltem Aluminium | Extrugasa","description":"F\u00e9nix, der Kn\u00fcppel aus recyceltem Aluminium von Extrugasa f\u00fcr Bau- und Industrieprojekte. Mit 99,9 % recyceltem Aluminiumschrott.","robots":{"index":"index","follow":"follow","max-snippet":"max-snippet:-1","max-image-preview":"max-image-preview:large","max-video-preview":"max-video-preview:-1"},"canonical":"https:\/\/www.extrugasa.com\/de\/phoenix","og_locale":"de_DE","og_type":"article","og_title":"Fenix, Kn\u00fcppel aus recyceltem Aluminium | Extrugasa","og_description":"F\u00e9nix, der Kn\u00fcppel aus recyceltem Aluminium von Extrugasa f\u00fcr Bau- und Industrieprojekte. Mit 99,9 % recyceltem Aluminiumschrott.","og_url":"https:\/\/www.extrugasa.com\/de\/phoenix","og_site_name":"Extrugasa","article_modified_time":"2026-02-23T16:19:39+00:00","og_image":[{"url":"https:\/\/www.extrugasa.com\/wp-content\/uploads\/2024\/05\/fenix_logo.svg","type":"","width":"","height":""}],"twitter_card":"summary_large_image","twitter_misc":{"Gesch\u00e4tzte Lesezeit":"1\u00a0Minute"},"schema":{"@context":"https:\/\/schema.org","@graph":[{"@type":"WebPage","@id":"https:\/\/www.extrugasa.com\/de\/phoenix","url":"https:\/\/www.extrugasa.com\/de\/phoenix","name":"Fenix, Kn\u00fcppel aus recyceltem Aluminium | Extrugasa","isPartOf":{"@id":"https:\/\/www.extrugasa.com\/de#website"},"primaryImageOfPage":{"@id":"https:\/\/www.extrugasa.com\/de\/phoenix#primaryimage"},"image":{"@id":"https:\/\/www.extrugasa.com\/de\/phoenix#primaryimage"},"thumbnailUrl":"https:\/\/www.extrugasa.com\/wp-content\/uploads\/2024\/05\/fenix_logo.svg","datePublished":"2024-05-15T08:26:07+00:00","dateModified":"2026-02-23T16:19:39+00:00","description":"F\u00e9nix, der Kn\u00fcppel aus recyceltem Aluminium von Extrugasa f\u00fcr Bau- und Industrieprojekte. Mit 99,9 % recyceltem Aluminiumschrott.","breadcrumb":{"@id":"https:\/\/www.extrugasa.com\/de\/phoenix#breadcrumb"},"inLanguage":"de","potentialAction":[{"@type":"ReadAction","target":["https:\/\/www.extrugasa.com\/de\/phoenix"]}]},{"@type":"ImageObject","inLanguage":"de","@id":"https:\/\/www.extrugasa.com\/de\/phoenix#primaryimage","url":"https:\/\/www.extrugasa.com\/wp-content\/uploads\/2024\/05\/fenix_logo.svg","contentUrl":"https:\/\/www.extrugasa.com\/wp-content\/uploads\/2024\/05\/fenix_logo.svg"},{"@type":"BreadcrumbList","@id":"https:\/\/www.extrugasa.com\/de\/phoenix#breadcrumb","itemListElement":[{"@type":"ListItem","position":1,"name":"Startseite","item":"https:\/\/www.extrugasa.com\/de"},{"@type":"ListItem","position":2,"name":"Fenix"}]},{"@type":"WebSite","@id":"https:\/\/www.extrugasa.com\/de#website","url":"https:\/\/www.extrugasa.com\/de","name":"Extrugasa","description":"Proveedor de aluminio","potentialAction":[{"@type":"SearchAction","target":{"@type":"EntryPoint","urlTemplate":"https:\/\/www.extrugasa.com\/de?s={search_term_string}"},"query-input":{"@type":"PropertyValueSpecification","valueRequired":true,"valueName":"search_term_string"}}],"inLanguage":"de"}]}},"_links":{"self":[{"href":"https:\/\/www.extrugasa.com\/de\/wp-json\/wp\/v2\/pages\/8006","targetHints":{"allow":["GET"]}}],"collection":[{"href":"https:\/\/www.extrugasa.com\/de\/wp-json\/wp\/v2\/pages"}],"about":[{"href":"https:\/\/www.extrugasa.com\/de\/wp-json\/wp\/v2\/types\/page"}],"author":[{"embeddable":true,"href":"https:\/\/www.extrugasa.com\/de\/wp-json\/wp\/v2\/users\/3"}],"replies":[{"embeddable":true,"href":"https:\/\/www.extrugasa.com\/de\/wp-json\/wp\/v2\/comments?post=8006"}],"version-history":[{"count":8,"href":"https:\/\/www.extrugasa.com\/de\/wp-json\/wp\/v2\/pages\/8006\/revisions"}],"predecessor-version":[{"id":10455,"href":"https:\/\/www.extrugasa.com\/de\/wp-json\/wp\/v2\/pages\/8006\/revisions\/10455"}],"wp:attachment":[{"href":"https:\/\/www.extrugasa.com\/de\/wp-json\/wp\/v2\/media?parent=8006"}],"curies":[{"name":"wp","href":"https:\/\/api.w.org\/{rel}","templated":true}]}}