{"id":7985,"date":"2024-05-13T17:24:48","date_gmt":"2024-05-13T16:24:48","guid":{"rendered":"https:\/\/extrugasa.disomnia.com\/aluminium-in-geraeten"},"modified":"2026-02-23T17:19:37","modified_gmt":"2026-02-23T16:19:37","slug":"aluminium-in-geraeten","status":"publish","type":"page","link":"https:\/\/www.extrugasa.com\/de\/aluminium-in-geraeten","title":{"rendered":"Aluminium teams up"},"content":{"rendered":"\t\t<div data-elementor-type=\"wp-page\" data-elementor-id=\"7985\" class=\"elementor elementor-7985 elementor-2405\" data-elementor-post-type=\"page\">\n\t\t\t\t<div class=\"elementor-element elementor-element-4c3f3c5 elementor-hidden-mobile e-flex e-con-boxed e-con e-parent\" data-id=\"4c3f3c5\" data-element_type=\"container\" data-settings=\"{&quot;jet_parallax_layout_list&quot;:[]}\">\n\t\t\t\t\t<div class=\"e-con-inner\">\n\t\t\t\t<div class=\"elementor-element elementor-element-7036c86 elementor-widget elementor-widget-breadcrumbs\" data-id=\"7036c86\" data-element_type=\"widget\" data-widget_type=\"breadcrumbs.default\">\n\t\t\t\t<div class=\"elementor-widget-container\">\n\t\t\t\t\t<p id=\"breadcrumbs\"><span><span><a href=\"https:\/\/www.extrugasa.com\/de\">Startseite<\/a><\/span><\/span><\/p>\t\t\t\t<\/div>\n\t\t\t\t<\/div>\n\t\t\t\t\t<\/div>\n\t\t\t\t<\/div>\n\t\t<div class=\"elementor-element elementor-element-e3663ad e-con-full e-flex e-con e-parent\" data-id=\"e3663ad\" data-element_type=\"container\" data-settings=\"{&quot;background_background&quot;:&quot;classic&quot;,&quot;jet_parallax_layout_list&quot;:[]}\">\n\t\t<div class=\"elementor-element elementor-element-bfd62a2 e-flex e-con-boxed e-con e-child\" data-id=\"bfd62a2\" data-element_type=\"container\" data-settings=\"{&quot;jet_parallax_layout_list&quot;:[],&quot;background_background&quot;:&quot;classic&quot;}\">\n\t\t\t\t\t<div class=\"e-con-inner\">\n\t\t\t\t<div class=\"elementor-element elementor-element-85b1e2c elementor-widget elementor-widget-heading\" data-id=\"85b1e2c\" data-element_type=\"widget\" data-widget_type=\"heading.default\">\n\t\t\t\t<div class=\"elementor-widget-container\">\n\t\t\t\t\t<h1 class=\"elementor-heading-title elementor-size-default\">Aluminium teams up<\/h1>\t\t\t\t<\/div>\n\t\t\t\t<\/div>\n\t\t\t\t\t<\/div>\n\t\t\t\t<\/div>\n\t\t<div class=\"elementor-element elementor-element-1ade663 e-con-full e-flex e-con e-child\" data-id=\"1ade663\" data-element_type=\"container\" data-settings=\"{&quot;background_background&quot;:&quot;classic&quot;,&quot;jet_parallax_layout_list&quot;:[]}\">\n\t\t<div class=\"elementor-element elementor-element-f646f37 e-con-full e-flex e-con e-child\" data-id=\"f646f37\" data-element_type=\"container\" data-settings=\"{&quot;jet_parallax_layout_list&quot;:[],&quot;background_background&quot;:&quot;classic&quot;}\">\n\t\t\t\t<div class=\"elementor-element elementor-element-053c31d elementor-widget elementor-widget-heading\" data-id=\"053c31d\" data-element_type=\"widget\" data-widget_type=\"heading.default\">\n\t\t\t\t<div class=\"elementor-widget-container\">\n\t\t\t\t\t<h2 class=\"elementor-heading-title elementor-size-default\">Gemeinsam sind wir ein Team\n<\/h2>\t\t\t\t<\/div>\n\t\t\t\t<\/div>\n\t\t\t\t<div class=\"elementor-element elementor-element-5b777a5 elementor-widget elementor-widget-text-editor\" data-id=\"5b777a5\" data-element_type=\"widget\" data-widget_type=\"text-editor.default\">\n\t\t\t\t<div class=\"elementor-widget-container\">\n\t\t\t\t\t\t\t\t\t<p>Wir sind ein Familienunternehmen, das es mit einer mehr als 60-j\u00e4hrigen Geschichte und dank des Generationswechsels geschafft hat, sich im Tempo des Marktes neu zu erfinden.<\/p>\n<p>Aluminium ist der rote Faden, der uns dazu gebracht hat, interne Beziehungen zu Kunden und Lieferanten aufzubauen. Im Laufe der Zeit haben diese Beziehungen dazu gef\u00fchrt, dass der Mensch unsere zentrale Achse ist, ohne zu vergessen, dass Aluminium immer noch das ist, was uns alle verbindet.<\/p>\n\t\t\t\t\t\t\t\t<\/div>\n\t\t\t\t<\/div>\n\t\t\t\t<\/div>\n\t\t<div class=\"elementor-element elementor-element-c80a4fd e-flex e-con-boxed e-con e-child\" data-id=\"c80a4fd\" data-element_type=\"container\" data-settings=\"{&quot;jet_parallax_layout_list&quot;:[],&quot;background_background&quot;:&quot;classic&quot;}\">\n\t\t\t\t\t<div class=\"e-con-inner\">\n\t\t\t\t<div class=\"elementor-element elementor-element-7c5742a elementor-widget elementor-widget-spacer\" data-id=\"7c5742a\" data-element_type=\"widget\" data-widget_type=\"spacer.default\">\n\t\t\t\t<div class=\"elementor-widget-container\">\n\t\t\t\t\t\t\t<div class=\"elementor-spacer\">\n\t\t\t<div class=\"elementor-spacer-inner\"><\/div>\n\t\t<\/div>\n\t\t\t\t\t\t<\/div>\n\t\t\t\t<\/div>\n\t\t\t\t\t<\/div>\n\t\t\t\t<\/div>\n\t\t\t\t<\/div>\n\t\t<div class=\"elementor-element elementor-element-bd5c6bd e-con-full e-flex e-con e-child\" data-id=\"bd5c6bd\" data-element_type=\"container\" data-settings=\"{&quot;background_background&quot;:&quot;classic&quot;,&quot;jet_parallax_layout_list&quot;:[]}\">\n\t\t<div class=\"elementor-element elementor-element-ad96837 e-con-full elementor-hidden-tablet elementor-hidden-mobile e-flex e-con e-child\" data-id=\"ad96837\" data-element_type=\"container\" data-settings=\"{&quot;jet_parallax_layout_list&quot;:[]}\">\n\t\t\t\t<div class=\"elementor-element elementor-element-0a00a23 elementor-widget elementor-widget-spacer\" data-id=\"0a00a23\" data-element_type=\"widget\" data-widget_type=\"spacer.default\">\n\t\t\t\t<div class=\"elementor-widget-container\">\n\t\t\t\t\t\t\t<div class=\"elementor-spacer\">\n\t\t\t<div class=\"elementor-spacer-inner\"><\/div>\n\t\t<\/div>\n\t\t\t\t\t\t<\/div>\n\t\t\t\t<\/div>\n\t\t\t\t<\/div>\n\t\t<div class=\"elementor-element elementor-element-3a08aa9 e-con-full e-flex e-con e-child\" data-id=\"3a08aa9\" data-element_type=\"container\" data-settings=\"{&quot;jet_parallax_layout_list&quot;:[],&quot;background_background&quot;:&quot;classic&quot;}\">\n\t\t\t\t<div class=\"elementor-element elementor-element-8c2b2e6 elementor-widget elementor-widget-heading\" data-id=\"8c2b2e6\" data-element_type=\"widget\" data-widget_type=\"heading.default\">\n\t\t\t\t<div class=\"elementor-widget-container\">\n\t\t\t\t\t<h2 class=\"elementor-heading-title elementor-size-default\">Wir m\u00f6gen N\u00e4he und versuchen, sie in jedem Projekt widerzuspiegeln<\/h2>\t\t\t\t<\/div>\n\t\t\t\t<\/div>\n\t\t\t\t<div class=\"elementor-element elementor-element-e2b1c17 elementor-widget elementor-widget-text-editor\" data-id=\"e2b1c17\" data-element_type=\"widget\" data-widget_type=\"text-editor.default\">\n\t\t\t\t<div class=\"elementor-widget-container\">\n\t\t\t\t\t\t\t\t\t<p>Unser Ziel ist es, dass der Kunde dies durch die Menschen sp\u00fcrt, die Extrugasa ausmachen, die ihn mit Rat und Tat unterst\u00fctzen und im Falle eines R\u00fcckschlags helfen. Deshalb versuchen wir, mehr als nur ein Aluminiumlieferant zu sein.<br \/>All diese Bem\u00fchungen haben zu vertrauensvollen Beziehungen zu unseren derzeitigen Kunden und Partnern gef\u00fchrt, um die wir uns k\u00fcmmern und um die wir uns k\u00fcmmern, damit sie ihre Erfahrungen mit Extrugasa positiv bewerten und mit uns weitermachen k\u00f6nnen.<\/p>\n\t\t\t\t\t\t\t\t<\/div>\n\t\t\t\t<\/div>\n\t\t\t\t<\/div>\n\t\t\t\t<\/div>\n\t\t\t\t<\/div>\n\t\t\t\t<\/div>\n\t\t","protected":false},"excerpt":{"rendered":"<p>Aluminium teams up Gemeinsam sind wir ein Team Wir sind ein Familienunternehmen, das es mit einer mehr als 60-j\u00e4hrigen Geschichte und dank des Generationswechsels geschafft hat, sich im Tempo des Marktes neu zu erfinden. Aluminium ist der rote Faden, der uns dazu gebracht hat, interne Beziehungen zu Kunden und Lieferanten aufzubauen. Im Laufe der Zeit [&hellip;]<\/p>\n","protected":false},"author":3,"featured_media":0,"parent":0,"menu_order":0,"comment_status":"closed","ping_status":"closed","template":"","meta":{"_monsterinsights_skip_tracking":false,"_monsterinsights_sitenote_active":false,"_monsterinsights_sitenote_note":"","_monsterinsights_sitenote_category":0,"footnotes":""},"class_list":["post-7985","page","type-page","status-publish","hentry"],"yoast_head":"<!-- This site is optimized with the Yoast SEO plugin v27.5 - https:\/\/yoast.com\/product\/yoast-seo-wordpress\/ -->\n<title>Aluminium teams up | Extrugasa<\/title>\n<meta name=\"description\" content=\"Aluminium ist der rote Faden, der uns dazu gebracht hat, interne Beziehungen zu Kunden und Lieferanten aufzubauen.\" \/>\n<meta name=\"robots\" content=\"index, follow, max-snippet:-1, max-image-preview:large, max-video-preview:-1\" \/>\n<link rel=\"canonical\" href=\"https:\/\/www.extrugasa.com\/de\/aluminium-in-geraeten\" \/>\n<meta property=\"og:locale\" content=\"de_DE\" \/>\n<meta property=\"og:type\" content=\"article\" \/>\n<meta property=\"og:title\" content=\"Aluminium teams up | Extrugasa\" \/>\n<meta property=\"og:description\" content=\"Aluminium ist der rote Faden, der uns dazu gebracht hat, interne Beziehungen zu Kunden und Lieferanten aufzubauen.\" \/>\n<meta property=\"og:url\" content=\"https:\/\/www.extrugasa.com\/de\/aluminium-in-geraeten\" \/>\n<meta property=\"og:site_name\" content=\"Extrugasa\" \/>\n<meta property=\"article:modified_time\" content=\"2026-02-23T16:19:37+00:00\" \/>\n<meta name=\"twitter:card\" content=\"summary_large_image\" \/>\n<meta name=\"twitter:label1\" content=\"Gesch\u00e4tzte Lesezeit\" \/>\n\t<meta name=\"twitter:data1\" content=\"1\u00a0Minute\" \/>\n<script type=\"application\/ld+json\" class=\"yoast-schema-graph\">{\"@context\":\"https:\\\/\\\/schema.org\",\"@graph\":[{\"@type\":\"WebPage\",\"@id\":\"https:\\\/\\\/www.extrugasa.com\\\/de\\\/aluminium-in-geraeten\",\"url\":\"https:\\\/\\\/www.extrugasa.com\\\/de\\\/aluminium-in-geraeten\",\"name\":\"Aluminium teams up | Extrugasa\",\"isPartOf\":{\"@id\":\"https:\\\/\\\/www.extrugasa.com\\\/de#website\"},\"datePublished\":\"2024-05-13T16:24:48+00:00\",\"dateModified\":\"2026-02-23T16:19:37+00:00\",\"description\":\"Aluminium ist der rote Faden, der uns dazu gebracht hat, interne Beziehungen zu Kunden und Lieferanten aufzubauen.\",\"breadcrumb\":{\"@id\":\"https:\\\/\\\/www.extrugasa.com\\\/de\\\/aluminium-in-geraeten#breadcrumb\"},\"inLanguage\":\"de\",\"potentialAction\":[{\"@type\":\"ReadAction\",\"target\":[\"https:\\\/\\\/www.extrugasa.com\\\/de\\\/aluminium-in-geraeten\"]}]},{\"@type\":\"BreadcrumbList\",\"@id\":\"https:\\\/\\\/www.extrugasa.com\\\/de\\\/aluminium-in-geraeten#breadcrumb\",\"itemListElement\":[{\"@type\":\"ListItem\",\"position\":1,\"name\":\"Startseite\",\"item\":\"https:\\\/\\\/www.extrugasa.com\\\/de\"},{\"@type\":\"ListItem\",\"position\":2,\"name\":\"Aluminium teams up\"}]},{\"@type\":\"WebSite\",\"@id\":\"https:\\\/\\\/www.extrugasa.com\\\/de#website\",\"url\":\"https:\\\/\\\/www.extrugasa.com\\\/de\",\"name\":\"Extrugasa\",\"description\":\"Proveedor de aluminio\",\"potentialAction\":[{\"@type\":\"SearchAction\",\"target\":{\"@type\":\"EntryPoint\",\"urlTemplate\":\"https:\\\/\\\/www.extrugasa.com\\\/de?s={search_term_string}\"},\"query-input\":{\"@type\":\"PropertyValueSpecification\",\"valueRequired\":true,\"valueName\":\"search_term_string\"}}],\"inLanguage\":\"de\"}]}<\/script>\n<!-- \/ Yoast SEO plugin. -->","yoast_head_json":{"title":"Aluminium teams up | Extrugasa","description":"Aluminium ist der rote Faden, der uns dazu gebracht hat, interne Beziehungen zu Kunden und Lieferanten aufzubauen.","robots":{"index":"index","follow":"follow","max-snippet":"max-snippet:-1","max-image-preview":"max-image-preview:large","max-video-preview":"max-video-preview:-1"},"canonical":"https:\/\/www.extrugasa.com\/de\/aluminium-in-geraeten","og_locale":"de_DE","og_type":"article","og_title":"Aluminium teams up | Extrugasa","og_description":"Aluminium ist der rote Faden, der uns dazu gebracht hat, interne Beziehungen zu Kunden und Lieferanten aufzubauen.","og_url":"https:\/\/www.extrugasa.com\/de\/aluminium-in-geraeten","og_site_name":"Extrugasa","article_modified_time":"2026-02-23T16:19:37+00:00","twitter_card":"summary_large_image","twitter_misc":{"Gesch\u00e4tzte Lesezeit":"1\u00a0Minute"},"schema":{"@context":"https:\/\/schema.org","@graph":[{"@type":"WebPage","@id":"https:\/\/www.extrugasa.com\/de\/aluminium-in-geraeten","url":"https:\/\/www.extrugasa.com\/de\/aluminium-in-geraeten","name":"Aluminium teams up | Extrugasa","isPartOf":{"@id":"https:\/\/www.extrugasa.com\/de#website"},"datePublished":"2024-05-13T16:24:48+00:00","dateModified":"2026-02-23T16:19:37+00:00","description":"Aluminium ist der rote Faden, der uns dazu gebracht hat, interne Beziehungen zu Kunden und Lieferanten aufzubauen.","breadcrumb":{"@id":"https:\/\/www.extrugasa.com\/de\/aluminium-in-geraeten#breadcrumb"},"inLanguage":"de","potentialAction":[{"@type":"ReadAction","target":["https:\/\/www.extrugasa.com\/de\/aluminium-in-geraeten"]}]},{"@type":"BreadcrumbList","@id":"https:\/\/www.extrugasa.com\/de\/aluminium-in-geraeten#breadcrumb","itemListElement":[{"@type":"ListItem","position":1,"name":"Startseite","item":"https:\/\/www.extrugasa.com\/de"},{"@type":"ListItem","position":2,"name":"Aluminium teams up"}]},{"@type":"WebSite","@id":"https:\/\/www.extrugasa.com\/de#website","url":"https:\/\/www.extrugasa.com\/de","name":"Extrugasa","description":"Proveedor de aluminio","potentialAction":[{"@type":"SearchAction","target":{"@type":"EntryPoint","urlTemplate":"https:\/\/www.extrugasa.com\/de?s={search_term_string}"},"query-input":{"@type":"PropertyValueSpecification","valueRequired":true,"valueName":"search_term_string"}}],"inLanguage":"de"}]}},"_links":{"self":[{"href":"https:\/\/www.extrugasa.com\/de\/wp-json\/wp\/v2\/pages\/7985","targetHints":{"allow":["GET"]}}],"collection":[{"href":"https:\/\/www.extrugasa.com\/de\/wp-json\/wp\/v2\/pages"}],"about":[{"href":"https:\/\/www.extrugasa.com\/de\/wp-json\/wp\/v2\/types\/page"}],"author":[{"embeddable":true,"href":"https:\/\/www.extrugasa.com\/de\/wp-json\/wp\/v2\/users\/3"}],"replies":[{"embeddable":true,"href":"https:\/\/www.extrugasa.com\/de\/wp-json\/wp\/v2\/comments?post=7985"}],"version-history":[{"count":6,"href":"https:\/\/www.extrugasa.com\/de\/wp-json\/wp\/v2\/pages\/7985\/revisions"}],"predecessor-version":[{"id":8998,"href":"https:\/\/www.extrugasa.com\/de\/wp-json\/wp\/v2\/pages\/7985\/revisions\/8998"}],"wp:attachment":[{"href":"https:\/\/www.extrugasa.com\/de\/wp-json\/wp\/v2\/media?parent=7985"}],"curies":[{"name":"wp","href":"https:\/\/api.w.org\/{rel}","templated":true}]}}