{"id":7832,"date":"2024-06-18T15:41:07","date_gmt":"2024-06-18T14:41:07","guid":{"rendered":"https:\/\/extrugasa.disomnia.com\/aluman"},"modified":"2024-07-02T14:24:35","modified_gmt":"2024-07-02T14:24:35","slug":"aluman","status":"publish","type":"page","link":"https:\/\/www.extrugasa.com\/de\/aluman","title":{"rendered":"Aluman"},"content":{"rendered":"\t\t<div data-elementor-type=\"wp-page\" data-elementor-id=\"7832\" class=\"elementor elementor-7832 elementor-5966\" data-elementor-post-type=\"page\">\n\t\t\t\t<div class=\"elementor-element elementor-element-4cca7b8 elementor-hidden-mobile e-flex e-con-boxed e-con e-parent\" data-id=\"4cca7b8\" data-element_type=\"container\" data-settings=\"{&quot;jet_parallax_layout_list&quot;:[]}\">\n\t\t\t\t\t<div class=\"e-con-inner\">\n\t\t\t\t<div class=\"elementor-element elementor-element-8a2dc19 elementor-widget elementor-widget-breadcrumbs\" data-id=\"8a2dc19\" data-element_type=\"widget\" data-widget_type=\"breadcrumbs.default\">\n\t\t\t\t<div class=\"elementor-widget-container\">\n\t\t\t\t\t<p id=\"breadcrumbs\"><span><span><a href=\"https:\/\/www.extrugasa.com\/de\">Startseite<\/a><\/span><\/span><\/p>\t\t\t\t<\/div>\n\t\t\t\t<\/div>\n\t\t\t\t\t<\/div>\n\t\t\t\t<\/div>\n\t\t<div class=\"elementor-element elementor-element-7840f80 e-flex e-con-boxed e-con e-parent\" data-id=\"7840f80\" data-element_type=\"container\" data-settings=\"{&quot;background_background&quot;:&quot;classic&quot;,&quot;jet_parallax_layout_list&quot;:[]}\">\n\t\t\t\t\t<div class=\"e-con-inner\">\n\t\t\t\t<div class=\"elementor-element elementor-element-693f620 elementor-widget elementor-widget-heading\" data-id=\"693f620\" data-element_type=\"widget\" data-widget_type=\"heading.default\">\n\t\t\t\t<div class=\"elementor-widget-container\">\n\t\t\t\t\t<h1 class=\"elementor-heading-title elementor-size-default\">Aluman<\/h1>\t\t\t\t<\/div>\n\t\t\t\t<\/div>\n\t\t\t\t<div class=\"elementor-element elementor-element-1bfaa2e elementor-widget elementor-widget-heading\" data-id=\"1bfaa2e\" data-element_type=\"widget\" data-widget_type=\"heading.default\">\n\t\t\t\t<div class=\"elementor-widget-container\">\n\t\t\t\t\t<h2 class=\"elementor-heading-title elementor-size-default\">Inditex Hauptsitz<\/h2>\t\t\t\t<\/div>\n\t\t\t\t<\/div>\n\t\t\t\t\t<\/div>\n\t\t\t\t<\/div>\n\t\t<div class=\"elementor-element elementor-element-5705ad8 e-flex e-con-boxed e-con e-parent\" data-id=\"5705ad8\" data-element_type=\"container\" data-settings=\"{&quot;jet_parallax_layout_list&quot;:[],&quot;background_background&quot;:&quot;classic&quot;}\">\n\t\t\t\t\t<div class=\"e-con-inner\">\n\t\t<div class=\"elementor-element elementor-element-702247c e-flex e-con-boxed e-con e-child\" data-id=\"702247c\" data-element_type=\"container\" data-settings=\"{&quot;jet_parallax_layout_list&quot;:[]}\">\n\t\t\t\t\t<div class=\"e-con-inner\">\n\t\t\t\t<div class=\"elementor-element elementor-element-a646130 elementor-widget elementor-widget-heading\" data-id=\"a646130\" data-element_type=\"widget\" data-widget_type=\"heading.default\">\n\t\t\t\t<div class=\"elementor-widget-container\">\n\t\t\t\t\t<h2 class=\"elementor-heading-title elementor-size-default\">Aluminium im Team mit Aluman<\/h2>\t\t\t\t<\/div>\n\t\t\t\t<\/div>\n\t\t\t\t<div class=\"elementor-element elementor-element-db53920 elementor-widget elementor-widget-text-editor\" data-id=\"db53920\" data-element_type=\"widget\" data-widget_type=\"text-editor.default\">\n\t\t\t\t<div class=\"elementor-widget-container\">\n\t\t\t\t\t\t\t\t\t<p>Schlichtheit, Ger\u00e4umigkeit, Energieeffizienz und Nachhaltigkeit sind die unterschiedlichen Werte dieses Projekts, das zu einem<br \/>Geb\u00e4ude mit eigener Pers\u00f6nlichkeit im Zentrum der Gesch\u00e4ftst\u00e4tigkeit von Inditex in Arteixo &#8211; A Coru\u00f1a.<\/p>\n\t\t\t\t\t\t\t\t<\/div>\n\t\t\t\t<\/div>\n\t\t\t\t\t<\/div>\n\t\t\t\t<\/div>\n\t\t\t\t\t<\/div>\n\t\t\t\t<\/div>\n\t\t<div class=\"elementor-element elementor-element-8a5ba1d e-flex e-con-boxed e-con e-parent\" data-id=\"8a5ba1d\" data-element_type=\"container\" data-settings=\"{&quot;background_background&quot;:&quot;classic&quot;,&quot;jet_parallax_layout_list&quot;:[]}\">\n\t\t\t\t\t<div class=\"e-con-inner\">\n\t\t<div class=\"elementor-element elementor-element-36f7dec e-con-full e-flex e-con e-child\" data-id=\"36f7dec\" data-element_type=\"container\" data-settings=\"{&quot;background_background&quot;:&quot;classic&quot;,&quot;jet_parallax_layout_list&quot;:[]}\">\n\t\t\t\t<div class=\"elementor-element elementor-element-1e68f54 elementor-widget elementor-widget-heading\" data-id=\"1e68f54\" data-element_type=\"widget\" data-widget_type=\"heading.default\">\n\t\t\t\t<div class=\"elementor-widget-container\">\n\t\t\t\t\t<h2 class=\"elementor-heading-title elementor-size-default\">Ein nachhaltiger und effizienter Hauptsitz<\/h2>\t\t\t\t<\/div>\n\t\t\t\t<\/div>\n\t\t\t\t<div class=\"elementor-element elementor-element-76cbb8b elementor-widget elementor-widget-text-editor\" data-id=\"76cbb8b\" data-element_type=\"widget\" data-widget_type=\"text-editor.default\">\n\t\t\t\t<div class=\"elementor-widget-container\">\n\t\t\t\t\t\t\t\t\t<p><strong>20.000 Quadratmeter Umschlag<\/strong><\/p>\n<p>Das Geb\u00e4ude mit einer Gesamtfl\u00e4che von 125.000 m2 besteht aus f\u00fcnf Etagen mit einer L\u00e4nge von 230 Metern und einer Breite von 104 Metern. Die gro\u00dfz\u00fcgigen, offenen R\u00e4ume sollen eine dynamische Arbeitsumgebung schaffen.<\/p>\n<p>Dieses Projekt wurde vom Architekturb\u00fcro Batlleiroig entworfen und mit Aluminiumsystemen von Extrugasa ausgestattet, wobei die wei\u00dfe Oberfl\u00e4che der Linie des Nachbargeb\u00e4udes folgt, mit dem es verbunden wird.<\/p>\n\t\t\t\t\t\t\t\t<\/div>\n\t\t\t\t<\/div>\n\t\t\t\t<\/div>\n\t\t<div class=\"elementor-element elementor-element-2450309 e-con-full e-flex e-con e-child\" data-id=\"2450309\" data-element_type=\"container\" data-settings=\"{&quot;jet_parallax_layout_list&quot;:[],&quot;background_background&quot;:&quot;classic&quot;}\">\n\t\t\t\t<\/div>\n\t\t<div class=\"elementor-element elementor-element-f1ccf14 e-con-full elementor-hidden-tablet elementor-hidden-mobile e-flex e-con e-child\" data-id=\"f1ccf14\" data-element_type=\"container\" data-settings=\"{&quot;jet_parallax_layout_list&quot;:[]}\">\n\t\t\t\t<\/div>\n\t\t<div class=\"elementor-element elementor-element-7f64e75 e-con-full e-flex e-con e-child\" data-id=\"7f64e75\" data-element_type=\"container\" data-settings=\"{&quot;background_background&quot;:&quot;classic&quot;,&quot;jet_parallax_layout_list&quot;:[]}\">\n\t\t\t\t<div class=\"elementor-element elementor-element-6d88c7c elementor-widget elementor-widget-heading\" data-id=\"6d88c7c\" data-element_type=\"widget\" data-widget_type=\"heading.default\">\n\t\t\t\t<div class=\"elementor-widget-container\">\n\t\t\t\t\t<h2 class=\"elementor-heading-title elementor-size-default\">Von Extrugasa<\/h2>\t\t\t\t<\/div>\n\t\t\t\t<\/div>\n\t\t\t\t<div class=\"elementor-element elementor-element-3a3c945 elementor-widget elementor-widget-text-editor\" data-id=\"3a3c945\" data-element_type=\"widget\" data-widget_type=\"text-editor.default\">\n\t\t\t\t<div class=\"elementor-widget-container\">\n\t\t\t\t\t\t\t\t\t<p>Die Aluman Group hat sich f\u00fcr Extrugasa entschieden, weil wir es ihr erm\u00f6glichen, auf dem Markt wettbewerbsf\u00e4hig zu sein, indem wir sie beliefern:<\/p>\n<ul>\n<li> <\/li>\n<li>Luftdichte Systeme, die Ger\u00e4usche von au\u00dfen und Temperaturschwankungen weitgehend ausschlie\u00dfen.<\/li>\n<li>Einzigartige Designlinie, die es ihnen erm\u00f6glicht, verschiedene Serien im selben Projekt zu kombinieren und dabei die \u00c4sthetik zu bewahren.<\/li>\n<li>Veredelung durch Lackierung, mit der M\u00f6glichkeit spezieller Schutzbehandlungen f\u00fcr die F\u00e4lle, in denen sich das System in Konstruktionen befindet, die ung\u00fcnstigen und korrosiven klimatischen Einfl\u00fcssen ausgesetzt sind.<\/li>\n<\/ul>\n\t\t\t\t\t\t\t\t<\/div>\n\t\t\t\t<\/div>\n\t\t\t\t<\/div>\n\t\t\t\t\t<\/div>\n\t\t\t\t<\/div>\n\t\t<div class=\"elementor-element elementor-element-03b1afe e-flex e-con-boxed e-con e-parent\" data-id=\"03b1afe\" data-element_type=\"container\" data-settings=\"{&quot;jet_parallax_layout_list&quot;:[],&quot;background_background&quot;:&quot;classic&quot;}\">\n\t\t\t\t\t<div class=\"e-con-inner\">\n\t\t<div class=\"elementor-element elementor-element-3991959 e-flex e-con-boxed e-con e-child\" data-id=\"3991959\" data-element_type=\"container\" data-settings=\"{&quot;jet_parallax_layout_list&quot;:[]}\">\n\t\t\t\t\t<div class=\"e-con-inner\">\n\t\t\t\t<div class=\"elementor-element elementor-element-3a232a0 elementor-widget elementor-widget-heading\" data-id=\"3a232a0\" data-element_type=\"widget\" data-widget_type=\"heading.default\">\n\t\t\t\t<div class=\"elementor-widget-container\">\n\t\t\t\t\t<h2 class=\"elementor-heading-title elementor-size-default\">Extrugasa den Projekten unserer Kunden<\/h2>\t\t\t\t<\/div>\n\t\t\t\t<\/div>\n\t\t\t\t\t<\/div>\n\t\t\t\t<\/div>\n\t\t\t\t\t<\/div>\n\t\t\t\t<\/div>\n\t\t\t\t<\/div>\n\t\t","protected":false},"excerpt":{"rendered":"<p>Aluman Inditex Hauptsitz Aluminium im Team mit Aluman Schlichtheit, Ger\u00e4umigkeit, Energieeffizienz und Nachhaltigkeit sind die unterschiedlichen Werte dieses Projekts, das zu einemGeb\u00e4ude mit eigener Pers\u00f6nlichkeit im Zentrum der Gesch\u00e4ftst\u00e4tigkeit von Inditex in Arteixo &#8211; A Coru\u00f1a. Ein nachhaltiger und effizienter Hauptsitz 20.000 Quadratmeter Umschlag Das Geb\u00e4ude mit einer Gesamtfl\u00e4che von 125.000 m2 besteht aus f\u00fcnf [&hellip;]<\/p>\n","protected":false},"author":3,"featured_media":0,"parent":0,"menu_order":0,"comment_status":"closed","ping_status":"closed","template":"","meta":{"_monsterinsights_skip_tracking":false,"_monsterinsights_sitenote_active":false,"_monsterinsights_sitenote_note":"","_monsterinsights_sitenote_category":0,"footnotes":""},"class_list":["post-7832","page","type-page","status-publish","hentry"],"yoast_head":"<!-- This site is optimized with the Yoast SEO plugin v27.5 - https:\/\/yoast.com\/product\/yoast-seo-wordpress\/ -->\n<title>Aluman : Inditex Hauptsitz : Extrugasa<\/title>\n<meta name=\"description\" content=\"Ventanas HC ist ein Familienunternehmen, das sich auf die Herstellung und den Einbau von Aluminiumfenstern und -z\u00e4unen spezialisiert hat.\" \/>\n<meta name=\"robots\" content=\"index, follow, max-snippet:-1, max-image-preview:large, max-video-preview:-1\" \/>\n<link rel=\"canonical\" href=\"https:\/\/www.extrugasa.com\/de\/aluman\" \/>\n<meta property=\"og:locale\" content=\"de_DE\" \/>\n<meta property=\"og:type\" content=\"article\" \/>\n<meta property=\"og:title\" content=\"Aluman : Inditex Hauptsitz : Extrugasa\" \/>\n<meta property=\"og:description\" content=\"Ventanas HC ist ein Familienunternehmen, das sich auf die Herstellung und den Einbau von Aluminiumfenstern und -z\u00e4unen spezialisiert hat.\" \/>\n<meta property=\"og:url\" content=\"https:\/\/www.extrugasa.com\/de\/aluman\" \/>\n<meta property=\"og:site_name\" content=\"Extrugasa\" \/>\n<meta property=\"article:modified_time\" content=\"2024-07-02T14:24:35+00:00\" \/>\n<meta name=\"twitter:card\" content=\"summary_large_image\" \/>\n<meta name=\"twitter:label1\" content=\"Gesch\u00e4tzte Lesezeit\" \/>\n\t<meta name=\"twitter:data1\" content=\"1\u00a0Minute\" \/>\n<script type=\"application\/ld+json\" class=\"yoast-schema-graph\">{\"@context\":\"https:\\\/\\\/schema.org\",\"@graph\":[{\"@type\":\"WebPage\",\"@id\":\"https:\\\/\\\/www.extrugasa.com\\\/de\\\/aluman\",\"url\":\"https:\\\/\\\/www.extrugasa.com\\\/de\\\/aluman\",\"name\":\"Aluman : Inditex Hauptsitz : Extrugasa\",\"isPartOf\":{\"@id\":\"https:\\\/\\\/www.extrugasa.com\\\/de#website\"},\"datePublished\":\"2024-06-18T14:41:07+00:00\",\"dateModified\":\"2024-07-02T14:24:35+00:00\",\"description\":\"Ventanas HC ist ein Familienunternehmen, das sich auf die Herstellung und den Einbau von Aluminiumfenstern und -z\u00e4unen spezialisiert hat.\",\"breadcrumb\":{\"@id\":\"https:\\\/\\\/www.extrugasa.com\\\/de\\\/aluman#breadcrumb\"},\"inLanguage\":\"de\",\"potentialAction\":[{\"@type\":\"ReadAction\",\"target\":[\"https:\\\/\\\/www.extrugasa.com\\\/de\\\/aluman\"]}]},{\"@type\":\"BreadcrumbList\",\"@id\":\"https:\\\/\\\/www.extrugasa.com\\\/de\\\/aluman#breadcrumb\",\"itemListElement\":[{\"@type\":\"ListItem\",\"position\":1,\"name\":\"Startseite\",\"item\":\"https:\\\/\\\/www.extrugasa.com\\\/de\"},{\"@type\":\"ListItem\",\"position\":2,\"name\":\"Aluman\"}]},{\"@type\":\"WebSite\",\"@id\":\"https:\\\/\\\/www.extrugasa.com\\\/de#website\",\"url\":\"https:\\\/\\\/www.extrugasa.com\\\/de\",\"name\":\"Extrugasa\",\"description\":\"Proveedor de aluminio\",\"potentialAction\":[{\"@type\":\"SearchAction\",\"target\":{\"@type\":\"EntryPoint\",\"urlTemplate\":\"https:\\\/\\\/www.extrugasa.com\\\/de?s={search_term_string}\"},\"query-input\":{\"@type\":\"PropertyValueSpecification\",\"valueRequired\":true,\"valueName\":\"search_term_string\"}}],\"inLanguage\":\"de\"}]}<\/script>\n<!-- \/ Yoast SEO plugin. -->","yoast_head_json":{"title":"Aluman : Inditex Hauptsitz : Extrugasa","description":"Ventanas HC ist ein Familienunternehmen, das sich auf die Herstellung und den Einbau von Aluminiumfenstern und -z\u00e4unen spezialisiert hat.","robots":{"index":"index","follow":"follow","max-snippet":"max-snippet:-1","max-image-preview":"max-image-preview:large","max-video-preview":"max-video-preview:-1"},"canonical":"https:\/\/www.extrugasa.com\/de\/aluman","og_locale":"de_DE","og_type":"article","og_title":"Aluman : Inditex Hauptsitz : Extrugasa","og_description":"Ventanas HC ist ein Familienunternehmen, das sich auf die Herstellung und den Einbau von Aluminiumfenstern und -z\u00e4unen spezialisiert hat.","og_url":"https:\/\/www.extrugasa.com\/de\/aluman","og_site_name":"Extrugasa","article_modified_time":"2024-07-02T14:24:35+00:00","twitter_card":"summary_large_image","twitter_misc":{"Gesch\u00e4tzte Lesezeit":"1\u00a0Minute"},"schema":{"@context":"https:\/\/schema.org","@graph":[{"@type":"WebPage","@id":"https:\/\/www.extrugasa.com\/de\/aluman","url":"https:\/\/www.extrugasa.com\/de\/aluman","name":"Aluman : Inditex Hauptsitz : Extrugasa","isPartOf":{"@id":"https:\/\/www.extrugasa.com\/de#website"},"datePublished":"2024-06-18T14:41:07+00:00","dateModified":"2024-07-02T14:24:35+00:00","description":"Ventanas HC ist ein Familienunternehmen, das sich auf die Herstellung und den Einbau von Aluminiumfenstern und -z\u00e4unen spezialisiert hat.","breadcrumb":{"@id":"https:\/\/www.extrugasa.com\/de\/aluman#breadcrumb"},"inLanguage":"de","potentialAction":[{"@type":"ReadAction","target":["https:\/\/www.extrugasa.com\/de\/aluman"]}]},{"@type":"BreadcrumbList","@id":"https:\/\/www.extrugasa.com\/de\/aluman#breadcrumb","itemListElement":[{"@type":"ListItem","position":1,"name":"Startseite","item":"https:\/\/www.extrugasa.com\/de"},{"@type":"ListItem","position":2,"name":"Aluman"}]},{"@type":"WebSite","@id":"https:\/\/www.extrugasa.com\/de#website","url":"https:\/\/www.extrugasa.com\/de","name":"Extrugasa","description":"Proveedor de aluminio","potentialAction":[{"@type":"SearchAction","target":{"@type":"EntryPoint","urlTemplate":"https:\/\/www.extrugasa.com\/de?s={search_term_string}"},"query-input":{"@type":"PropertyValueSpecification","valueRequired":true,"valueName":"search_term_string"}}],"inLanguage":"de"}]}},"_links":{"self":[{"href":"https:\/\/www.extrugasa.com\/de\/wp-json\/wp\/v2\/pages\/7832","targetHints":{"allow":["GET"]}}],"collection":[{"href":"https:\/\/www.extrugasa.com\/de\/wp-json\/wp\/v2\/pages"}],"about":[{"href":"https:\/\/www.extrugasa.com\/de\/wp-json\/wp\/v2\/types\/page"}],"author":[{"embeddable":true,"href":"https:\/\/www.extrugasa.com\/de\/wp-json\/wp\/v2\/users\/3"}],"replies":[{"embeddable":true,"href":"https:\/\/www.extrugasa.com\/de\/wp-json\/wp\/v2\/comments?post=7832"}],"version-history":[{"count":3,"href":"https:\/\/www.extrugasa.com\/de\/wp-json\/wp\/v2\/pages\/7832\/revisions"}],"predecessor-version":[{"id":8758,"href":"https:\/\/www.extrugasa.com\/de\/wp-json\/wp\/v2\/pages\/7832\/revisions\/8758"}],"wp:attachment":[{"href":"https:\/\/www.extrugasa.com\/de\/wp-json\/wp\/v2\/media?parent=7832"}],"curies":[{"name":"wp","href":"https:\/\/api.w.org\/{rel}","templated":true}]}}