{"id":7812,"date":"2024-06-17T15:00:47","date_gmt":"2024-06-17T14:00:47","guid":{"rendered":"https:\/\/extrugasa.disomnia.com\/projektpia"},"modified":"2026-02-23T17:20:59","modified_gmt":"2026-02-23T16:20:59","slug":"projektpia","status":"publish","type":"page","link":"https:\/\/www.extrugasa.com\/de\/projektpia","title":{"rendered":"Proyektopie"},"content":{"rendered":"\t\t<div data-elementor-type=\"wp-page\" data-elementor-id=\"7812\" class=\"elementor elementor-7812 elementor-5802\" data-elementor-post-type=\"page\">\n\t\t\t\t<div class=\"elementor-element elementor-element-4cca7b8 elementor-hidden-mobile e-flex e-con-boxed e-con e-parent\" data-id=\"4cca7b8\" data-element_type=\"container\" data-settings=\"{&quot;jet_parallax_layout_list&quot;:[]}\">\n\t\t\t\t\t<div class=\"e-con-inner\">\n\t\t\t\t<div class=\"elementor-element elementor-element-8a2dc19 elementor-widget elementor-widget-breadcrumbs\" data-id=\"8a2dc19\" data-element_type=\"widget\" data-widget_type=\"breadcrumbs.default\">\n\t\t\t\t<div class=\"elementor-widget-container\">\n\t\t\t\t\t<p id=\"breadcrumbs\"><span><span><a href=\"https:\/\/www.extrugasa.com\/de\">Startseite<\/a><\/span><\/span><\/p>\t\t\t\t<\/div>\n\t\t\t\t<\/div>\n\t\t\t\t\t<\/div>\n\t\t\t\t<\/div>\n\t\t<div class=\"elementor-element elementor-element-7840f80 e-flex e-con-boxed e-con e-parent\" data-id=\"7840f80\" data-element_type=\"container\" data-settings=\"{&quot;background_background&quot;:&quot;classic&quot;,&quot;jet_parallax_layout_list&quot;:[]}\">\n\t\t\t\t\t<div class=\"e-con-inner\">\n\t\t\t\t<div class=\"elementor-element elementor-element-693f620 elementor-widget elementor-widget-heading\" data-id=\"693f620\" data-element_type=\"widget\" data-widget_type=\"heading.default\">\n\t\t\t\t<div class=\"elementor-widget-container\">\n\t\t\t\t\t<h1 class=\"elementor-heading-title elementor-size-default\">Proyectop\u00eda<\/h1>\t\t\t\t<\/div>\n\t\t\t\t<\/div>\n\t\t\t\t\t<\/div>\n\t\t\t\t<\/div>\n\t\t<div class=\"elementor-element elementor-element-5705ad8 e-flex e-con-boxed e-con e-parent\" data-id=\"5705ad8\" data-element_type=\"container\" data-settings=\"{&quot;jet_parallax_layout_list&quot;:[],&quot;background_background&quot;:&quot;classic&quot;}\">\n\t\t\t\t\t<div class=\"e-con-inner\">\n\t\t<div class=\"elementor-element elementor-element-702247c e-flex e-con-boxed e-con e-child\" data-id=\"702247c\" data-element_type=\"container\" data-settings=\"{&quot;jet_parallax_layout_list&quot;:[]}\">\n\t\t\t\t\t<div class=\"e-con-inner\">\n\t\t\t\t<div class=\"elementor-element elementor-element-a646130 elementor-widget elementor-widget-heading\" data-id=\"a646130\" data-element_type=\"widget\" data-widget_type=\"heading.default\">\n\t\t\t\t<div class=\"elementor-widget-container\">\n\t\t\t\t\t<h2 class=\"elementor-heading-title elementor-size-default\">Aluminium im Team mit Proyectop\u00eda<\/h2>\t\t\t\t<\/div>\n\t\t\t\t<\/div>\n\t\t\t\t<div class=\"elementor-element elementor-element-c185ad8 elementor-widget elementor-widget-heading\" data-id=\"c185ad8\" data-element_type=\"widget\" data-widget_type=\"heading.default\">\n\t\t\t\t<div class=\"elementor-widget-container\">\n\t\t\t\t\t<h3 class=\"elementor-heading-title elementor-size-default\">Nachhaltiges industrialisiertes Bauen<\/h3>\t\t\t\t<\/div>\n\t\t\t\t<\/div>\n\t\t\t\t<div class=\"elementor-element elementor-element-cc98f62 elementor-widget elementor-widget-text-editor\" data-id=\"cc98f62\" data-element_type=\"widget\" data-widget_type=\"text-editor.default\">\n\t\t\t\t<div class=\"elementor-widget-container\">\n\t\t\t\t\t\t\t\t\t<p>\u00d6koeffiziente und nachhaltige modulare H\u00e4user sind ein Trend, der den Bausektor revolutioniert. Ein klares Beispiel in Galicien ist Proyectop\u00eda, ein multidisziplin\u00e4res Architekturb\u00fcro, das <b>ma\u00dfgeschneiderte Industrieh\u00e4user mit Passivhaus-Zertifizierung<\/b> entwirft und baut. Um diese nachhaltigen Konstruktionen herzustellen, hat sich dieses Unternehmen f\u00fcr <b>das Aluminium Extrugasa entschieden, um seine Aluminiumgeh\u00e4use zu entwickeln.<\/b><\/p>\n\t\t\t\t\t\t\t\t<\/div>\n\t\t\t\t<\/div>\n\t\t\t\t\t<\/div>\n\t\t\t\t<\/div>\n\t\t\t\t\t<\/div>\n\t\t\t\t<\/div>\n\t\t<div class=\"elementor-element elementor-element-8a5ba1d e-flex e-con-boxed e-con e-parent\" data-id=\"8a5ba1d\" data-element_type=\"container\" data-settings=\"{&quot;background_background&quot;:&quot;classic&quot;,&quot;jet_parallax_layout_list&quot;:[]}\">\n\t\t\t\t\t<div class=\"e-con-inner\">\n\t\t<div class=\"elementor-element elementor-element-36f7dec e-con-full e-flex e-con e-child\" data-id=\"36f7dec\" data-element_type=\"container\" data-settings=\"{&quot;background_background&quot;:&quot;classic&quot;,&quot;jet_parallax_layout_list&quot;:[]}\">\n\t\t\t\t<div class=\"elementor-element elementor-element-1e68f54 elementor-widget elementor-widget-heading\" data-id=\"1e68f54\" data-element_type=\"widget\" data-widget_type=\"heading.default\">\n\t\t\t\t<div class=\"elementor-widget-container\">\n\t\t\t\t\t<h2 class=\"elementor-heading-title elementor-size-default\">Walluminium, ein Bausystem f\u00fcr Architekten<\/h2>\t\t\t\t<\/div>\n\t\t\t\t<\/div>\n\t\t\t\t<div class=\"elementor-element elementor-element-76cbb8b elementor-widget elementor-widget-text-editor\" data-id=\"76cbb8b\" data-element_type=\"widget\" data-widget_type=\"text-editor.default\">\n\t\t\t\t<div class=\"elementor-widget-container\">\n\t\t\t\t\t\t\t\t\t<p>Dieses Projekt basiert auf Faktoren wie:<\/p>\n<ul>\n<li>Hohe Qualit\u00e4tsstandards<\/li>\n<li>Standardisierung und Industrialisierung eines kompletten Metallbausystems, das eine schnellere Montage und den Bau von H\u00e4usern vor Ort sowie mehrere Formen in Bezug auf das Design erm\u00f6glicht.<\/li>\n<li>Die Herstellung eines luftdichten Geh\u00e4uses und meist aus Aluminium mit durchgehender Isolierung. H\u00fclle, die eine dreifache Funktion erf\u00fcllt: tragend, mit hinterl\u00fcfteter Fassade und Dach und Sonnenkollektor. Sie entwickelten daher ein bioklimatisches Design unter Verwendung nat\u00fcrlicher Ressourcen, um die Umweltbelastung und den Energieverbrauch zu minimieren.<\/li>\n<li>Und schlie\u00dflich, um das erste leichte, metallische, modulare Bausystem f\u00fcr W\u00e4nde und D\u00e4cher mit Passivhaus-Zertifizierung zu werden.<\/li>\n<\/ul>\n\t\t\t\t\t\t\t\t<\/div>\n\t\t\t\t<\/div>\n\t\t\t\t<\/div>\n\t\t<div class=\"elementor-element elementor-element-2450309 e-con-full e-flex e-con e-child\" data-id=\"2450309\" data-element_type=\"container\" data-settings=\"{&quot;jet_parallax_layout_list&quot;:[],&quot;background_background&quot;:&quot;classic&quot;}\">\n\t\t\t\t<\/div>\n\t\t<div class=\"elementor-element elementor-element-f1ccf14 e-con-full elementor-hidden-tablet elementor-hidden-mobile e-flex e-con e-child\" data-id=\"f1ccf14\" data-element_type=\"container\" data-settings=\"{&quot;jet_parallax_layout_list&quot;:[]}\">\n\t\t\t\t<\/div>\n\t\t<div class=\"elementor-element elementor-element-7f64e75 e-con-full e-flex e-con e-child\" data-id=\"7f64e75\" data-element_type=\"container\" data-settings=\"{&quot;background_background&quot;:&quot;classic&quot;,&quot;jet_parallax_layout_list&quot;:[]}\">\n\t\t\t\t<div class=\"elementor-element elementor-element-6d88c7c elementor-widget elementor-widget-heading\" data-id=\"6d88c7c\" data-element_type=\"widget\" data-widget_type=\"heading.default\">\n\t\t\t\t<div class=\"elementor-widget-container\">\n\t\t\t\t\t<h2 class=\"elementor-heading-title elementor-size-default\">Erfahrener Lieferant<\/h2>\t\t\t\t<\/div>\n\t\t\t\t<\/div>\n\t\t\t\t<div class=\"elementor-element elementor-element-3a3c945 elementor-widget elementor-widget-text-editor\" data-id=\"3a3c945\" data-element_type=\"widget\" data-widget_type=\"text-editor.default\">\n\t\t\t\t<div class=\"elementor-widget-container\">\n\t\t\t\t\t\t\t\t\t<p>Proyectop\u00eda suchte mehr als einen Lieferanten, einen Partner mit spezifischen Eigenschaften.<\/p>\n<ul>\n<li>Dass der menschliche Faktor vorhanden war, d.h. der Zugang zu Personen aus dem Unternehmen, die ihnen bei der Entwicklung ihres Projekts helfen w\u00fcrden, die Erfahrung mit Projekten mit \u00e4hnlichen Anforderungen hatten und die bei R\u00fcckschl\u00e4gen beraten, begleiten und l\u00f6sen konnten.<\/li>\n<li>Dank Aluminium und einem vollst\u00e4ndigen Produktionszyklus k\u00f6nnen die H\u00fclle und der strukturelle Teil des Projekts direkt vor Ort montiert werden.<\/li>\n<li>Produktionskapazit\u00e4t f\u00fcr alle Ihre Arbeiten und kundenspezifische Fertigung.<\/li>\n<li>Nachhaltige Eigenschaften.<\/li>\n<\/ul>\n\t\t\t\t\t\t\t\t<\/div>\n\t\t\t\t<\/div>\n\t\t\t\t<\/div>\n\t\t\t\t\t<\/div>\n\t\t\t\t<\/div>\n\t\t<div class=\"elementor-element elementor-element-03b1afe e-flex e-con-boxed e-con e-parent\" data-id=\"03b1afe\" data-element_type=\"container\" data-settings=\"{&quot;jet_parallax_layout_list&quot;:[],&quot;background_background&quot;:&quot;classic&quot;}\">\n\t\t\t\t\t<div class=\"e-con-inner\">\n\t\t<div class=\"elementor-element elementor-element-3991959 e-flex e-con-boxed e-con e-child\" data-id=\"3991959\" data-element_type=\"container\" data-settings=\"{&quot;jet_parallax_layout_list&quot;:[]}\">\n\t\t\t\t\t<div class=\"e-con-inner\">\n\t\t\t\t<div class=\"elementor-element elementor-element-3a232a0 elementor-widget elementor-widget-heading\" data-id=\"3a232a0\" data-element_type=\"widget\" data-widget_type=\"heading.default\">\n\t\t\t\t<div class=\"elementor-widget-container\">\n\t\t\t\t\t<h2 class=\"elementor-heading-title elementor-size-default\">Extrugasa den Projekten unserer Kunden<\/h2>\t\t\t\t<\/div>\n\t\t\t\t<\/div>\n\t\t\t\t<div class=\"elementor-element elementor-element-0d2ef01 elementor-widget elementor-widget-heading\" data-id=\"0d2ef01\" data-element_type=\"widget\" data-widget_type=\"heading.default\">\n\t\t\t\t<div class=\"elementor-widget-container\">\n\t\t\t\t\t<p class=\"elementor-heading-title elementor-size-default\">Unser Ziel bei Extrugasa ist es, ein enger Lieferant zu sein, der es schafft, die Komplexit\u00e4t der Projekte jedes unserer Kunden zu l\u00f6sen. Das war einer der Gr\u00fcnde, warum Proyectop\u00eda auf uns gesetzt hat.<\/p>\t\t\t\t<\/div>\n\t\t\t\t<\/div>\n\t\t\t\t\t<\/div>\n\t\t\t\t<\/div>\n\t\t\t\t\t<\/div>\n\t\t\t\t<\/div>\n\t\t<div class=\"elementor-element elementor-element-5ed4b36 e-con-full e-flex e-con e-parent\" data-id=\"5ed4b36\" data-element_type=\"container\" data-settings=\"{&quot;jet_parallax_layout_list&quot;:[]}\">\n\t\t<div class=\"elementor-element elementor-element-671c97c e-con-full e-flex e-con e-child\" data-id=\"671c97c\" data-element_type=\"container\" data-settings=\"{&quot;jet_parallax_layout_list&quot;:[]}\">\n\t\t<div class=\"elementor-element elementor-element-856c272 e-con-full e-flex e-con e-child\" data-id=\"856c272\" data-element_type=\"container\" data-settings=\"{&quot;jet_parallax_layout_list&quot;:[]}\">\n\t\t\t\t<div class=\"elementor-element elementor-element-df5f85c elementor-position-top elementor-widget elementor-widget-image-box\" data-id=\"df5f85c\" data-element_type=\"widget\" data-widget_type=\"image-box.default\">\n\t\t\t\t<div class=\"elementor-widget-container\">\n\t\t\t\t\t<div class=\"elementor-image-box-wrapper\"><figure class=\"elementor-image-box-img\"><img fetchpriority=\"high\" decoding=\"async\" width=\"683\" height=\"600\" src=\"https:\/\/www.extrugasa.com\/wp-content\/uploads\/2024\/06\/proyectopia.jpg\" class=\"elementor-animation-grow attachment-full size-full wp-image-7386\" alt=\"\" srcset=\"https:\/\/www.extrugasa.com\/wp-content\/uploads\/2024\/06\/proyectopia.jpg 683w, https:\/\/www.extrugasa.com\/wp-content\/uploads\/2024\/06\/proyectopia-300x264.jpg 300w\" sizes=\"(max-width: 683px) 100vw, 683px\" \/><\/figure><div class=\"elementor-image-box-content\"><h4 class=\"elementor-image-box-title\">Walluminium<\/h4><p class=\"elementor-image-box-description\">Es handelt sich um ein neues modulares Bausystem aus stranggepresstem Aluminium mit Passivhaus-Zertifikat. Ein System, das die dreifache Tragfunktion, hinterl\u00fcftete Fassade\/Dach und Solarkollektor integriert. Sie erm\u00f6glicht es, die tragende H\u00fclle des Geb\u00e4udes nach au\u00dfen hin komplett zu veredeln. Es handelt sich um eine patentierte extrudierte Aluminiumplatte, die f\u00fcr die Anwendung passiver Architekturstrategien entwickelt wurde: Traufbildung, Abwesenheit von W\u00e4rmebr\u00fccken, Luftdichtheit, Dachschr\u00e4gen, R\u00fcckschl\u00e4ge.<\/p><\/div><\/div>\t\t\t\t<\/div>\n\t\t\t\t<\/div>\n\t\t\t\t<\/div>\n\t\t<div class=\"elementor-element elementor-element-f8e34d4 e-con-full e-flex e-con e-child\" data-id=\"f8e34d4\" data-element_type=\"container\" data-settings=\"{&quot;jet_parallax_layout_list&quot;:[]}\">\n\t\t\t\t<div class=\"elementor-element elementor-element-781312b elementor-position-top elementor-widget elementor-widget-image-box\" data-id=\"781312b\" data-element_type=\"widget\" data-widget_type=\"image-box.default\">\n\t\t\t\t<div class=\"elementor-widget-container\">\n\t\t\t\t\t<div class=\"elementor-image-box-wrapper\"><figure class=\"elementor-image-box-img\"><a href=\"https:\/\/youtu.be\/vvLlv5BaiUM?si=gwtg-RHgQBq4QerT\" tabindex=\"-1\"><img decoding=\"async\" width=\"683\" height=\"600\" src=\"https:\/\/www.extrugasa.com\/wp-content\/uploads\/2024\/06\/proyectopia-video-extrugasa.jpg\" class=\"elementor-animation-grow attachment-full size-full wp-image-7392\" alt=\"\" srcset=\"https:\/\/www.extrugasa.com\/wp-content\/uploads\/2024\/06\/proyectopia-video-extrugasa.jpg 683w, https:\/\/www.extrugasa.com\/wp-content\/uploads\/2024\/06\/proyectopia-video-extrugasa-300x264.jpg 300w\" sizes=\"(max-width: 683px) 100vw, 683px\" \/><\/a><\/figure><div class=\"elementor-image-box-content\"><h4 class=\"elementor-image-box-title\"><a href=\"https:\/\/youtu.be\/vvLlv5BaiUM?si=gwtg-RHgQBq4QerT\">Nachhaltiges industrialisiertes Bauen<\/a><\/h4><p class=\"elementor-image-box-description\">Unser Ziel ist es, ein enger Lieferant zu sein, der es schafft, die Komplexit\u00e4t der Projekte jedes unserer Kunden zu l\u00f6sen. Dies war einer der Gr\u00fcnde, warum sich Proyectop\u00eda f\u00fcr uns bei seinem Walluminium-Projekt entschieden hat. Wir sind Teil dieses innovativen Projekts, beraten bei der Entwicklung der Geh\u00e4useh\u00fclle und bieten eine konstruktive, strukturelle und modulare L\u00f6sung aus Aluminium.<\/p><\/div><\/div>\t\t\t\t<\/div>\n\t\t\t\t<\/div>\n\t\t\t\t<div class=\"elementor-element elementor-element-f2994b0 elementor-widget elementor-widget-text-editor\" data-id=\"f2994b0\" data-element_type=\"widget\" data-widget_type=\"text-editor.default\">\n\t\t\t\t<div class=\"elementor-widget-container\">\n\t\t\t\t\t\t\t\t\t<p><a href=\"https:\/\/youtu.be\/vvLlv5BaiUM?si=-m7yTVyxGb_h07l5\">Video ansehen<\/a><\/p>\n\t\t\t\t\t\t\t\t<\/div>\n\t\t\t\t<\/div>\n\t\t\t\t<\/div>\n\t\t\t\t<\/div>\n\t\t\t\t<\/div>\n\t\t\t\t<\/div>\n\t\t","protected":false},"excerpt":{"rendered":"<p>Proyectop\u00eda Aluminium im Team mit Proyectop\u00eda Nachhaltiges industrialisiertes Bauen \u00d6koeffiziente und nachhaltige modulare H\u00e4user sind ein Trend, der den Bausektor revolutioniert. Ein klares Beispiel in Galicien ist Proyectop\u00eda, ein multidisziplin\u00e4res Architekturb\u00fcro, das ma\u00dfgeschneiderte Industrieh\u00e4user mit Passivhaus-Zertifizierung entwirft und baut. Um diese nachhaltigen Konstruktionen herzustellen, hat sich dieses Unternehmen f\u00fcr das Aluminium Extrugasa entschieden, um seine [&hellip;]<\/p>\n","protected":false},"author":3,"featured_media":0,"parent":0,"menu_order":0,"comment_status":"closed","ping_status":"closed","template":"","meta":{"_monsterinsights_skip_tracking":false,"_monsterinsights_sitenote_active":false,"_monsterinsights_sitenote_note":"","_monsterinsights_sitenote_category":0,"footnotes":""},"class_list":["post-7812","page","type-page","status-publish","hentry"],"yoast_head":"<!-- This site is optimized with the Yoast SEO plugin v27.5 - https:\/\/yoast.com\/product\/yoast-seo-wordpress\/ -->\n<title>Proyektopie | Extrugasa<\/title>\n<meta name=\"description\" content=\"F\u00fcr die Herstellung dieser nachhaltigen Konstruktionen wurde das Aluminium Extrugasa ausgew\u00e4hlt, um seine Aluminiumgeh\u00e4use zu entwickeln.\" \/>\n<meta name=\"robots\" content=\"index, follow, max-snippet:-1, max-image-preview:large, max-video-preview:-1\" \/>\n<link rel=\"canonical\" href=\"https:\/\/www.extrugasa.com\/de\/projektpia\" \/>\n<meta property=\"og:locale\" content=\"de_DE\" \/>\n<meta property=\"og:type\" content=\"article\" \/>\n<meta property=\"og:title\" content=\"Proyektopie | Extrugasa\" \/>\n<meta property=\"og:description\" content=\"F\u00fcr die Herstellung dieser nachhaltigen Konstruktionen wurde das Aluminium Extrugasa ausgew\u00e4hlt, um seine Aluminiumgeh\u00e4use zu entwickeln.\" \/>\n<meta property=\"og:url\" content=\"https:\/\/www.extrugasa.com\/de\/projektpia\" \/>\n<meta property=\"og:site_name\" content=\"Extrugasa\" \/>\n<meta property=\"article:modified_time\" content=\"2026-02-23T16:20:59+00:00\" \/>\n<meta property=\"og:image\" content=\"https:\/\/extrugasa.com\/wp-content\/uploads\/2024\/06\/proyectopia.jpg\" \/>\n<meta name=\"twitter:card\" content=\"summary_large_image\" \/>\n<meta name=\"twitter:label1\" content=\"Gesch\u00e4tzte Lesezeit\" \/>\n\t<meta name=\"twitter:data1\" content=\"2\u00a0Minuten\" \/>\n<script type=\"application\/ld+json\" class=\"yoast-schema-graph\">{\"@context\":\"https:\\\/\\\/schema.org\",\"@graph\":[{\"@type\":\"WebPage\",\"@id\":\"https:\\\/\\\/www.extrugasa.com\\\/de\\\/projektpia\",\"url\":\"https:\\\/\\\/www.extrugasa.com\\\/de\\\/projektpia\",\"name\":\"Proyektopie | Extrugasa\",\"isPartOf\":{\"@id\":\"https:\\\/\\\/www.extrugasa.com\\\/de#website\"},\"primaryImageOfPage\":{\"@id\":\"https:\\\/\\\/www.extrugasa.com\\\/de\\\/projektpia#primaryimage\"},\"image\":{\"@id\":\"https:\\\/\\\/www.extrugasa.com\\\/de\\\/projektpia#primaryimage\"},\"thumbnailUrl\":\"https:\\\/\\\/extrugasa.com\\\/wp-content\\\/uploads\\\/2024\\\/06\\\/proyectopia.jpg\",\"datePublished\":\"2024-06-17T14:00:47+00:00\",\"dateModified\":\"2026-02-23T16:20:59+00:00\",\"description\":\"F\u00fcr die Herstellung dieser nachhaltigen Konstruktionen wurde das Aluminium Extrugasa ausgew\u00e4hlt, um seine Aluminiumgeh\u00e4use zu entwickeln.\",\"breadcrumb\":{\"@id\":\"https:\\\/\\\/www.extrugasa.com\\\/de\\\/projektpia#breadcrumb\"},\"inLanguage\":\"de\",\"potentialAction\":[{\"@type\":\"ReadAction\",\"target\":[\"https:\\\/\\\/www.extrugasa.com\\\/de\\\/projektpia\"]}]},{\"@type\":\"ImageObject\",\"inLanguage\":\"de\",\"@id\":\"https:\\\/\\\/www.extrugasa.com\\\/de\\\/projektpia#primaryimage\",\"url\":\"https:\\\/\\\/extrugasa.com\\\/wp-content\\\/uploads\\\/2024\\\/06\\\/proyectopia.jpg\",\"contentUrl\":\"https:\\\/\\\/extrugasa.com\\\/wp-content\\\/uploads\\\/2024\\\/06\\\/proyectopia.jpg\"},{\"@type\":\"BreadcrumbList\",\"@id\":\"https:\\\/\\\/www.extrugasa.com\\\/de\\\/projektpia#breadcrumb\",\"itemListElement\":[{\"@type\":\"ListItem\",\"position\":1,\"name\":\"Startseite\",\"item\":\"https:\\\/\\\/www.extrugasa.com\\\/de\"},{\"@type\":\"ListItem\",\"position\":2,\"name\":\"Proyektopie\"}]},{\"@type\":\"WebSite\",\"@id\":\"https:\\\/\\\/www.extrugasa.com\\\/de#website\",\"url\":\"https:\\\/\\\/www.extrugasa.com\\\/de\",\"name\":\"Extrugasa\",\"description\":\"Proveedor de aluminio\",\"potentialAction\":[{\"@type\":\"SearchAction\",\"target\":{\"@type\":\"EntryPoint\",\"urlTemplate\":\"https:\\\/\\\/www.extrugasa.com\\\/de?s={search_term_string}\"},\"query-input\":{\"@type\":\"PropertyValueSpecification\",\"valueRequired\":true,\"valueName\":\"search_term_string\"}}],\"inLanguage\":\"de\"}]}<\/script>\n<!-- \/ Yoast SEO plugin. -->","yoast_head_json":{"title":"Proyektopie | Extrugasa","description":"F\u00fcr die Herstellung dieser nachhaltigen Konstruktionen wurde das Aluminium Extrugasa ausgew\u00e4hlt, um seine Aluminiumgeh\u00e4use zu entwickeln.","robots":{"index":"index","follow":"follow","max-snippet":"max-snippet:-1","max-image-preview":"max-image-preview:large","max-video-preview":"max-video-preview:-1"},"canonical":"https:\/\/www.extrugasa.com\/de\/projektpia","og_locale":"de_DE","og_type":"article","og_title":"Proyektopie | Extrugasa","og_description":"F\u00fcr die Herstellung dieser nachhaltigen Konstruktionen wurde das Aluminium Extrugasa ausgew\u00e4hlt, um seine Aluminiumgeh\u00e4use zu entwickeln.","og_url":"https:\/\/www.extrugasa.com\/de\/projektpia","og_site_name":"Extrugasa","article_modified_time":"2026-02-23T16:20:59+00:00","og_image":[{"url":"https:\/\/extrugasa.com\/wp-content\/uploads\/2024\/06\/proyectopia.jpg","type":"","width":"","height":""}],"twitter_card":"summary_large_image","twitter_misc":{"Gesch\u00e4tzte Lesezeit":"2\u00a0Minuten"},"schema":{"@context":"https:\/\/schema.org","@graph":[{"@type":"WebPage","@id":"https:\/\/www.extrugasa.com\/de\/projektpia","url":"https:\/\/www.extrugasa.com\/de\/projektpia","name":"Proyektopie | Extrugasa","isPartOf":{"@id":"https:\/\/www.extrugasa.com\/de#website"},"primaryImageOfPage":{"@id":"https:\/\/www.extrugasa.com\/de\/projektpia#primaryimage"},"image":{"@id":"https:\/\/www.extrugasa.com\/de\/projektpia#primaryimage"},"thumbnailUrl":"https:\/\/extrugasa.com\/wp-content\/uploads\/2024\/06\/proyectopia.jpg","datePublished":"2024-06-17T14:00:47+00:00","dateModified":"2026-02-23T16:20:59+00:00","description":"F\u00fcr die Herstellung dieser nachhaltigen Konstruktionen wurde das Aluminium Extrugasa ausgew\u00e4hlt, um seine Aluminiumgeh\u00e4use zu entwickeln.","breadcrumb":{"@id":"https:\/\/www.extrugasa.com\/de\/projektpia#breadcrumb"},"inLanguage":"de","potentialAction":[{"@type":"ReadAction","target":["https:\/\/www.extrugasa.com\/de\/projektpia"]}]},{"@type":"ImageObject","inLanguage":"de","@id":"https:\/\/www.extrugasa.com\/de\/projektpia#primaryimage","url":"https:\/\/extrugasa.com\/wp-content\/uploads\/2024\/06\/proyectopia.jpg","contentUrl":"https:\/\/extrugasa.com\/wp-content\/uploads\/2024\/06\/proyectopia.jpg"},{"@type":"BreadcrumbList","@id":"https:\/\/www.extrugasa.com\/de\/projektpia#breadcrumb","itemListElement":[{"@type":"ListItem","position":1,"name":"Startseite","item":"https:\/\/www.extrugasa.com\/de"},{"@type":"ListItem","position":2,"name":"Proyektopie"}]},{"@type":"WebSite","@id":"https:\/\/www.extrugasa.com\/de#website","url":"https:\/\/www.extrugasa.com\/de","name":"Extrugasa","description":"Proveedor de aluminio","potentialAction":[{"@type":"SearchAction","target":{"@type":"EntryPoint","urlTemplate":"https:\/\/www.extrugasa.com\/de?s={search_term_string}"},"query-input":{"@type":"PropertyValueSpecification","valueRequired":true,"valueName":"search_term_string"}}],"inLanguage":"de"}]}},"_links":{"self":[{"href":"https:\/\/www.extrugasa.com\/de\/wp-json\/wp\/v2\/pages\/7812","targetHints":{"allow":["GET"]}}],"collection":[{"href":"https:\/\/www.extrugasa.com\/de\/wp-json\/wp\/v2\/pages"}],"about":[{"href":"https:\/\/www.extrugasa.com\/de\/wp-json\/wp\/v2\/types\/page"}],"author":[{"embeddable":true,"href":"https:\/\/www.extrugasa.com\/de\/wp-json\/wp\/v2\/users\/3"}],"replies":[{"embeddable":true,"href":"https:\/\/www.extrugasa.com\/de\/wp-json\/wp\/v2\/comments?post=7812"}],"version-history":[{"count":5,"href":"https:\/\/www.extrugasa.com\/de\/wp-json\/wp\/v2\/pages\/7812\/revisions"}],"predecessor-version":[{"id":8762,"href":"https:\/\/www.extrugasa.com\/de\/wp-json\/wp\/v2\/pages\/7812\/revisions\/8762"}],"wp:attachment":[{"href":"https:\/\/www.extrugasa.com\/de\/wp-json\/wp\/v2\/media?parent=7812"}],"curies":[{"name":"wp","href":"https:\/\/api.w.org\/{rel}","templated":true}]}}