{"id":7805,"date":"2024-06-18T14:20:50","date_gmt":"2024-06-18T13:20:50","guid":{"rendered":"https:\/\/extrugasa.disomnia.com\/rechtlicher-hinweis"},"modified":"2026-02-23T17:21:00","modified_gmt":"2026-02-23T16:21:00","slug":"rechtlicher-hinweis","status":"publish","type":"page","link":"https:\/\/www.extrugasa.com\/de\/rechtlicher-hinweis","title":{"rendered":"Rechtlicher Hinweis"},"content":{"rendered":"\n<p>Um Artikel 10 des Gesetzes 34\/2002 \u00fcber Dienstleistungen der Informationsgesellschaft und des elektronischen Handels zu entsprechen, informieren wir den Benutzer \u00fcber unsere Daten:<\/p>\n\n<figure class=\"wp-block-table\"><table><tbody><tr><th class=\"has-text-align-left\" data-align=\"left\" colspan=\"2\">Extrugasa<\/th><\/tr><tr><th class=\"has-text-align-left\" data-align=\"left\">Name des Unternehmens<\/th><td>Extrusionados Galicia S.A.U.<\/td><\/tr><tr><th class=\"has-text-align-left\" data-align=\"left\">NIF<\/th><td>A15041916<\/td><\/tr><tr><th class=\"has-text-align-left\" data-align=\"left\">Eingetragener Firmensitz<\/th><td>Lg Campa\u00f1a S\/N 36645 &#8211; (Valga) &#8211; Pontevedra<\/td><\/tr><tr><th class=\"has-text-align-left\" data-align=\"left\">Telefon<\/th><td>+34 986 564 009<\/td><\/tr><tr><th class=\"has-text-align-left\" data-align=\"left\">E-Mail Adresse<\/th><td>protecciondedatos@extrugasa.com<\/td><\/tr><tr><th class=\"has-text-align-left\" data-align=\"left\">Einzelheiten zur Eintragung ins Handelsregister<\/th><td>Handelsregister von Pontevedra, unter der Blattnummer PO-18.999, Folio 170 des Buches 1.920 der Gesellschaften, 1.<\/td><\/tr><\/tbody><\/table><\/figure>\n\n<p><strong><br\/>EINLEITUNG<\/strong>Diese NUTZUNGSBEDINGUNGEN F\u00dcR DIE WEBSITE regeln die Bedingungen f\u00fcr den Zugang und die Nutzung von https:\/\/www.extrugasa.com\/, im Folgenden die &#8220;Website&#8221;, Eigentum von EXTRUSIONADOS GALICIA S.A.U., mit Sitz in Lg Campa\u00f1a S\/N 36645 &#8211; (Valga) &#8211; Pontevedra und mit der NIF A15041916, im Folgenden &#8220;TCUW&#8221;, die der Nutzer der Website lesen und akzeptieren muss, um alle von der Website angebotenen Dienstleistungen und Informationen nutzen zu k\u00f6nnen.<strong><\/strong><br\/>Sie und TCUW, der Eigent\u00fcmer der Website, k\u00f6nnen gemeinsam als die Parteien bezeichnet werden.<br\/>Der blo\u00dfe Zugriff oder die Nutzung der Website, aller oder eines Teils ihrer Inhalte und Dienstleistungen bedeutet die vollst\u00e4ndige Annahme dieser Nutzungsbedingungen. Die Bereitstellung und Nutzung der Website unterliegt der strikten Einhaltung der Bedingungen, die in diesen Nutzungsbedingungen f\u00fcr die Website aufgef\u00fchrt sind.<\/p>\n\n<ol class=\"wp-block-list\"><\/ol>\n\n<p><strong><br\/>2. nUTZUNGSBEDINGUNGEN:<\/strong>Diese Nutzungsbedingungen der Website, im Folgenden &#8220;NUTZUNGSBEDINGUNGEN DER WEBSITE&#8221; genannt, regeln den Zugang zu und die Nutzung der Website, einschlie\u00dflich der Inhalte und Dienstleistungen, die den Nutzern auf und\/oder \u00fcber die Website zur Verf\u00fcgung gestellt werden, entweder durch EXTRUSIONADOS GALICIA S.A.U., durch ihre Nutzer oder durch Dritte.<strong><\/strong> Der Zugang zu und die Nutzung von bestimmten Inhalten und\/oder Diensten kann jedoch an bestimmte Bedingungen gekn\u00fcpft sein.<\/p>\n\n<p><strong><br\/>\u00c4NDERUNGEN<\/strong>EXTRUSIONADOS GALICIA S.A.U. beh\u00e4lt sich das Recht vor, diese TCUW jederzeit zu \u00e4ndern.<strong><\/strong> Es wird auf jeden Fall empfohlen, sie regelm\u00e4\u00dfig zu konsultieren, da sie ge\u00e4ndert werden k\u00f6nnen.<\/p>\n\n<p><strong>4.<br\/> INFORMATIONEN UND DIENSTLEISTUNGEN:<\/strong>Nutzer k\u00f6nnen \u00fcber die Website auf verschiedene Arten von Informationen und Dienstleistungen zugreifen.<strong><\/strong> EXTRUSIONADOS GALICIA S.A.U. beh\u00e4lt sich das Recht vor, jederzeit und ohne vorherige Ank\u00fcndigung die Pr\u00e4sentation und Konfiguration der auf der Website angebotenen Informationen und Dienstleistungen zu \u00e4ndern. Der Nutzer erkennt ausdr\u00fccklich an und akzeptiert, dass EXTRUSIONADOS GALICIA S.A.U. jederzeit jegliche Informationen oder Dienste unterbrechen, deaktivieren und\/oder stornieren kann. EXTRUSIONADOS GALICIA S.A.U. bem\u00fcht sich nach besten Kr\u00e4ften, die Verf\u00fcgbarkeit und Zug\u00e4nglichkeit der Website zu gew\u00e4hrleisten. Es kann jedoch vorkommen, dass der Zugang zur Website aus Gr\u00fcnden der Wartung, der Aktualisierung, des Standortwechsels usw. unterbrochen wird.<\/p>\n\n<p><strong>5.<br\/> VERF\u00dcGBARKEIT DER INFORMATIONEN UND DIENSTLEISTUNGEN DER WEBSEITE:<\/strong>EXTRUSIONADOS GALICIA S.A.U. garantiert nicht die ununterbrochene und st\u00e4ndige Verf\u00fcgbarkeit der Dienstleistungen und ist somit von jeglicher Verantwortung f\u00fcr eventuelle Sch\u00e4den befreit, die infolge der mangelnden Verf\u00fcgbarkeit des Dienstes aufgrund h\u00f6herer Gewalt oder Fehlern in den telematischen Daten\u00fcbertragungsnetzen, die sich seiner Kontrolle entziehen, oder aufgrund von Unterbrechungen durch Verbesserungs- oder Wartungsarbeiten an den Ger\u00e4ten und Computersystemen entstehen.<strong><\/strong><br\/>In diesen F\u00e4llen wird sich EXTRUSIONADOS GALICIA S.A.U. nach besten Kr\u00e4ften bem\u00fchen, die Dienstleistungen wieder in vollem Umfang verf\u00fcgbar zu machen und Sie \u00fcber die m\u00f6gliche Nichtverf\u00fcgbarkeit derselben zu informieren. EXTRUSIONADOS GALICIA S.A.U. ist nicht verantwortlich f\u00fcr die Unterbrechung, Aussetzung oder Beendigung der Informationen oder Dienstleistungen. Ebenso \u00fcbernimmt sie keine Verantwortung f\u00fcr eventuelle Auslassungen, den Verlust von Informationen, Daten, Konfigurationen, unrechtm\u00e4\u00dfigen Zugriff oder die Verletzung der Vertraulichkeit, die auf technische Probleme, Kommunikation oder menschliche Vers\u00e4umnisse zur\u00fcckzuf\u00fchren sind, die von Dritten verursacht wurden oder EXTRUSIONADOS GALICIA S.A.U. nicht zuzuschreiben sind. Sie haftet auch nicht f\u00fcr Sch\u00e4den, die durch Computerangriffe oder durch Viren verursacht werden, die Computerprogramme, Kommunikationssysteme oder von EXTRUSIONADOS GALICIA S.A.U. verwendete, aber von Dritten hergestellte oder bereitgestellte Ger\u00e4te befallen.<br\/>EXTRUSIONADOS GALICIA S.A.U. kann nach eigenem Ermessen jederzeit und ohne Vorank\u00fcndigung den Zugang zu den Informationen und Diensten f\u00fcr diejenigen Nutzer verweigern, die sich nicht an diese Regeln halten, zur\u00fcckziehen, aussetzen und\/oder sperren.<\/p>\n\n<p><strong>6.<br\/> HAFTUNG DER WEBSITE:<\/strong>Au\u00dfer in den F\u00e4llen, in denen das Gesetz ausdr\u00fccklich das Gegenteil vorschreibt, und ausschlie\u00dflich in dem Umfang und Ausma\u00df, in dem es dies vorschreibt, \u00fcbernimmt EXTRUSIONADOS GALICIA S.A.U. keine Garantie oder Verantwortung f\u00fcr m\u00f6gliche Sch\u00e4den, die durch die Nutzung und Verwendung der Informationen, Daten und Dienstleistungen der Website verursacht werden.<strong><\/strong><br\/>In jedem Fall ist EXTRUSIONADOS GALICIA S.A.U. von jeglicher Haftung f\u00fcr Sch\u00e4den ausgeschlossen, die auf Informationen und\/oder Dienstleistungen zur\u00fcckzuf\u00fchren sind, die von anderen Dritten als EXTRUSIONADOS GALICIA S.A.U. bereitgestellt oder geliefert werden.<\/p>\n\n<p><strong>7.<br\/> VERPFLICHTUNGEN DES NUTZERS<\/strong>Der Nutzer ist verpflichtet, die vorliegenden AVB jederzeit einzuhalten.<strong><\/strong> Der Nutzer erkl\u00e4rt ausdr\u00fccklich, dass er die Website sorgf\u00e4ltig nutzen wird und \u00fcbernimmt jede Haftung, die sich aus der Nichteinhaltung der Regeln ergeben kann.<br\/>Der Benutzer verpflichtet sich, in F\u00e4llen, in denen er um Daten oder Informationen gebeten wird, seine Identit\u00e4t nicht zu f\u00e4lschen, indem er sich als eine andere Person ausgibt. Der Nutzer akzeptiert, dass die Nutzung der Website ausschlie\u00dflich f\u00fcr pers\u00f6nliche, private und besondere Zwecke erfolgt. Der Nutzer darf die Website nicht f\u00fcr Aktivit\u00e4ten nutzen, die gegen das Gesetz, die Moral und die \u00f6ffentliche Ordnung versto\u00dfen, oder f\u00fcr Zwecke, die verboten sind oder die Rechte Dritter verletzen oder verletzen.<br\/>Ebenso ist die Verbreitung, Speicherung und\/oder Verwaltung von Daten oder Inhalten, die die Rechte Dritter oder Vorschriften zum Schutz des geistigen oder gewerblichen Eigentums verletzen, verboten.<br\/>Sie d\u00fcrfen die Website nicht nutzen, um Daten oder Inhalte zu \u00fcbertragen, zu speichern, zu verbreiten, zu f\u00f6rdern oder zu vertreiben, die Viren oder andere Computercodes, Dateien oder Programme enthalten, die dazu bestimmt sind, den Betrieb von Computer- oder Telekommunikationsger\u00e4ten oder Software zu unterbrechen, zu zerst\u00f6ren oder zu beeintr\u00e4chtigen.<br\/>Der Nutzer verpflichtet sich, EXTRUSIONADOS GALICIA S.A.U. f\u00fcr alle Sch\u00e4den, Nachteile, Sanktionen, Bu\u00dfgelder, Strafen oder Entsch\u00e4digungen zu entsch\u00e4digen und schadlos zu halten, die EXTRUSIONADOS GALICIA S.A.U. infolge der Nichterf\u00fcllung der im vorliegenden Dokument enthaltenen Verpflichtungen durch den Nutzer entstehen k\u00f6nnten.<\/p>\n\n<p><strong>8.<br\/> PERS\u00d6NLICHE DATEN<\/strong>Die vom Nutzer zur Verf\u00fcgung gestellten pers\u00f6nlichen Informationen oder Daten werden in \u00dcbereinstimmung mit den Bestimmungen der auf dieser Website enthaltenen Datenschutzrichtlinie behandelt.<strong><\/strong><\/p>\n\n<p><strong>9.<br\/> LINKS ZU ANDEREN WEBSITES<\/strong>EXTRUSIONADOS GALICIA S.A.U. \u00fcbernimmt keine Garantie oder Verantwortung f\u00fcr Sch\u00e4den, die durch den Zugang zu Diensten Dritter \u00fcber Verbindungen, Links oder Verkn\u00fcpfungen zu den verlinkten Seiten entstehen, noch f\u00fcr die Richtigkeit oder Zuverl\u00e4ssigkeit derselben.<strong><\/strong> Die Funktion der erscheinenden Links besteht ausschlie\u00dflich darin, den Kunden \u00fcber das Vorhandensein anderer Informationsquellen im Internet zu informieren, wo er die vom Portal angebotenen Dienste erweitern kann. EXTRUSIONADOS GALICIA S.A.U. ist in keinem Fall verantwortlich f\u00fcr die Ergebnisse, die \u00fcber diese Links erzielt werden, oder f\u00fcr die Folgen, die sich aus dem Zugriff der Kunden auf diese Links ergeben. Diese Dienstleistungen Dritter werden von letzteren erbracht, so dass EXTRUSIONADOS GALICIA S.A.U. die Rechtm\u00e4\u00dfigkeit der Dienstleistungen oder deren Qualit\u00e4t nicht kontrollieren kann und dies auch nicht tut. Folglich muss der Kunde \u00e4u\u00dferste Vorsicht walten lassen, wenn er die in den Inhalten Dritter enthaltenen Informationen und Dienste bewertet und nutzt.<\/p>\n\n<p><strong>10.<br\/> GEISTIGES UND GEWERBLICHES EIGENTUM<\/strong>Alle Inhalte, Marken, Logos, Zeichnungen, Dokumentationen, Computerprogramme oder andere Elemente, die durch die Gesetzgebung zum geistigen oder gewerblichen Eigentum gesch\u00fctzt werden k\u00f6nnen und die auf der Website zug\u00e4nglich sind, geh\u00f6ren ausschlie\u00dflich EXTRUSIONADOS GALICIA S.A.U. oder ihren rechtm\u00e4\u00dfigen Eigent\u00fcmern und alle Rechte daran sind ausdr\u00fccklich vorbehalten.<strong><\/strong> Die Einrichtung von Hypertext-Links zu irgendeinem Element der Website ohne die Genehmigung von EXTRUSIONADOS GALICIA S.A.U. ist ausdr\u00fccklich untersagt, vorausgesetzt, sie f\u00fchren nicht zu einem Teil der Website, der keine Identifizierung oder Authentifizierung f\u00fcr den Zugang erfordert oder dessen Zugang beschr\u00e4nkt ist.<br\/>In jedem Fall beh\u00e4lt sich EXTRUSIONADOS GALICIA S.A.U. alle Rechte an den Inhalten, Informationen, Daten und Diensten vor, \u00fcber die sie verf\u00fcgt. EXTRUSIONADOS GALICIA S.A.U. gew\u00e4hrt dem Nutzer seiner Inhalte, Daten oder Dienstleistungen keine anderen Lizenzen oder Genehmigungen zur Nutzung als die, die ausdr\u00fccklich in diesen AVB aufgef\u00fchrt sind.<\/p>\n\n<p><strong>11.<br\/> ANWENDBARES RECHT, GERICHTSSTAND UND BEKANNTMACHUNGEN<\/strong>Diese AVB unterliegen den Gesetzen Spaniens und werden in \u00dcbereinstimmung mit diesen ausgelegt.<strong><\/strong> Die Gerichte des spanischen Hoheitsgebiets sind f\u00fcr alle Anspr\u00fcche zust\u00e4ndig. Alle Benachrichtigungen, Anforderungen, Anfragen und andere Mitteilungen, die der Nutzer an EXTRUSIONADOS GALICIA S.A.U., den Eigent\u00fcmer dieser Website, richten m\u00f6chte, m\u00fcssen schriftlich erfolgen und gelten als ordnungsgem\u00e4\u00df erfolgt, wenn sie unter der folgenden Adresse eingegangen sind: protecciondedatos@extrugasa.com.<\/p>\n","protected":false},"excerpt":{"rendered":"<p>Um Artikel 10 des Gesetzes 34\/2002 \u00fcber Dienstleistungen der Informationsgesellschaft und des elektronischen Handels zu entsprechen, informieren wir den Benutzer \u00fcber unsere Daten: Extrugasa Name des Unternehmens Extrusionados Galicia S.A.U. NIF A15041916 Eingetragener Firmensitz Lg Campa\u00f1a S\/N 36645 &#8211; (Valga) &#8211; Pontevedra Telefon +34 986 564 009 E-Mail Adresse protecciondedatos@extrugasa.com Einzelheiten zur Eintragung ins Handelsregister [&hellip;]<\/p>\n","protected":false},"author":3,"featured_media":0,"parent":0,"menu_order":0,"comment_status":"closed","ping_status":"closed","template":"","meta":{"_monsterinsights_skip_tracking":false,"_monsterinsights_sitenote_active":false,"_monsterinsights_sitenote_note":"","_monsterinsights_sitenote_category":0,"footnotes":""},"class_list":["post-7805","page","type-page","status-publish","hentry"],"yoast_head":"<!-- This site is optimized with the Yoast SEO plugin v27.5 - https:\/\/yoast.com\/product\/yoast-seo-wordpress\/ -->\n<title>| Extrugasa<\/title>\n<meta name=\"description\" content=\"Um Artikel 10 des Gesetzes 34\/2002 \u00fcber Dienste der Informationsgesellschaft und Post zu erf\u00fcllen.\" \/>\n<meta name=\"robots\" content=\"index, follow, max-snippet:-1, max-image-preview:large, max-video-preview:-1\" \/>\n<link rel=\"canonical\" href=\"https:\/\/www.extrugasa.com\/de\/rechtlicher-hinweis\" \/>\n<meta property=\"og:locale\" content=\"de_DE\" \/>\n<meta property=\"og:type\" content=\"article\" \/>\n<meta property=\"og:title\" content=\"| Extrugasa\" \/>\n<meta property=\"og:description\" content=\"Um Artikel 10 des Gesetzes 34\/2002 \u00fcber Dienste der Informationsgesellschaft und Post zu erf\u00fcllen.\" \/>\n<meta property=\"og:url\" content=\"https:\/\/www.extrugasa.com\/de\/rechtlicher-hinweis\" \/>\n<meta property=\"og:site_name\" content=\"Extrugasa\" \/>\n<meta property=\"article:modified_time\" content=\"2026-02-23T16:21:00+00:00\" \/>\n<meta name=\"twitter:card\" content=\"summary_large_image\" \/>\n<meta name=\"twitter:label1\" content=\"Gesch\u00e4tzte Lesezeit\" \/>\n\t<meta name=\"twitter:data1\" content=\"7\u00a0Minuten\" \/>\n<script type=\"application\/ld+json\" class=\"yoast-schema-graph\">{\"@context\":\"https:\\\/\\\/schema.org\",\"@graph\":[{\"@type\":\"WebPage\",\"@id\":\"https:\\\/\\\/www.extrugasa.com\\\/de\\\/rechtlicher-hinweis\",\"url\":\"https:\\\/\\\/www.extrugasa.com\\\/de\\\/rechtlicher-hinweis\",\"name\":\"| Extrugasa\",\"isPartOf\":{\"@id\":\"https:\\\/\\\/www.extrugasa.com\\\/de#website\"},\"datePublished\":\"2024-06-18T13:20:50+00:00\",\"dateModified\":\"2026-02-23T16:21:00+00:00\",\"description\":\"Um Artikel 10 des Gesetzes 34\\\/2002 \u00fcber Dienste der Informationsgesellschaft und Post zu erf\u00fcllen.\",\"breadcrumb\":{\"@id\":\"https:\\\/\\\/www.extrugasa.com\\\/de\\\/rechtlicher-hinweis#breadcrumb\"},\"inLanguage\":\"de\",\"potentialAction\":[{\"@type\":\"ReadAction\",\"target\":[\"https:\\\/\\\/www.extrugasa.com\\\/de\\\/rechtlicher-hinweis\"]}]},{\"@type\":\"BreadcrumbList\",\"@id\":\"https:\\\/\\\/www.extrugasa.com\\\/de\\\/rechtlicher-hinweis#breadcrumb\",\"itemListElement\":[{\"@type\":\"ListItem\",\"position\":1,\"name\":\"Startseite\",\"item\":\"https:\\\/\\\/www.extrugasa.com\\\/de\"},{\"@type\":\"ListItem\",\"position\":2,\"name\":\"Rechtlicher Hinweis\"}]},{\"@type\":\"WebSite\",\"@id\":\"https:\\\/\\\/www.extrugasa.com\\\/de#website\",\"url\":\"https:\\\/\\\/www.extrugasa.com\\\/de\",\"name\":\"Extrugasa\",\"description\":\"Proveedor de aluminio\",\"potentialAction\":[{\"@type\":\"SearchAction\",\"target\":{\"@type\":\"EntryPoint\",\"urlTemplate\":\"https:\\\/\\\/www.extrugasa.com\\\/de?s={search_term_string}\"},\"query-input\":{\"@type\":\"PropertyValueSpecification\",\"valueRequired\":true,\"valueName\":\"search_term_string\"}}],\"inLanguage\":\"de\"}]}<\/script>\n<!-- \/ Yoast SEO plugin. -->","yoast_head_json":{"title":"| Extrugasa","description":"Um Artikel 10 des Gesetzes 34\/2002 \u00fcber Dienste der Informationsgesellschaft und Post zu erf\u00fcllen.","robots":{"index":"index","follow":"follow","max-snippet":"max-snippet:-1","max-image-preview":"max-image-preview:large","max-video-preview":"max-video-preview:-1"},"canonical":"https:\/\/www.extrugasa.com\/de\/rechtlicher-hinweis","og_locale":"de_DE","og_type":"article","og_title":"| Extrugasa","og_description":"Um Artikel 10 des Gesetzes 34\/2002 \u00fcber Dienste der Informationsgesellschaft und Post zu erf\u00fcllen.","og_url":"https:\/\/www.extrugasa.com\/de\/rechtlicher-hinweis","og_site_name":"Extrugasa","article_modified_time":"2026-02-23T16:21:00+00:00","twitter_card":"summary_large_image","twitter_misc":{"Gesch\u00e4tzte Lesezeit":"7\u00a0Minuten"},"schema":{"@context":"https:\/\/schema.org","@graph":[{"@type":"WebPage","@id":"https:\/\/www.extrugasa.com\/de\/rechtlicher-hinweis","url":"https:\/\/www.extrugasa.com\/de\/rechtlicher-hinweis","name":"| Extrugasa","isPartOf":{"@id":"https:\/\/www.extrugasa.com\/de#website"},"datePublished":"2024-06-18T13:20:50+00:00","dateModified":"2026-02-23T16:21:00+00:00","description":"Um Artikel 10 des Gesetzes 34\/2002 \u00fcber Dienste der Informationsgesellschaft und Post zu erf\u00fcllen.","breadcrumb":{"@id":"https:\/\/www.extrugasa.com\/de\/rechtlicher-hinweis#breadcrumb"},"inLanguage":"de","potentialAction":[{"@type":"ReadAction","target":["https:\/\/www.extrugasa.com\/de\/rechtlicher-hinweis"]}]},{"@type":"BreadcrumbList","@id":"https:\/\/www.extrugasa.com\/de\/rechtlicher-hinweis#breadcrumb","itemListElement":[{"@type":"ListItem","position":1,"name":"Startseite","item":"https:\/\/www.extrugasa.com\/de"},{"@type":"ListItem","position":2,"name":"Rechtlicher Hinweis"}]},{"@type":"WebSite","@id":"https:\/\/www.extrugasa.com\/de#website","url":"https:\/\/www.extrugasa.com\/de","name":"Extrugasa","description":"Proveedor de aluminio","potentialAction":[{"@type":"SearchAction","target":{"@type":"EntryPoint","urlTemplate":"https:\/\/www.extrugasa.com\/de?s={search_term_string}"},"query-input":{"@type":"PropertyValueSpecification","valueRequired":true,"valueName":"search_term_string"}}],"inLanguage":"de"}]}},"_links":{"self":[{"href":"https:\/\/www.extrugasa.com\/de\/wp-json\/wp\/v2\/pages\/7805","targetHints":{"allow":["GET"]}}],"collection":[{"href":"https:\/\/www.extrugasa.com\/de\/wp-json\/wp\/v2\/pages"}],"about":[{"href":"https:\/\/www.extrugasa.com\/de\/wp-json\/wp\/v2\/types\/page"}],"author":[{"embeddable":true,"href":"https:\/\/www.extrugasa.com\/de\/wp-json\/wp\/v2\/users\/3"}],"replies":[{"embeddable":true,"href":"https:\/\/www.extrugasa.com\/de\/wp-json\/wp\/v2\/comments?post=7805"}],"version-history":[{"count":1,"href":"https:\/\/www.extrugasa.com\/de\/wp-json\/wp\/v2\/pages\/7805\/revisions"}],"predecessor-version":[{"id":7807,"href":"https:\/\/www.extrugasa.com\/de\/wp-json\/wp\/v2\/pages\/7805\/revisions\/7807"}],"wp:attachment":[{"href":"https:\/\/www.extrugasa.com\/de\/wp-json\/wp\/v2\/media?parent=7805"}],"curies":[{"name":"wp","href":"https:\/\/api.w.org\/{rel}","templated":true}]}}